{"id":1322,"date":"2023-08-07T08:41:35","date_gmt":"2023-08-07T06:41:35","guid":{"rendered":"http:\/\/asc-concept.com\/secugris\/?page_id=1322"},"modified":"2023-09-18T09:49:10","modified_gmt":"2023-09-18T07:49:10","slug":"recrutement","status":"publish","type":"page","link":"http:\/\/asc-concept.com\/secugris\/recrutement\/","title":{"rendered":"Recrutement"},"content":{"rendered":"<div class=\"wpb-content-wrapper\"><p>[vc_row bg_type=\u00a0\u00bbimage\u00a0\u00bb parallax_style=\u00a0\u00bbvcpb-default\u00a0\u00bb bg_image_new=\u00a0\u00bbid^1630|url^http:\/\/asc-concept.com\/secugris\/wp-content\/uploads\/sites\/104\/2023\/08\/bkd-03.png|caption^null|alt^null|title^bkd-03|description^null\u00a0\u00bb bg_image_size=\u00a0\u00bbinitial\u00a0\u00bb bg_override=\u00a0\u00bbfull\u00a0\u00bb css=\u00a0\u00bb.vc_custom_1691671279974{margin-top: 0px !important;margin-bottom: 0px !important;padding-top: 70px !important;}\u00a0\u00bb][vc_column][vc_column_text]<\/p>\n<h2><span style=\"color: #ffffff;\">REJOIGNEZ<\/span> <span style=\"color: #c3a86c;\">NOUS<\/span><\/h2>\n<p>[\/vc_column_text][\/vc_column][\/vc_row][vc_row content_placement=\u00a0\u00bbtop\u00a0\u00bb bg_type=\u00a0\u00bbimage\u00a0\u00bb parallax_style=\u00a0\u00bbvcpb-default\u00a0\u00bb bg_image_new=\u00a0\u00bbid^1630|url^http:\/\/asc-concept.com\/secugris\/wp-content\/uploads\/sites\/104\/2023\/08\/bkd-03.png|caption^null|alt^null|title^bkd-03|description^null\u00a0\u00bb bg_image_size=\u00a0\u00bbinitial\u00a0\u00bb bg_override=\u00a0\u00bbfull\u00a0\u00bb type=\u00a0\u00bbvc_default\u00a0\u00bb css=\u00a0\u00bb.vc_custom_1691671324873{padding-bottom: 40px !important;}\u00a0\u00bb][vc_column width=\u00a0\u00bb1\/2&Prime; offset=\u00a0\u00bbvc_col-lg-4 vc_col-md-4&Prime;][vc_column_text]Vous d\u00e9sirez postuler et int\u00e9grer la soci\u00e9t\u00e9 ARIS S\u00e9curit\u00e9.<\/p>\n<p>Vous souhaitez r\u00e9aliser des missions dans les secteurs \u00e9v\u00e9nementiel, tertiaire et industriel.<\/p>\n<p><strong>Contactez nous au (33)1 23 45 67 89<br \/>\n<\/strong><\/p>\n<p>Vous pouvez \u00e9galement renseigner le formulaire de candidature, avec les documents n\u00e9cessaires.[\/vc_column_text]<style type=\"text\/css\" data-type=\"the7_shortcodes-inline-css\">.icon-with-text-shortcode.icon-text-id-d800f05aa7b78a400156aabf64c6203d .text-icon {\n  width: 24px;\n  height: 24px;\n  line-height: 24px;\n  font-size: 24px;\n  border-radius: 0px;\n  margin: 0px 10px 10px 0px;\n}\n.icon-with-text-shortcode.icon-text-id-d800f05aa7b78a400156aabf64c6203d .text-icon .icon-inner {\n  min-width: 24px;\n  min-height: 24px;\n  border-radius: 0px;\n}\n@media all and (-ms-high-contrast: none) {\n  .icon-with-text-shortcode.icon-text-id-d800f05aa7b78a400156aabf64c6203d .text-icon .icon-inner {\n    height: 24px;\n  }\n}\n.icon-with-text-shortcode.icon-text-id-d800f05aa7b78a400156aabf64c6203d .text-icon .dt-hover-icon {\n  line-height: 24px;\n}\n.icon-with-text-shortcode.icon-text-id-d800f05aa7b78a400156aabf64c6203d .text-icon:before,\n.icon-with-text-shortcode.icon-text-id-d800f05aa7b78a400156aabf64c6203d .text-icon:after,\n.icon-with-text-shortcode.icon-text-id-d800f05aa7b78a400156aabf64c6203d .text-icon .icon-inner:before,\n.icon-with-text-shortcode.icon-text-id-d800f05aa7b78a400156aabf64c6203d .text-icon .icon-inner:after {\n  min-width: 100%;\n  min-height: 100%;\n  padding: inherit;\n  border-radius: inherit;\n}\n.icon-with-text-shortcode.icon-text-id-d800f05aa7b78a400156aabf64c6203d .text-icon.dt-icon-border-on:before {\n  border-width: 0px;\n  border-style: solid;\n}\n.dt-icon-border-dashed.icon-with-text-shortcode.icon-text-id-d800f05aa7b78a400156aabf64c6203d .text-icon.dt-icon-border-on:before {\n  border-style: dashed;\n}\n.dt-icon-border-dotted.icon-with-text-shortcode.icon-text-id-d800f05aa7b78a400156aabf64c6203d .text-icon.dt-icon-border-on:before {\n  border-style: dotted;\n}\n.dt-icon-border-double.icon-with-text-shortcode.icon-text-id-d800f05aa7b78a400156aabf64c6203d .text-icon.dt-icon-border-on:before {\n  border-style: double;\n}\n.icon-with-text-shortcode.icon-text-id-d800f05aa7b78a400156aabf64c6203d .text-icon.dt-icon-border-dashed.dt-icon-border-on:before {\n  border-style: dashed;\n}\n.icon-with-text-shortcode.icon-text-id-d800f05aa7b78a400156aabf64c6203d .text-icon.dt-icon-border-dotted.dt-icon-border-on:before {\n  border-style: dotted;\n}\n.icon-with-text-shortcode.icon-text-id-d800f05aa7b78a400156aabf64c6203d .text-icon.dt-icon-border-double.dt-icon-border-on:before {\n  border-style: double;\n}\n.icon-with-text-shortcode.icon-text-id-d800f05aa7b78a400156aabf64c6203d .text-icon.dt-icon-hover-border-on:after {\n  border-width: 0px;\n  border-style: solid;\n}\n.icon-with-text-shortcode.icon-text-id-d800f05aa7b78a400156aabf64c6203d .text-icon.dt-icon-border-dashed.dt-icon-hover-border-on:after {\n  border-style: dashed;\n}\n.icon-with-text-shortcode.icon-text-id-d800f05aa7b78a400156aabf64c6203d .text-icon.dt-icon-border-dotted.dt-icon-hover-border-on:after {\n  border-style: dotted;\n}\n.icon-with-text-shortcode.icon-text-id-d800f05aa7b78a400156aabf64c6203d .text-icon.dt-icon-border-double.dt-icon-hover-border-on:after {\n  border-style: double;\n}\n.icon-with-text-shortcode.icon-text-id-d800f05aa7b78a400156aabf64c6203d .text-icon.dt-icon-hover-on:hover {\n  font-size: 24px;\n}\n#page .icon-with-text-shortcode.icon-text-id-d800f05aa7b78a400156aabf64c6203d .text-icon.dt-icon-hover-on:hover .soc-font-icon,\n#phantom .icon-with-text-shortcode.icon-text-id-d800f05aa7b78a400156aabf64c6203d .text-icon.dt-icon-hover-on:hover .soc-font-icon,\n#page .icon-with-text-shortcode.icon-text-id-d800f05aa7b78a400156aabf64c6203d .text-icon.dt-icon-hover-on:hover .soc-icon,\n#phantom .icon-with-text-shortcode.icon-text-id-d800f05aa7b78a400156aabf64c6203d .text-icon.dt-icon-hover-on:hover .soc-icon {\n  color: #fff;\n  background: none;\n}\n.icon-with-text-shortcode.icon-text-id-d800f05aa7b78a400156aabf64c6203d.layout-1 {\n  grid-template-columns: 24px minmax(0,1fr);\n  grid-column-gap: 10px;\n}\n.icon-with-text-shortcode.icon-text-id-d800f05aa7b78a400156aabf64c6203d.layout-2 {\n  grid-template-columns: minmax(0,1fr) 24px;\n  grid-column-gap: 0px;\n}\n.icon-with-text-shortcode.icon-text-id-d800f05aa7b78a400156aabf64c6203d.layout-2 .text-icon {\n  margin-left: 0;\n}\n.icon-with-text-shortcode.icon-text-id-d800f05aa7b78a400156aabf64c6203d.layout-3 {\n  grid-template-columns: 24px minmax(0,1fr);\n}\n.icon-with-text-shortcode.icon-text-id-d800f05aa7b78a400156aabf64c6203d.layout-3 .dt-text-title {\n  margin-left: 10px;\n}\n.icon-with-text-shortcode.icon-text-id-d800f05aa7b78a400156aabf64c6203d .dt-text-title {\n  margin-bottom: 10px;\n}\n.icon-with-text-shortcode.icon-text-id-d800f05aa7b78a400156aabf64c6203d .dt-text-desc {\n  margin-bottom: 0px;\n  font-size: 16px;\n  line-height: 28px;\n}<\/style><div class=\"icon-with-text-shortcode  icon-text-id-d800f05aa7b78a400156aabf64c6203d layout-3  vc_custom_1691163984358 \" ><span   class=\"text-icon dt-icon-bg-off dt-icon-hover-off\" ><span class=\"icon-inner\"><i class=\"dt-regular-icon soc-icon icomoon-the7-font-the7-map-07\"><\/i><i class=\"dt-hover-icon soc-icon icomoon-the7-font-the7-map-07\"><\/i><\/span><\/span><h5 class=\"dt-text-title\"  >Adresse<\/h5><div class=\"dt-text-desc\">5 rue Pelloutier,<br \/>\n77183 Croissy Beaubourg<\/div><\/div><style type=\"text\/css\" data-type=\"the7_shortcodes-inline-css\">.icon-with-text-shortcode.icon-text-id-dde53cd474fa5be9d93146aea4b5c348 .text-icon {\n  width: 24px;\n  height: 24px;\n  line-height: 24px;\n  font-size: 24px;\n  border-radius: 0px;\n  margin: 0px 10px 10px 0px;\n}\n.icon-with-text-shortcode.icon-text-id-dde53cd474fa5be9d93146aea4b5c348 .text-icon .icon-inner {\n  min-width: 24px;\n  min-height: 24px;\n  border-radius: 0px;\n}\n@media all and (-ms-high-contrast: none) {\n  .icon-with-text-shortcode.icon-text-id-dde53cd474fa5be9d93146aea4b5c348 .text-icon .icon-inner {\n    height: 24px;\n  }\n}\n.icon-with-text-shortcode.icon-text-id-dde53cd474fa5be9d93146aea4b5c348 .text-icon .dt-hover-icon {\n  line-height: 24px;\n}\n.icon-with-text-shortcode.icon-text-id-dde53cd474fa5be9d93146aea4b5c348 .text-icon:before,\n.icon-with-text-shortcode.icon-text-id-dde53cd474fa5be9d93146aea4b5c348 .text-icon:after,\n.icon-with-text-shortcode.icon-text-id-dde53cd474fa5be9d93146aea4b5c348 .text-icon .icon-inner:before,\n.icon-with-text-shortcode.icon-text-id-dde53cd474fa5be9d93146aea4b5c348 .text-icon .icon-inner:after {\n  min-width: 100%;\n  min-height: 100%;\n  padding: inherit;\n  border-radius: inherit;\n}\n.icon-with-text-shortcode.icon-text-id-dde53cd474fa5be9d93146aea4b5c348 .text-icon.dt-icon-border-on:before {\n  border-width: 0px;\n  border-style: solid;\n}\n.dt-icon-border-dashed.icon-with-text-shortcode.icon-text-id-dde53cd474fa5be9d93146aea4b5c348 .text-icon.dt-icon-border-on:before {\n  border-style: dashed;\n}\n.dt-icon-border-dotted.icon-with-text-shortcode.icon-text-id-dde53cd474fa5be9d93146aea4b5c348 .text-icon.dt-icon-border-on:before {\n  border-style: dotted;\n}\n.dt-icon-border-double.icon-with-text-shortcode.icon-text-id-dde53cd474fa5be9d93146aea4b5c348 .text-icon.dt-icon-border-on:before {\n  border-style: double;\n}\n.icon-with-text-shortcode.icon-text-id-dde53cd474fa5be9d93146aea4b5c348 .text-icon.dt-icon-border-dashed.dt-icon-border-on:before {\n  border-style: dashed;\n}\n.icon-with-text-shortcode.icon-text-id-dde53cd474fa5be9d93146aea4b5c348 .text-icon.dt-icon-border-dotted.dt-icon-border-on:before {\n  border-style: dotted;\n}\n.icon-with-text-shortcode.icon-text-id-dde53cd474fa5be9d93146aea4b5c348 .text-icon.dt-icon-border-double.dt-icon-border-on:before {\n  border-style: double;\n}\n.icon-with-text-shortcode.icon-text-id-dde53cd474fa5be9d93146aea4b5c348 .text-icon.dt-icon-hover-border-on:after {\n  border-width: 0px;\n  border-style: solid;\n}\n.icon-with-text-shortcode.icon-text-id-dde53cd474fa5be9d93146aea4b5c348 .text-icon.dt-icon-border-dashed.dt-icon-hover-border-on:after {\n  border-style: dashed;\n}\n.icon-with-text-shortcode.icon-text-id-dde53cd474fa5be9d93146aea4b5c348 .text-icon.dt-icon-border-dotted.dt-icon-hover-border-on:after {\n  border-style: dotted;\n}\n.icon-with-text-shortcode.icon-text-id-dde53cd474fa5be9d93146aea4b5c348 .text-icon.dt-icon-border-double.dt-icon-hover-border-on:after {\n  border-style: double;\n}\n.icon-with-text-shortcode.icon-text-id-dde53cd474fa5be9d93146aea4b5c348 .text-icon.dt-icon-hover-on:hover {\n  font-size: 24px;\n}\n#page .icon-with-text-shortcode.icon-text-id-dde53cd474fa5be9d93146aea4b5c348 .text-icon.dt-icon-hover-on:hover .soc-font-icon,\n#phantom .icon-with-text-shortcode.icon-text-id-dde53cd474fa5be9d93146aea4b5c348 .text-icon.dt-icon-hover-on:hover .soc-font-icon,\n#page .icon-with-text-shortcode.icon-text-id-dde53cd474fa5be9d93146aea4b5c348 .text-icon.dt-icon-hover-on:hover .soc-icon,\n#phantom .icon-with-text-shortcode.icon-text-id-dde53cd474fa5be9d93146aea4b5c348 .text-icon.dt-icon-hover-on:hover .soc-icon {\n  color: #fff;\n  background: none;\n}\n.icon-with-text-shortcode.icon-text-id-dde53cd474fa5be9d93146aea4b5c348.layout-1 {\n  grid-template-columns: 24px minmax(0,1fr);\n  grid-column-gap: 10px;\n}\n.icon-with-text-shortcode.icon-text-id-dde53cd474fa5be9d93146aea4b5c348.layout-2 {\n  grid-template-columns: minmax(0,1fr) 24px;\n  grid-column-gap: 0px;\n}\n.icon-with-text-shortcode.icon-text-id-dde53cd474fa5be9d93146aea4b5c348.layout-2 .text-icon {\n  margin-left: 0;\n}\n.icon-with-text-shortcode.icon-text-id-dde53cd474fa5be9d93146aea4b5c348.layout-3 {\n  grid-template-columns: 24px minmax(0,1fr);\n}\n.icon-with-text-shortcode.icon-text-id-dde53cd474fa5be9d93146aea4b5c348.layout-3 .dt-text-title {\n  margin-left: 10px;\n}\n.icon-with-text-shortcode.icon-text-id-dde53cd474fa5be9d93146aea4b5c348 .dt-text-title {\n  margin-bottom: 10px;\n}\n.icon-with-text-shortcode.icon-text-id-dde53cd474fa5be9d93146aea4b5c348 .dt-text-desc {\n  margin-bottom: 0px;\n  font-size: 16px;\n  line-height: 28px;\n}<\/style><div class=\"icon-with-text-shortcode  icon-text-id-dde53cd474fa5be9d93146aea4b5c348 layout-3  vc_custom_1695023347827 \" ><span   class=\"text-icon dt-icon-bg-off dt-icon-hover-off\" ><span class=\"icon-inner\"><i class=\"dt-regular-icon soc-icon icomoon-the7-font-the7-phone-04\"><\/i><i class=\"dt-hover-icon soc-icon icomoon-the7-font-the7-phone-04\"><\/i><\/span><\/span><h5 class=\"dt-text-title\"  >T\u00e9l\u00e9phone<\/h5><div class=\"dt-text-desc\">(33)1 23 45 67 89<\/div><\/div><style type=\"text\/css\" data-type=\"the7_shortcodes-inline-css\">.icon-with-text-shortcode.icon-text-id-61c3578a186f2edc3120c9b7ab0d10f3 .text-icon {\n  width: 24px;\n  height: 24px;\n  line-height: 24px;\n  font-size: 24px;\n  border-radius: 0px;\n  margin: 0px 10px 10px 0px;\n}\n.icon-with-text-shortcode.icon-text-id-61c3578a186f2edc3120c9b7ab0d10f3 .text-icon .icon-inner {\n  min-width: 24px;\n  min-height: 24px;\n  border-radius: 0px;\n}\n@media all and (-ms-high-contrast: none) {\n  .icon-with-text-shortcode.icon-text-id-61c3578a186f2edc3120c9b7ab0d10f3 .text-icon .icon-inner {\n    height: 24px;\n  }\n}\n.icon-with-text-shortcode.icon-text-id-61c3578a186f2edc3120c9b7ab0d10f3 .text-icon .dt-hover-icon {\n  line-height: 24px;\n}\n.icon-with-text-shortcode.icon-text-id-61c3578a186f2edc3120c9b7ab0d10f3 .text-icon:before,\n.icon-with-text-shortcode.icon-text-id-61c3578a186f2edc3120c9b7ab0d10f3 .text-icon:after,\n.icon-with-text-shortcode.icon-text-id-61c3578a186f2edc3120c9b7ab0d10f3 .text-icon .icon-inner:before,\n.icon-with-text-shortcode.icon-text-id-61c3578a186f2edc3120c9b7ab0d10f3 .text-icon .icon-inner:after {\n  min-width: 100%;\n  min-height: 100%;\n  padding: inherit;\n  border-radius: inherit;\n}\n.icon-with-text-shortcode.icon-text-id-61c3578a186f2edc3120c9b7ab0d10f3 .text-icon.dt-icon-border-on:before {\n  border-width: 0px;\n  border-style: solid;\n}\n.dt-icon-border-dashed.icon-with-text-shortcode.icon-text-id-61c3578a186f2edc3120c9b7ab0d10f3 .text-icon.dt-icon-border-on:before {\n  border-style: dashed;\n}\n.dt-icon-border-dotted.icon-with-text-shortcode.icon-text-id-61c3578a186f2edc3120c9b7ab0d10f3 .text-icon.dt-icon-border-on:before {\n  border-style: dotted;\n}\n.dt-icon-border-double.icon-with-text-shortcode.icon-text-id-61c3578a186f2edc3120c9b7ab0d10f3 .text-icon.dt-icon-border-on:before {\n  border-style: double;\n}\n.icon-with-text-shortcode.icon-text-id-61c3578a186f2edc3120c9b7ab0d10f3 .text-icon.dt-icon-border-dashed.dt-icon-border-on:before {\n  border-style: dashed;\n}\n.icon-with-text-shortcode.icon-text-id-61c3578a186f2edc3120c9b7ab0d10f3 .text-icon.dt-icon-border-dotted.dt-icon-border-on:before {\n  border-style: dotted;\n}\n.icon-with-text-shortcode.icon-text-id-61c3578a186f2edc3120c9b7ab0d10f3 .text-icon.dt-icon-border-double.dt-icon-border-on:before {\n  border-style: double;\n}\n.icon-with-text-shortcode.icon-text-id-61c3578a186f2edc3120c9b7ab0d10f3 .text-icon.dt-icon-hover-border-on:after {\n  border-width: 0px;\n  border-style: solid;\n}\n.icon-with-text-shortcode.icon-text-id-61c3578a186f2edc3120c9b7ab0d10f3 .text-icon.dt-icon-border-dashed.dt-icon-hover-border-on:after {\n  border-style: dashed;\n}\n.icon-with-text-shortcode.icon-text-id-61c3578a186f2edc3120c9b7ab0d10f3 .text-icon.dt-icon-border-dotted.dt-icon-hover-border-on:after {\n  border-style: dotted;\n}\n.icon-with-text-shortcode.icon-text-id-61c3578a186f2edc3120c9b7ab0d10f3 .text-icon.dt-icon-border-double.dt-icon-hover-border-on:after {\n  border-style: double;\n}\n.icon-with-text-shortcode.icon-text-id-61c3578a186f2edc3120c9b7ab0d10f3 .text-icon.dt-icon-hover-on:hover {\n  font-size: 24px;\n}\n#page .icon-with-text-shortcode.icon-text-id-61c3578a186f2edc3120c9b7ab0d10f3 .text-icon.dt-icon-hover-on:hover .soc-font-icon,\n#phantom .icon-with-text-shortcode.icon-text-id-61c3578a186f2edc3120c9b7ab0d10f3 .text-icon.dt-icon-hover-on:hover .soc-font-icon,\n#page .icon-with-text-shortcode.icon-text-id-61c3578a186f2edc3120c9b7ab0d10f3 .text-icon.dt-icon-hover-on:hover .soc-icon,\n#phantom .icon-with-text-shortcode.icon-text-id-61c3578a186f2edc3120c9b7ab0d10f3 .text-icon.dt-icon-hover-on:hover .soc-icon {\n  color: #fff;\n  background: none;\n}\n.icon-with-text-shortcode.icon-text-id-61c3578a186f2edc3120c9b7ab0d10f3.layout-1 {\n  grid-template-columns: 24px minmax(0,1fr);\n  grid-column-gap: 10px;\n}\n.icon-with-text-shortcode.icon-text-id-61c3578a186f2edc3120c9b7ab0d10f3.layout-2 {\n  grid-template-columns: minmax(0,1fr) 24px;\n  grid-column-gap: 0px;\n}\n.icon-with-text-shortcode.icon-text-id-61c3578a186f2edc3120c9b7ab0d10f3.layout-2 .text-icon {\n  margin-left: 0;\n}\n.icon-with-text-shortcode.icon-text-id-61c3578a186f2edc3120c9b7ab0d10f3.layout-3 {\n  grid-template-columns: 24px minmax(0,1fr);\n}\n.icon-with-text-shortcode.icon-text-id-61c3578a186f2edc3120c9b7ab0d10f3.layout-3 .dt-text-title {\n  margin-left: 10px;\n}\n.icon-with-text-shortcode.icon-text-id-61c3578a186f2edc3120c9b7ab0d10f3 .dt-text-title {\n  margin-bottom: 10px;\n}\n.icon-with-text-shortcode.icon-text-id-61c3578a186f2edc3120c9b7ab0d10f3 .dt-text-desc {\n  margin-bottom: 0px;\n  font-size: 16px;\n  line-height: 28px;\n}<\/style><div class=\"icon-with-text-shortcode  icon-text-id-61c3578a186f2edc3120c9b7ab0d10f3 layout-3  vc_custom_1695023332516 \" ><span   class=\"text-icon dt-icon-bg-off dt-icon-hover-off\" ><span class=\"icon-inner\"><i class=\"dt-regular-icon soc-icon icomoon-the7-font-the7-mail-08\"><\/i><i class=\"dt-hover-icon soc-icon icomoon-the7-font-the7-mail-08\"><\/i><\/span><\/span><h5 class=\"dt-text-title\"  >Email<\/h5><div class=\"dt-text-desc\">hello@aris-securite.fr<\/div><\/div>[\/vc_column][vc_column width=\u00a0\u00bb1\/2&Prime; offset=\u00a0\u00bbvc_col-lg-8 vc_col-md-8&Prime;]\n<div class=\"wpcf7 no-js\" id=\"wpcf7-f1723-o1\" lang=\"en-GB\" dir=\"ltr\" data-wpcf7-id=\"1723\">\n<div class=\"screen-reader-response\"><p role=\"status\" aria-live=\"polite\" aria-atomic=\"true\"><\/p> <ul><\/ul><\/div>\n<form action=\"\/secugris\/wp-json\/wp\/v2\/pages\/1322#wpcf7-f1723-o1\" method=\"post\" class=\"wpcf7-form init demo\" aria-label=\"Formulaire de contact\" enctype=\"multipart\/form-data\" novalidate=\"novalidate\" data-status=\"init\">\n<fieldset class=\"hidden-fields-container\"><input type=\"hidden\" name=\"_wpcf7\" value=\"1723\" \/><input type=\"hidden\" name=\"_wpcf7_version\" value=\"6.1.5\" \/><input type=\"hidden\" name=\"_wpcf7_locale\" value=\"en_GB\" \/><input type=\"hidden\" name=\"_wpcf7_unit_tag\" value=\"wpcf7-f1723-o1\" \/><input type=\"hidden\" name=\"_wpcf7_container_post\" value=\"0\" \/><input type=\"hidden\" name=\"_wpcf7_posted_data_hash\" value=\"\" \/>\n<\/fieldset>\n<p><label> Votre nom (obligatoire)<br \/>\n<span class=\"wpcf7-form-control-wrap\" data-name=\"your-name\"><input size=\"40\" maxlength=\"400\" class=\"wpcf7-form-control wpcf7-text wpcf7-validates-as-required\" aria-required=\"true\" aria-invalid=\"false\" value=\"\" type=\"text\" name=\"your-name\" \/><\/span> <\/label>\n<\/p>\n<p><label> Votre adresse de messagerie (obligatoire)<br \/>\n<span class=\"wpcf7-form-control-wrap\" data-name=\"your-email\"><input size=\"40\" maxlength=\"400\" class=\"wpcf7-form-control wpcf7-email wpcf7-validates-as-required wpcf7-text wpcf7-validates-as-email\" aria-required=\"true\" aria-invalid=\"false\" value=\"\" type=\"email\" name=\"your-email\" \/><\/span> <\/label>\n<\/p>\n<p><label> Objet<br \/>\n<span class=\"wpcf7-form-control-wrap\" data-name=\"your-subject\"><input size=\"40\" maxlength=\"400\" class=\"wpcf7-form-control wpcf7-text\" aria-invalid=\"false\" value=\"\" type=\"text\" name=\"your-subject\" \/><\/span> <\/label>\n<\/p>\n<p><label> C.V.<br \/>\n<span class=\"wpcf7-form-control-wrap\" data-name=\"file-111\"><input size=\"40\" class=\"wpcf7-form-control wpcf7-file\" accept=\"audio\/*,video\/*,image\/*\" aria-invalid=\"false\" type=\"file\" name=\"file-111\" \/><\/span> <\/label>\n<\/p>\n<p><label> Photo d'identit\u00e9<br \/>\n<span class=\"wpcf7-form-control-wrap\" data-name=\"file-211\"><input size=\"40\" class=\"wpcf7-form-control wpcf7-file\" accept=\"audio\/*,video\/*,image\/*\" aria-invalid=\"false\" type=\"file\" name=\"file-211\" \/><\/span> <\/label>\n<\/p>\n<p><label> Carte identit\u00e9<br \/>\n<span class=\"wpcf7-form-control-wrap\" data-name=\"file-311\"><input size=\"40\" class=\"wpcf7-form-control wpcf7-file\" accept=\"audio\/*,video\/*,image\/*\" aria-invalid=\"false\" type=\"file\" name=\"file-311\" \/><\/span> <\/label>\n<\/p>\n<p><label> Carte professionnelle<br \/>\n<span class=\"wpcf7-form-control-wrap\" data-name=\"file-411\"><input size=\"40\" class=\"wpcf7-form-control wpcf7-file\" accept=\"audio\/*,video\/*,image\/*\" aria-invalid=\"false\" type=\"file\" name=\"file-411\" \/><\/span> <\/label>\n<\/p>\n<p><label> Carte vitale<br \/>\n<span class=\"wpcf7-form-control-wrap\" data-name=\"file-511\"><input size=\"40\" class=\"wpcf7-form-control wpcf7-file\" accept=\"audio\/*,video\/*,image\/*\" aria-invalid=\"false\" type=\"file\" name=\"file-511\" \/><\/span> <\/label>\n<\/p>\n<p><label> Relev\u00e9 Identit\u00e9 Bancaire<br \/>\n<span class=\"wpcf7-form-control-wrap\" data-name=\"file-611\"><input size=\"40\" class=\"wpcf7-form-control wpcf7-file\" accept=\"audio\/*,video\/*,image\/*\" aria-invalid=\"false\" type=\"file\" name=\"file-611\" \/><\/span> <\/label>\n<\/p>\n<p><label> Justificatif de domicile<br \/>\n<span class=\"wpcf7-form-control-wrap\" data-name=\"file-711\"><input size=\"40\" class=\"wpcf7-form-control wpcf7-file\" accept=\"audio\/*,video\/*,image\/*\" aria-invalid=\"false\" type=\"file\" name=\"file-711\" \/><\/span> <\/label>\n<\/p>\n<p><label> Votre message<br \/>\n<span class=\"wpcf7-form-control-wrap\" data-name=\"your-message\"><textarea cols=\"40\" rows=\"10\" maxlength=\"2000\" class=\"wpcf7-form-control wpcf7-textarea\" aria-invalid=\"false\" name=\"your-message\"><\/textarea><\/span> <\/label><br \/>\n<input class=\"wpcf7-form-control wpcf7-submit has-spinner\" type=\"submit\" value=\"Envoyer\" \/>\n<\/p><div class=\"wpcf7-response-output\" aria-hidden=\"true\"><\/div>\n<\/form>\n<\/div>\n[\/vc_column][\/vc_row]<\/p>\n<\/div>","protected":false},"excerpt":{"rendered":"<p>[vc_row bg_type=\u00a0\u00bbimage\u00a0\u00bb parallax_style=\u00a0\u00bbvcpb-default\u00a0\u00bb bg_image_new=\u00a0\u00bbid^1630|url^http:\/\/asc-concept.com\/secugris\/wp-content\/uploads\/sites\/104\/2023\/08\/bkd-03.png|caption^null|alt^null|title^bkd-03|description^null\u00a0\u00bb bg_image_size=\u00a0\u00bbinitial\u00a0\u00bb bg_override=\u00a0\u00bbfull\u00a0\u00bb css=\u00a0\u00bb.vc_custom_1691671279974{margin-top: 0px !important;margin-bottom: 0px !important;padding-top: 70px !important;}\u00a0\u00bb][vc_column][vc_column_text] REJOIGNEZ NOUS [\/vc_column_text][\/vc_column][\/vc_row][vc_row content_placement=\u00a0\u00bbtop\u00a0\u00bb bg_type=\u00a0\u00bbimage\u00a0\u00bb parallax_style=\u00a0\u00bbvcpb-default\u00a0\u00bb bg_image_new=\u00a0\u00bbid^1630|url^http:\/\/asc-concept.com\/secugris\/wp-content\/uploads\/sites\/104\/2023\/08\/bkd-03.png|caption^null|alt^null|title^bkd-03|description^null\u00a0\u00bb bg_image_size=\u00a0\u00bbinitial\u00a0\u00bb bg_override=\u00a0\u00bbfull\u00a0\u00bb type=\u00a0\u00bbvc_default\u00a0\u00bb css=\u00a0\u00bb.vc_custom_1691671324873{padding-bottom: 40px !important;}\u00a0\u00bb][vc_column width=\u00a0\u00bb1\/2&Prime; offset=\u00a0\u00bbvc_col-lg-4 vc_col-md-4&Prime;][vc_column_text]Vous d\u00e9sirez postuler et int\u00e9grer la soci\u00e9t\u00e9 ARIS S\u00e9curit\u00e9. Vous souhaitez r\u00e9aliser des missions dans les secteurs \u00e9v\u00e9nementiel, tertiaire et industriel. Contactez nous au (33)1 23 45&hellip;<\/p>\n","protected":false},"author":1,"featured_media":0,"parent":0,"menu_order":4,"comment_status":"closed","ping_status":"closed","template":"","meta":{"footnotes":""},"class_list":["post-1322","page","type-page","status-publish","hentry","description-off"],"_links":{"self":[{"href":"http:\/\/asc-concept.com\/secugris\/wp-json\/wp\/v2\/pages\/1322","targetHints":{"allow":["GET"]}}],"collection":[{"href":"http:\/\/asc-concept.com\/secugris\/wp-json\/wp\/v2\/pages"}],"about":[{"href":"http:\/\/asc-concept.com\/secugris\/wp-json\/wp\/v2\/types\/page"}],"author":[{"embeddable":true,"href":"http:\/\/asc-concept.com\/secugris\/wp-json\/wp\/v2\/users\/1"}],"replies":[{"embeddable":true,"href":"http:\/\/asc-concept.com\/secugris\/wp-json\/wp\/v2\/comments?post=1322"}],"version-history":[{"count":0,"href":"http:\/\/asc-concept.com\/secugris\/wp-json\/wp\/v2\/pages\/1322\/revisions"}],"wp:attachment":[{"href":"http:\/\/asc-concept.com\/secugris\/wp-json\/wp\/v2\/media?parent=1322"}],"curies":[{"name":"wp","href":"https:\/\/api.w.org\/{rel}","templated":true}]}}