{"id":1336,"date":"2023-08-07T09:13:36","date_gmt":"2023-08-07T07:13:36","guid":{"rendered":"http:\/\/asc-concept.com\/secugris\/?page_id=1336"},"modified":"2023-10-16T10:05:36","modified_gmt":"2023-10-16T08:05:36","slug":"prevention-securite","status":"publish","type":"page","link":"http:\/\/asc-concept.com\/secugris\/competences\/prevention-securite\/","title":{"rendered":"Pr\u00e9vention s\u00e9curit\u00e9"},"content":{"rendered":"<div class=\"wpb-content-wrapper\"><p>[vc_row bg_type=\u00a0\u00bbimage\u00a0\u00bb parallax_style=\u00a0\u00bbvcpb-default\u00a0\u00bb bg_image_new=\u00a0\u00bbid^1630|url^http:\/\/asc-concept.com\/secugris\/wp-content\/uploads\/sites\/104\/2023\/08\/bkd-03.png|caption^null|alt^null|title^bkd-03|description^null\u00a0\u00bb bg_image_size=\u00a0\u00bbinitial\u00a0\u00bb bg_override=\u00a0\u00bbfull\u00a0\u00bb type=\u00a0\u00bbvc_default\u00a0\u00bb margin_top=\u00a0\u00bb5&Prime; margin_bottom=\u00a0\u00bb15&Prime; css=\u00a0\u00bb.vc_custom_1691674032701{margin-top: 0px !important;margin-bottom: 0px !important;padding-top: 70px !important;}\u00a0\u00bb][vc_column offset=\u00a0\u00bbvc_col-xs-12&Prime;][vc_column_text]<\/p>\n<h2><span style=\"color: #ffffff;\">AGENT DE PR\u00c9VENTION<\/span> <span style=\"color: #c3a86c;\">S\u00c9CURIT\u00c9<\/span><\/h2>\n<p>[\/vc_column_text][\/vc_column][\/vc_row][vc_row gap=\u00a0\u00bb35&Prime; bg_type=\u00a0\u00bbimage\u00a0\u00bb parallax_style=\u00a0\u00bbvcpb-default\u00a0\u00bb bg_image_new=\u00a0\u00bbid^1630|url^http:\/\/asc-concept.com\/secugris\/wp-content\/uploads\/sites\/104\/2023\/08\/bkd-03.png|caption^null|alt^null|title^bkd-03|description^null\u00a0\u00bb bg_image_size=\u00a0\u00bbinitial\u00a0\u00bb bg_override=\u00a0\u00bbfull\u00a0\u00bb type=\u00a0\u00bbvc_default\u00a0\u00bb margin_top=\u00a0\u00bb5&Prime; margin_bottom=\u00a0\u00bb15&Prime; css=\u00a0\u00bb.vc_custom_1696612923761{margin-bottom: 15px !important;}\u00a0\u00bb][vc_column offset=\u00a0\u00bbvc_col-lg-6 vc_col-md-6 vc_col-xs-12&Prime; css=\u00a0\u00bb.vc_custom_1493829169670{padding-bottom: 70px !important;}\u00a0\u00bb]<style type=\"text\/css\" data-type=\"the7_shortcodes-inline-css\">.shortcode-single-image-wrap.shortcode-single-image-155351249a0a58eec06fab85848be136.enable-bg-rollover .rollover i,\n.shortcode-single-image-wrap.shortcode-single-image-155351249a0a58eec06fab85848be136.enable-bg-rollover .rollover-video i {\n  background: -webkit-linear-gradient();\n  background: linear-gradient();\n}\n.shortcode-single-image-wrap.shortcode-single-image-155351249a0a58eec06fab85848be136 .rollover-icon {\n  font-size: 32px;\n  color: #ffffff;\n  min-width: 44px;\n  min-height: 44px;\n  line-height: 44px;\n  border-radius: 100px;\n  border-style: solid;\n  border-width: 0px;\n}\n.dt-icon-bg-on.shortcode-single-image-wrap.shortcode-single-image-155351249a0a58eec06fab85848be136 .rollover-icon {\n  background: rgba(255,255,255,0.3);\n  box-shadow: none;\n}<\/style><div class=\"shortcode-single-image-wrap shortcode-single-image-155351249a0a58eec06fab85848be136 alignnone  vc_custom_1697443534041 enable-bg-rollover dt-icon-bg-off\" ><div class=\"shortcode-single-image\"><div class=\"fancy-media-wrap  layzr-bg\" style=\"\"><img fetchpriority=\"high\" decoding=\"async\" class=\"preload-me lazy-load aspect\" src=\"data:image\/svg+xml,%3Csvg%20xmlns%3D&#39;http%3A%2F%2Fwww.w3.org%2F2000%2Fsvg&#39;%20viewBox%3D&#39;0%200%20900%20450&#39;%2F%3E\" data-src=\"http:\/\/asc-concept.com\/secugris\/wp-content\/uploads\/sites\/104\/2023\/08\/prevention-securite.jpg\" data-srcset=\"http:\/\/asc-concept.com\/secugris\/wp-content\/uploads\/sites\/104\/2023\/08\/prevention-securite.jpg 900w\" loading=\"eager\" sizes=\"(max-width: 900px) 100vw, 900px\" width=\"900\" height=\"450\"  data-dt-location=\"http:\/\/asc-concept.com\/secugris\/prestations\/prevention-securite\/prevention-securite-2\/\" style=\"--ratio: 900 \/ 450;\" alt=\"\" \/><\/div><\/div><\/div>[vc_column_text]Adopter une posture professionnelle et respecter la d\u00e9ontologie, tel est le cadre d&rsquo;intervention de chaque agent de ARIS S\u00e9curit\u00e9.<\/p>\n<p>Au cours de leurs diff\u00e9rentes missions d\u2019intervention, les agents de Pr\u00e9vention et de S\u00e9curit\u00e9 assurent la s\u00e9curit\u00e9 des lieux, des biens et des personnes : filtrage des visiteurs (contr\u00f4le d\u2019acc\u00e8s, gestion des flux, fouilles), surveillance mobile (rondes de s\u00e9curit\u00e9 \u00e0 l\u2019int\u00e9rieur ou \u00e0 l\u2019ext\u00e9rieur des b\u00e2timents), veille \u00e0 distance.[\/vc_column_text][\/vc_column][vc_column offset=\u00a0\u00bbvc_col-lg-6 vc_col-md-6 vc_col-xs-12&Prime; css=\u00a0\u00bb.vc_custom_1493829183360{padding-bottom: 70px !important;}\u00a0\u00bb][vc_column_text]<\/p>\n<h2><span style=\"color: #ffffff;\">SES<\/span> <span style=\"color: #c3a86c;\">MISSIONS<\/span><\/h2>\n<p>[\/vc_column_text]<div class=\"standard-number-list bullet-top\"><ul>\n<li>S\u00e9curiser et surveiller les lieux<\/li>\n<li>L\u2019accueil, l\u2019information et l\u2019orientation du public<\/li>\n<li>Contr\u00f4ler l\u2019acc\u00e8s \u00e0 un b\u00e2timent, en magasin ou \u00e9tablissement recevant du public (ERP)<\/li>\n<li>Pr\u00e9venir et neutraliser tout acte malveillant et intentionnel.<\/li>\n<li>Le respect et la mise en application des consignes de s\u00e9curit\u00e9<\/li>\n<li>V\u00e9rifier et contr\u00f4ler les installations de s\u00e9curit\u00e9s<\/li>\n<li>Effectuer des rondes\u00a0de surveillance<\/li>\n<li>Le secours et l\u2019assistance aux personnes<\/li>\n<li>La protection et l\u2019alerte en cas d\u2019accident<\/li>\n<li>La tenue de la main-courante et autres documents de s\u00e9curit\u00e9<\/li>\n<li>L\u2019\u00e9tablissement de rapports d\u2019\u00e9v\u00e9nements ou d\u2019activit\u00e9<\/li>\n<li>L\u2019accompagnement s\u00e9curis\u00e9 de personnes (professionnel ou particulier)<\/li>\n<\/ul>\n<\/div>[vc_column_text css=\u00a0\u00bb.vc_custom_1696612930546{margin-top: 40px !important;}\u00a0\u00bb]<\/p>\n<h2><span style=\"color: #ffffff;\">SECTEURS<\/span> <span style=\"color: #c3a86c;\">D&rsquo;INTERVENTION<\/span><\/h2>\n<p>[\/vc_column_text]<div class=\"standard-number-list bullet-top\"><ul>\n<li>\u00c9tablissements Recevant du Public (ERP)<\/li>\n<li>Plateformes logistiques<\/li>\n<li>Concerts, concentrations publiques<\/li>\n<li>Centres commerciaux<\/li>\n<li>Industries<\/li>\n<\/ul>\n<\/div>[\/vc_column][\/vc_row][vc_row bg_type=\u00a0\u00bbimage\u00a0\u00bb parallax_style=\u00a0\u00bbvcpb-vz-jquery\u00a0\u00bb bg_image_new=\u00a0\u00bbid^1842|url^http:\/\/asc-concept.com\/secugris\/wp-content\/uploads\/sites\/104\/2023\/10\/prevention-securite.jpg|caption^null|alt^null|title^prevention-securite|description^null\u00a0\u00bb bg_image_repeat=\u00a0\u00bbno-repeat\u00a0\u00bb bg_override=\u00a0\u00bbfull\u00a0\u00bb enable_overlay=\u00a0\u00bbenable_overlay_value\u00a0\u00bb overlay_color=\u00a0\u00bbrgba(33,33,33,0.6)\u00a0\u00bb overlay_pattern=\u00a0\u00bb02.png\u00a0\u00bb overlay_pattern_opacity=\u00a0\u00bb90&Prime; type=\u00a0\u00bbvc_default\u00a0\u00bb css=\u00a0\u00bb.vc_custom_1696611402924{padding-top: 70px !important;padding-bottom: 80px !important;}\u00a0\u00bb][vc_column width=\u00a0\u00bb2\/3&Prime;]<div id=\"ultimate-heading-429169f273e438fda\" class=\"uvc-heading ult-adjust-bottom-margin ultimate-heading-429169f273e438fda uvc-7585 \" data-hspacer=\"no_spacer\"  data-halign=\"left\" style=\"text-align:left\"><div class=\"uvc-heading-spacer no_spacer\" style=\"top\"><\/div><div class=\"uvc-main-heading ult-responsive\"  data-ultimate-target='.uvc-heading.ultimate-heading-429169f273e438fda h2'  data-responsive-json-new='{\"font-size\":\"desktop:32px;\",\"line-height\":\"desktop:42px;\"}' ><h2 style=\"--font-weight:theme;color:#ffffff;margin-bottom:20px;\">Assurer la s\u00e9curit\u00e9 des biens ou des personnes<\/h2><\/div><div class=\"uvc-sub-heading ult-responsive\"  data-ultimate-target='.uvc-heading.ultimate-heading-429169f273e438fda .uvc-sub-heading '  data-responsive-json-new='{\"font-size\":\"desktop:18px;\",\"line-height\":\"desktop:30px;\"}'  style=\"font-weight:normal;color:#ffffff;margin-bottom:30px;\">Missions de pr\u00e9vention, de surveillance et de protection des biens et des personnes, en respectant la l\u00e9gislation et la r\u00e9glementation en vigueur<\/div><\/div><style type=\"text\/css\" data-type=\"the7_shortcodes-inline-css\">#default-btn-8babb1ab42b9aa1a6198532abe79e249.ico-right-side > i {\n  margin-right: 0px;\n  margin-left: 8px;\n}\n#default-btn-8babb1ab42b9aa1a6198532abe79e249 > i {\n  margin-right: 8px;\n}<\/style><a href=\"http:\/\/asc-concept.com\/secugris\/contact\/\" class=\"default-btn-shortcode dt-btn dt-btn-m link-hover-off btn-inline-left \" id=\"default-btn-8babb1ab42b9aa1a6198532abe79e249\" title=\"Contact\"><span>Contactez-nous<\/span><\/a>[\/vc_column][\/vc_row]<\/p>\n<\/div>","protected":false},"excerpt":{"rendered":"<p>[vc_row bg_type=\u00a0\u00bbimage\u00a0\u00bb parallax_style=\u00a0\u00bbvcpb-default\u00a0\u00bb bg_image_new=\u00a0\u00bbid^1630|url^http:\/\/asc-concept.com\/secugris\/wp-content\/uploads\/sites\/104\/2023\/08\/bkd-03.png|caption^null|alt^null|title^bkd-03|description^null\u00a0\u00bb bg_image_size=\u00a0\u00bbinitial\u00a0\u00bb bg_override=\u00a0\u00bbfull\u00a0\u00bb type=\u00a0\u00bbvc_default\u00a0\u00bb margin_top=\u00a0\u00bb5&Prime; margin_bottom=\u00a0\u00bb15&Prime; css=\u00a0\u00bb.vc_custom_1691674032701{margin-top: 0px !important;margin-bottom: 0px !important;padding-top: 70px !important;}\u00a0\u00bb][vc_column offset=\u00a0\u00bbvc_col-xs-12&Prime;][vc_column_text] AGENT DE PR\u00c9VENTION S\u00c9CURIT\u00c9 [\/vc_column_text][\/vc_column][\/vc_row][vc_row gap=\u00a0\u00bb35&Prime; bg_type=\u00a0\u00bbimage\u00a0\u00bb parallax_style=\u00a0\u00bbvcpb-default\u00a0\u00bb bg_image_new=\u00a0\u00bbid^1630|url^http:\/\/asc-concept.com\/secugris\/wp-content\/uploads\/sites\/104\/2023\/08\/bkd-03.png|caption^null|alt^null|title^bkd-03|description^null\u00a0\u00bb bg_image_size=\u00a0\u00bbinitial\u00a0\u00bb bg_override=\u00a0\u00bbfull\u00a0\u00bb type=\u00a0\u00bbvc_default\u00a0\u00bb margin_top=\u00a0\u00bb5&Prime; margin_bottom=\u00a0\u00bb15&Prime; css=\u00a0\u00bb.vc_custom_1696612923761{margin-bottom: 15px !important;}\u00a0\u00bb][vc_column offset=\u00a0\u00bbvc_col-lg-6 vc_col-md-6 vc_col-xs-12&Prime; css=\u00a0\u00bb.vc_custom_1493829169670{padding-bottom: 70px !important;}\u00a0\u00bb][vc_column_text]Adopter une posture professionnelle et respecter la d\u00e9ontologie, tel est le cadre d&rsquo;intervention de chaque agent&hellip;<\/p>\n","protected":false},"author":1,"featured_media":0,"parent":1346,"menu_order":1,"comment_status":"closed","ping_status":"closed","template":"","meta":{"footnotes":""},"class_list":["post-1336","page","type-page","status-publish","hentry","description-off"],"_links":{"self":[{"href":"http:\/\/asc-concept.com\/secugris\/wp-json\/wp\/v2\/pages\/1336","targetHints":{"allow":["GET"]}}],"collection":[{"href":"http:\/\/asc-concept.com\/secugris\/wp-json\/wp\/v2\/pages"}],"about":[{"href":"http:\/\/asc-concept.com\/secugris\/wp-json\/wp\/v2\/types\/page"}],"author":[{"embeddable":true,"href":"http:\/\/asc-concept.com\/secugris\/wp-json\/wp\/v2\/users\/1"}],"replies":[{"embeddable":true,"href":"http:\/\/asc-concept.com\/secugris\/wp-json\/wp\/v2\/comments?post=1336"}],"version-history":[{"count":0,"href":"http:\/\/asc-concept.com\/secugris\/wp-json\/wp\/v2\/pages\/1336\/revisions"}],"up":[{"embeddable":true,"href":"http:\/\/asc-concept.com\/secugris\/wp-json\/wp\/v2\/pages\/1346"}],"wp:attachment":[{"href":"http:\/\/asc-concept.com\/secugris\/wp-json\/wp\/v2\/media?parent=1336"}],"curies":[{"name":"wp","href":"https:\/\/api.w.org\/{rel}","templated":true}]}}