{"id":1340,"date":"2023-08-07T09:20:40","date_gmt":"2023-08-07T07:20:40","guid":{"rendered":"http:\/\/asc-concept.com\/secugris\/?page_id=1340"},"modified":"2023-10-06T19:23:00","modified_gmt":"2023-10-06T17:23:00","slug":"securite-incendie","status":"publish","type":"page","link":"http:\/\/asc-concept.com\/secugris\/competences\/securite-incendie\/","title":{"rendered":"S\u00e9curit\u00e9 incendie"},"content":{"rendered":"<div class=\"wpb-content-wrapper\"><p>[vc_row bg_type=\u00a0\u00bbimage\u00a0\u00bb parallax_style=\u00a0\u00bbvcpb-default\u00a0\u00bb bg_image_new=\u00a0\u00bbid^1630|url^http:\/\/asc-concept.com\/secugris\/wp-content\/uploads\/sites\/104\/2023\/08\/bkd-03.png|caption^null|alt^null|title^bkd-03|description^null\u00a0\u00bb bg_image_size=\u00a0\u00bbinitial\u00a0\u00bb bg_override=\u00a0\u00bbfull\u00a0\u00bb type=\u00a0\u00bbvc_default\u00a0\u00bb margin_top=\u00a0\u00bb5&Prime; margin_bottom=\u00a0\u00bb15&Prime; css=\u00a0\u00bb.vc_custom_1691674409274{margin-top: 0px !important;margin-bottom: 0px !important;padding-top: 70px !important;}\u00a0\u00bb][vc_column offset=\u00a0\u00bbvc_col-xs-12&Prime;][vc_column_text]<\/p>\n<h2><span style=\"color: #ffffff;\">AGENT DE S\u00c9CURIT\u00c9<\/span> <span style=\"color: #c3a86c;\">INCENDIE<\/span><\/h2>\n<p>[\/vc_column_text][\/vc_column][\/vc_row][vc_row gap=\u00a0\u00bb35&Prime; bg_type=\u00a0\u00bbimage\u00a0\u00bb parallax_style=\u00a0\u00bbvcpb-default\u00a0\u00bb bg_image_new=\u00a0\u00bbid^1630|url^http:\/\/asc-concept.com\/secugris\/wp-content\/uploads\/sites\/104\/2023\/08\/bkd-03.png|caption^null|alt^null|title^bkd-03|description^null\u00a0\u00bb bg_image_size=\u00a0\u00bbinitial\u00a0\u00bb bg_override=\u00a0\u00bbfull\u00a0\u00bb type=\u00a0\u00bbvc_default\u00a0\u00bb margin_top=\u00a0\u00bb5&Prime; margin_bottom=\u00a0\u00bb15&Prime; css=\u00a0\u00bb.vc_custom_1696612970236{margin-bottom: 15px !important;}\u00a0\u00bb][vc_column offset=\u00a0\u00bbvc_col-lg-6 vc_col-md-6 vc_col-xs-12&Prime; css=\u00a0\u00bb.vc_custom_1493829169670{padding-bottom: 70px !important;}\u00a0\u00bb]<style type=\"text\/css\" data-type=\"the7_shortcodes-inline-css\">.shortcode-single-image-wrap.shortcode-single-image-1eabcec027b0c257c9b241518290897d.enable-bg-rollover .rollover i,\n.shortcode-single-image-wrap.shortcode-single-image-1eabcec027b0c257c9b241518290897d.enable-bg-rollover .rollover-video i {\n  background: -webkit-linear-gradient();\n  background: linear-gradient();\n}\n.shortcode-single-image-wrap.shortcode-single-image-1eabcec027b0c257c9b241518290897d .rollover-icon {\n  font-size: 32px;\n  color: #ffffff;\n  min-width: 44px;\n  min-height: 44px;\n  line-height: 44px;\n  border-radius: 100px;\n  border-style: solid;\n  border-width: 0px;\n}\n.dt-icon-bg-on.shortcode-single-image-wrap.shortcode-single-image-1eabcec027b0c257c9b241518290897d .rollover-icon {\n  background: rgba(255,255,255,0.3);\n  box-shadow: none;\n}<\/style><div class=\"shortcode-single-image-wrap shortcode-single-image-1eabcec027b0c257c9b241518290897d alignnone  vc_custom_1691509426235 enable-bg-rollover dt-icon-bg-off\" ><div class=\"shortcode-single-image\"><div class=\"fancy-media-wrap  layzr-bg\" style=\"\"><img fetchpriority=\"high\" decoding=\"async\" class=\"preload-me lazy-load aspect\" src=\"data:image\/svg+xml,%3Csvg%20xmlns%3D&#39;http%3A%2F%2Fwww.w3.org%2F2000%2Fsvg&#39;%20viewBox%3D&#39;0%200%20900%20450&#39;%2F%3E\" data-src=\"http:\/\/asc-concept.com\/secugris\/wp-content\/uploads\/sites\/104\/2023\/08\/image-10.jpg\" data-srcset=\"http:\/\/asc-concept.com\/secugris\/wp-content\/uploads\/sites\/104\/2023\/08\/image-10.jpg 900w\" loading=\"eager\" sizes=\"(max-width: 900px) 100vw, 900px\" width=\"900\" height=\"450\"  data-dt-location=\"http:\/\/asc-concept.com\/secugris\/competences\/securite-incendie\/image-10\/\" style=\"--ratio: 900 \/ 450;\" alt=\"\" \/><\/div><\/div><\/div>[vc_column_text]La non-conformit\u00e9 des installations d&rsquo;une entreprise ou le laxisme de certains entrepreneurs ont des cons\u00e9quences parfois dramatiques, entra\u00eenant l&rsquo;arr\u00eat pur et simple de la production ou de graves blessures humaines.<\/p>\n<p>La mission fondamentale des agents de S\u00e9curit\u00e9 Incendie est de pr\u00e9venir l&rsquo;incident ou l&rsquo;accident, tout d&rsquo;abord par la mise en place et le suivi de process, la pr\u00e9vention et le respect des consignes de\u00a0s\u00e9curit\u00e9 incendie, la mise en s\u00e9curit\u00e9 des sites et des personnes, l&rsquo;\u00e9vacuation des occupants, l&rsquo;assistance \u00e0 personnes en danger.<\/p>\n<p>L\u2019ensemble des Agents de S\u00e9curit\u00e9 Incendie de ARIS S\u00e9curit\u00e9 ont re\u00e7u une formation au Service de S\u00e9curit\u00e9 Incendie et d\u2019Aide aux Personnes de diff\u00e9rents niveaux (SSIAP 1,\u00a0SSIAP 2, SSIAP 3\u2026).[\/vc_column_text][\/vc_column][vc_column offset=\u00a0\u00bbvc_col-lg-6 vc_col-md-6 vc_col-xs-12&Prime; css=\u00a0\u00bb.vc_custom_1493829183360{padding-bottom: 70px !important;}\u00a0\u00bb][vc_column_text]<\/p>\n<h2><span style=\"color: #ffffff;\">SES<\/span> <span style=\"color: #c3a86c;\">MISSIONS<\/span><\/h2>\n<p>[\/vc_column_text]<div class=\"standard-number-list bullet-top\"><ul>\n<li>Assure la pr\u00e9vention et la s\u00e9curit\u00e9 incendie dans les ERP et des IGH (Immeuble de grande hauteur).<\/li>\n<li>Surveillance de sites.<\/li>\n<li>Contr\u00f4le d&rsquo;acc\u00e8s en magasin ou \u00e9tablissement recevant du public (ERP)<\/li>\n<li>Secours aux victimes<\/li>\n<li>Appel et r\u00e9ception des services publics de secours<\/li>\n<li>Surveillance du PC<\/li>\n<li>Rondes de s\u00e9curit\u00e9 et surveillance des travaux<\/li>\n<li>Lecture et manipulation des tableaux de signalisation du syst\u00e8me de s\u00e9curit\u00e9 incendie SSI<\/li>\n<li>Application des consignes de s\u00e9curit\u00e9 incendie<\/li>\n<li>Entretien et v\u00e9rification des installations et \u00e9quipements<\/li>\n<\/ul>\n<\/div>[vc_column_text css=\u00a0\u00bb.vc_custom_1696612978931{margin-top: 40px !important;}\u00a0\u00bb]<\/p>\n<h2><span style=\"color: #ffffff;\">SECTEURS<\/span> <span style=\"color: #c3a86c;\">D&rsquo;INTERVENTION<\/span><\/h2>\n<p>[\/vc_column_text]<div class=\"standard-arrow list-divider bullet-top\"><ul>\n<li>\u00c9tablissements Recevant du Public (ERP)<\/li>\n<li>Immeubles de Grande Hauteur (IGH)<\/li>\n<li>Plateformes logistiques<\/li>\n<li>Concerts, concentrations publiques<\/li>\n<li>Centres commerciaux<\/li>\n<li>Industries<\/li>\n<\/ul>\n<\/div>[\/vc_column][\/vc_row][vc_row bg_type=\u00a0\u00bbimage\u00a0\u00bb parallax_style=\u00a0\u00bbvcpb-default\u00a0\u00bb bg_image_new=\u00a0\u00bbid^1601|url^http:\/\/asc-concept.com\/secugris\/wp-content\/uploads\/sites\/104\/2023\/08\/fond-ssiap.jpg|caption^null|alt^null|title^fond-ssiap|description^null\u00a0\u00bb bg_image_repeat=\u00a0\u00bbno-repeat\u00a0\u00bb bg_override=\u00a0\u00bbfull\u00a0\u00bb enable_overlay=\u00a0\u00bbenable_overlay_value\u00a0\u00bb overlay_color=\u00a0\u00bbrgba(33,33,33,0.6)\u00a0\u00bb overlay_pattern=\u00a0\u00bb02.png\u00a0\u00bb overlay_pattern_opacity=\u00a0\u00bb90&Prime; type=\u00a0\u00bbvc_default\u00a0\u00bb css=\u00a0\u00bb.vc_custom_1691674689796{padding-top: 70px !important;padding-bottom: 80px !important;}\u00a0\u00bb][vc_column width=\u00a0\u00bb2\/3&Prime;]<div id=\"ultimate-heading-299669f273d7caa78\" class=\"uvc-heading ult-adjust-bottom-margin ultimate-heading-299669f273d7caa78 uvc-7830 \" data-hspacer=\"no_spacer\"  data-halign=\"left\" style=\"text-align:left\"><div class=\"uvc-heading-spacer no_spacer\" style=\"top\"><\/div><div class=\"uvc-main-heading ult-responsive\"  data-ultimate-target='.uvc-heading.ultimate-heading-299669f273d7caa78 h2'  data-responsive-json-new='{\"font-size\":\"desktop:32px;\",\"line-height\":\"desktop:42px;\"}' ><h2 style=\"--font-weight:theme;color:#ffffff;margin-bottom:20px;\">Prot\u00e9gez votre site<\/h2><\/div><div class=\"uvc-sub-heading ult-responsive\"  data-ultimate-target='.uvc-heading.ultimate-heading-299669f273d7caa78 .uvc-sub-heading '  data-responsive-json-new='{\"font-size\":\"desktop:18px;\",\"line-height\":\"desktop:30px;\"}'  style=\"font-weight:normal;color:#ffffff;margin-bottom:30px;\">Pr\u00e9venir le risque en faisant appliquer les consignes de s\u00e9curit\u00e9, intervenir, donner l\u2019alerte et porter assistance aux personnes en danger.<\/div><\/div><style type=\"text\/css\" data-type=\"the7_shortcodes-inline-css\">#default-btn-8babb1ab42b9aa1a6198532abe79e249.ico-right-side > i {\n  margin-right: 0px;\n  margin-left: 8px;\n}\n#default-btn-8babb1ab42b9aa1a6198532abe79e249 > i {\n  margin-right: 8px;\n}<\/style><a href=\"http:\/\/asc-concept.com\/secugris\/contact\/\" class=\"default-btn-shortcode dt-btn dt-btn-m link-hover-off btn-inline-left \" id=\"default-btn-8babb1ab42b9aa1a6198532abe79e249\" title=\"Contact\"><span>Contactez-nous<\/span><\/a>[\/vc_column][\/vc_row]<\/p>\n<\/div>","protected":false},"excerpt":{"rendered":"<p>[vc_row bg_type=\u00a0\u00bbimage\u00a0\u00bb parallax_style=\u00a0\u00bbvcpb-default\u00a0\u00bb bg_image_new=\u00a0\u00bbid^1630|url^http:\/\/asc-concept.com\/secugris\/wp-content\/uploads\/sites\/104\/2023\/08\/bkd-03.png|caption^null|alt^null|title^bkd-03|description^null\u00a0\u00bb bg_image_size=\u00a0\u00bbinitial\u00a0\u00bb bg_override=\u00a0\u00bbfull\u00a0\u00bb type=\u00a0\u00bbvc_default\u00a0\u00bb margin_top=\u00a0\u00bb5&Prime; margin_bottom=\u00a0\u00bb15&Prime; css=\u00a0\u00bb.vc_custom_1691674409274{margin-top: 0px !important;margin-bottom: 0px !important;padding-top: 70px !important;}\u00a0\u00bb][vc_column offset=\u00a0\u00bbvc_col-xs-12&Prime;][vc_column_text] AGENT DE S\u00c9CURIT\u00c9 INCENDIE [\/vc_column_text][\/vc_column][\/vc_row][vc_row gap=\u00a0\u00bb35&Prime; bg_type=\u00a0\u00bbimage\u00a0\u00bb parallax_style=\u00a0\u00bbvcpb-default\u00a0\u00bb bg_image_new=\u00a0\u00bbid^1630|url^http:\/\/asc-concept.com\/secugris\/wp-content\/uploads\/sites\/104\/2023\/08\/bkd-03.png|caption^null|alt^null|title^bkd-03|description^null\u00a0\u00bb bg_image_size=\u00a0\u00bbinitial\u00a0\u00bb bg_override=\u00a0\u00bbfull\u00a0\u00bb type=\u00a0\u00bbvc_default\u00a0\u00bb margin_top=\u00a0\u00bb5&Prime; margin_bottom=\u00a0\u00bb15&Prime; css=\u00a0\u00bb.vc_custom_1696612970236{margin-bottom: 15px !important;}\u00a0\u00bb][vc_column offset=\u00a0\u00bbvc_col-lg-6 vc_col-md-6 vc_col-xs-12&Prime; css=\u00a0\u00bb.vc_custom_1493829169670{padding-bottom: 70px !important;}\u00a0\u00bb][vc_column_text]La non-conformit\u00e9 des installations d&rsquo;une entreprise ou le laxisme de certains entrepreneurs ont des cons\u00e9quences parfois&hellip;<\/p>\n","protected":false},"author":1,"featured_media":0,"parent":1346,"menu_order":1,"comment_status":"closed","ping_status":"closed","template":"","meta":{"footnotes":""},"class_list":["post-1340","page","type-page","status-publish","hentry","description-off"],"_links":{"self":[{"href":"http:\/\/asc-concept.com\/secugris\/wp-json\/wp\/v2\/pages\/1340","targetHints":{"allow":["GET"]}}],"collection":[{"href":"http:\/\/asc-concept.com\/secugris\/wp-json\/wp\/v2\/pages"}],"about":[{"href":"http:\/\/asc-concept.com\/secugris\/wp-json\/wp\/v2\/types\/page"}],"author":[{"embeddable":true,"href":"http:\/\/asc-concept.com\/secugris\/wp-json\/wp\/v2\/users\/1"}],"replies":[{"embeddable":true,"href":"http:\/\/asc-concept.com\/secugris\/wp-json\/wp\/v2\/comments?post=1340"}],"version-history":[{"count":0,"href":"http:\/\/asc-concept.com\/secugris\/wp-json\/wp\/v2\/pages\/1340\/revisions"}],"up":[{"embeddable":true,"href":"http:\/\/asc-concept.com\/secugris\/wp-json\/wp\/v2\/pages\/1346"}],"wp:attachment":[{"href":"http:\/\/asc-concept.com\/secugris\/wp-json\/wp\/v2\/media?parent=1340"}],"curies":[{"name":"wp","href":"https:\/\/api.w.org\/{rel}","templated":true}]}}