{"id":1346,"date":"2023-08-07T09:37:33","date_gmt":"2023-08-07T07:37:33","guid":{"rendered":"http:\/\/asc-concept.com\/secugris\/?page_id=1346"},"modified":"2023-10-16T09:59:11","modified_gmt":"2023-10-16T07:59:11","slug":"competences","status":"publish","type":"page","link":"http:\/\/asc-concept.com\/secugris\/competences\/","title":{"rendered":"Comp\u00e9tences"},"content":{"rendered":"<div class=\"wpb-content-wrapper\"><p>[vc_row bg_type=\u00a0\u00bbimage\u00a0\u00bb parallax_style=\u00a0\u00bbvcpb-default\u00a0\u00bb bg_image_new=\u00a0\u00bbid^1630|url^http:\/\/asc-concept.com\/secugris\/wp-content\/uploads\/sites\/104\/2023\/08\/bkd-03.png|caption^null|alt^null|title^bkd-03|description^null\u00a0\u00bb bg_image_size=\u00a0\u00bbinitial\u00a0\u00bb bg_override=\u00a0\u00bbfull\u00a0\u00bb css=\u00a0\u00bb.vc_custom_1691673100390{margin-top: 0px !important;margin-bottom: 0px !important;padding-top: 70px !important;}\u00a0\u00bb][vc_column][vc_column_text]<\/p>\n<h2><span style=\"color: #ffffff;\">NOS<\/span> <span style=\"color: #c3a86c;\">COMP\u00c9TENCES<\/span><\/h2>\n<p>[\/vc_column_text][\/vc_column][\/vc_row][vc_row gap=\u00a0\u00bb30&Prime; equal_height=\u00a0\u00bbyes\u00a0\u00bb bg_type=\u00a0\u00bbimage\u00a0\u00bb parallax_style=\u00a0\u00bbvcpb-default\u00a0\u00bb bg_image_new=\u00a0\u00bbid^1630|url^http:\/\/asc-concept.com\/secugris\/wp-content\/uploads\/sites\/104\/2023\/08\/bkd-03.png|caption^null|alt^null|title^bkd-03|description^null\u00a0\u00bb bg_image_size=\u00a0\u00bbinitial\u00a0\u00bb bg_override=\u00a0\u00bbfull\u00a0\u00bb type=\u00a0\u00bbvc_default\u00a0\u00bb css=\u00a0\u00bb.vc_custom_1691673724920{margin-top: 0px !important;margin-bottom: 0px !important;padding-right: 25px !important;padding-bottom: 40px !important;padding-left: 25px !important;}\u00a0\u00bb][vc_column width=\u00a0\u00bb1\/4&Prime; css=\u00a0\u00bb.vc_custom_1697443150216{padding-top: 30px !important;padding-right: 0px !important;padding-bottom: 0px !important;padding-left: 0px !important;background-color: #323232 !important;}\u00a0\u00bb]<style type=\"text\/css\" data-type=\"the7_shortcodes-inline-css\">.shortcode-single-image-wrap.shortcode-single-image-52b6939e33262429d861c45814d3cce6.enable-bg-rollover .rollover i,\n.shortcode-single-image-wrap.shortcode-single-image-52b6939e33262429d861c45814d3cce6.enable-bg-rollover .rollover-video i {\n  background: -webkit-linear-gradient();\n  background: linear-gradient();\n}\n.shortcode-single-image-wrap.shortcode-single-image-52b6939e33262429d861c45814d3cce6 .rollover-icon {\n  font-size: 32px;\n  color: #ffffff;\n  min-width: 44px;\n  min-height: 44px;\n  line-height: 44px;\n  border-radius: 100px;\n  border-style: solid;\n  border-width: 0px;\n}\n.dt-icon-bg-on.shortcode-single-image-wrap.shortcode-single-image-52b6939e33262429d861c45814d3cce6 .rollover-icon {\n  background: rgba(255,255,255,0.3);\n  box-shadow: none;\n}<\/style><div class=\"shortcode-single-image-wrap shortcode-single-image-52b6939e33262429d861c45814d3cce6 alignnone  enable-bg-rollover dt-icon-bg-off\" style=\"margin-top:0px; margin-bottom:0px; margin-left:0px; margin-right:0px; width:266px;\"><div class=\"shortcode-single-image\"><div class=\"fancy-media-wrap\" style=\"\"><a href=\"http:\/\/asc-concept.com\/secugris\/competences\/securite-evenementielle\/\" class=\" layzr-bg rollover\" style=\"\" aria-label=\"Image\"><img fetchpriority=\"high\" decoding=\"async\" class=\"preload-me lazy-load aspect\" src=\"data:image\/svg+xml,%3Csvg%20xmlns%3D&#39;http%3A%2F%2Fwww.w3.org%2F2000%2Fsvg&#39;%20viewBox%3D&#39;0%200%20266%20266&#39;%2F%3E\" data-src=\"http:\/\/asc-concept.com\/secugris\/wp-content\/uploads\/sites\/104\/2023\/10\/evenementiel.jpg\" data-srcset=\"http:\/\/asc-concept.com\/secugris\/wp-content\/uploads\/sites\/104\/2023\/10\/evenementiel.jpg 266w\" loading=\"eager\" style=\"--ratio: 266 \/ 266\" sizes=\"(max-width: 266px) 100vw, 266px\" width=\"266\" height=\"266\"  data-dt-location=\"http:\/\/asc-concept.com\/secugris\/competences\/evenementiel\/\" alt=\"\" \/><\/a><\/div><\/div><\/div>[vc_row_inner css=\u00a0\u00bb.vc_custom_1691673786752{padding-top: 30px !important;padding-right: 30px !important;padding-bottom: 40px !important;padding-left: 30px !important;}\u00a0\u00bb][vc_column_inner][vc_column_text]<\/p>\n<h3>S\u00e9curit\u00e9 Ev\u00e9nementielle<\/h3>\n<p>L\u2019organisation d\u2019un \u00e9v\u00e9nement am\u00e8ne \u00e0 r\u00e9soudre mille facettes. ARIS S\u00e9curit\u00e9 propose les solutions ad\u00e9quates en terme de s\u00e9curit\u00e9.[\/vc_column_text]<style type=\"text\/css\" data-type=\"the7_shortcodes-inline-css\">#default-btn-da29da7ed6e526c147be7822dc371633.ico-right-side > i {\n  margin-right: 0px;\n  margin-left: 8px;\n}\n#default-btn-da29da7ed6e526c147be7822dc371633 > i {\n  margin-right: 8px;\n}<\/style><div class=\"btn-align-center\"><a href=\"http:\/\/asc-concept.com\/secugris\/competences\/securite-evenementielle\/\" class=\"default-btn-shortcode dt-btn dt-btn-m link-hover-off \" id=\"default-btn-da29da7ed6e526c147be7822dc371633\" title=\"Agent de pr\u00e9vention s\u00e9curit\u00e9\"><span>SAVOIR +<\/span><\/a><\/div>[\/vc_column_inner][\/vc_row_inner][\/vc_column][vc_column width=\u00a0\u00bb1\/4&Prime; css=\u00a0\u00bb.vc_custom_1697443137657{padding-top: 30px !important;padding-right: 0px !important;padding-bottom: 0px !important;padding-left: 0px !important;background-color: #323232 !important;}\u00a0\u00bb]<style type=\"text\/css\" data-type=\"the7_shortcodes-inline-css\">.shortcode-single-image-wrap.shortcode-single-image-c581581b96488c53c933abf1f5298f2e.enable-bg-rollover .rollover i,\n.shortcode-single-image-wrap.shortcode-single-image-c581581b96488c53c933abf1f5298f2e.enable-bg-rollover .rollover-video i {\n  background: -webkit-linear-gradient();\n  background: linear-gradient();\n}\n.shortcode-single-image-wrap.shortcode-single-image-c581581b96488c53c933abf1f5298f2e .rollover-icon {\n  font-size: 32px;\n  color: #ffffff;\n  min-width: 44px;\n  min-height: 44px;\n  line-height: 44px;\n  border-radius: 100px;\n  border-style: solid;\n  border-width: 0px;\n}\n.dt-icon-bg-on.shortcode-single-image-wrap.shortcode-single-image-c581581b96488c53c933abf1f5298f2e .rollover-icon {\n  background: rgba(255,255,255,0.3);\n  box-shadow: none;\n}<\/style><div class=\"shortcode-single-image-wrap shortcode-single-image-c581581b96488c53c933abf1f5298f2e alignnone  enable-bg-rollover dt-icon-bg-off\" style=\"margin-top:0px; margin-bottom:0px; margin-left:0px; margin-right:0px; width:266px;\"><div class=\"shortcode-single-image\"><div class=\"fancy-media-wrap\" style=\"\"><a href=\"http:\/\/asc-concept.com\/secugris\/competences\/prevention-securite\/\" class=\" layzr-bg rollover\" style=\"\" aria-label=\"Image\"><img decoding=\"async\" class=\"preload-me lazy-load aspect\" src=\"data:image\/svg+xml,%3Csvg%20xmlns%3D&#39;http%3A%2F%2Fwww.w3.org%2F2000%2Fsvg&#39;%20viewBox%3D&#39;0%200%20266%20266&#39;%2F%3E\" data-src=\"http:\/\/asc-concept.com\/secugris\/wp-content\/uploads\/sites\/104\/2023\/08\/agent-securite.jpg\" data-srcset=\"http:\/\/asc-concept.com\/secugris\/wp-content\/uploads\/sites\/104\/2023\/08\/agent-securite.jpg 266w\" loading=\"eager\" style=\"--ratio: 266 \/ 266\" sizes=\"(max-width: 266px) 100vw, 266px\" width=\"266\" height=\"266\"  data-dt-location=\"http:\/\/asc-concept.com\/secugris\/home\/agent-securite\/\" alt=\"\" \/><\/a><\/div><\/div><\/div>[vc_row_inner css=\u00a0\u00bb.vc_custom_1691673786752{padding-top: 30px !important;padding-right: 30px !important;padding-bottom: 40px !important;padding-left: 30px !important;}\u00a0\u00bb][vc_column_inner][vc_column_text]<\/p>\n<h3>Agent de pr\u00e9vention s\u00e9curit\u00e9<\/h3>\n<p>Qu&rsquo;il s&rsquo;agisse de contr\u00f4le d&rsquo;acc\u00e8s, de surveillance g\u00e9n\u00e9rale d&rsquo;un site, nos agents interviennent pour assurer la s\u00e9curit\u00e9 des biens, des immeubles et des personnes.[\/vc_column_text]<style type=\"text\/css\" data-type=\"the7_shortcodes-inline-css\">#default-btn-742d524e806810e35cd401d945e376f0.ico-right-side > i {\n  margin-right: 0px;\n  margin-left: 8px;\n}\n#default-btn-742d524e806810e35cd401d945e376f0 > i {\n  margin-right: 8px;\n}<\/style><div class=\"btn-align-center\"><a href=\"http:\/\/asc-concept.com\/secugris\/prestations\/prevention-securite\/\" class=\"default-btn-shortcode dt-btn dt-btn-m link-hover-off \" id=\"default-btn-742d524e806810e35cd401d945e376f0\" title=\"Agent de pr\u00e9vention s\u00e9curit\u00e9\"><span>SAVOIR +<\/span><\/a><\/div>[\/vc_column_inner][\/vc_row_inner][\/vc_column][vc_column width=\u00a0\u00bb1\/4&Prime; css=\u00a0\u00bb.vc_custom_1691673671027{padding-top: 30px !important;padding-right: 0px !important;padding-bottom: 0px !important;padding-left: 0px !important;background-color: #323232 !important;}\u00a0\u00bb]<style type=\"text\/css\" data-type=\"the7_shortcodes-inline-css\">.shortcode-single-image-wrap.shortcode-single-image-dc2a1435a216c825748ecbfe08f59bef.enable-bg-rollover .rollover i,\n.shortcode-single-image-wrap.shortcode-single-image-dc2a1435a216c825748ecbfe08f59bef.enable-bg-rollover .rollover-video i {\n  background: -webkit-linear-gradient();\n  background: linear-gradient();\n}\n.shortcode-single-image-wrap.shortcode-single-image-dc2a1435a216c825748ecbfe08f59bef .rollover-icon {\n  font-size: 32px;\n  color: #ffffff;\n  min-width: 44px;\n  min-height: 44px;\n  line-height: 44px;\n  border-radius: 100px;\n  border-style: solid;\n  border-width: 0px;\n}\n.dt-icon-bg-on.shortcode-single-image-wrap.shortcode-single-image-dc2a1435a216c825748ecbfe08f59bef .rollover-icon {\n  background: rgba(255,255,255,0.3);\n  box-shadow: none;\n}<\/style><div class=\"shortcode-single-image-wrap shortcode-single-image-dc2a1435a216c825748ecbfe08f59bef alignnone  enable-bg-rollover dt-icon-bg-off\" style=\"margin-top:0px; margin-bottom:0px; margin-left:0px; margin-right:0px; width:266px;\"><div class=\"shortcode-single-image\"><div class=\"fancy-media-wrap\" style=\"\"><a href=\"http:\/\/asc-concept.com\/secugris\/competences\/securite-incendie\/\" class=\" layzr-bg rollover\" style=\"\" aria-label=\"Image\"><img decoding=\"async\" class=\"preload-me lazy-load aspect\" src=\"data:image\/svg+xml,%3Csvg%20xmlns%3D&#39;http%3A%2F%2Fwww.w3.org%2F2000%2Fsvg&#39;%20viewBox%3D&#39;0%200%20266%20266&#39;%2F%3E\" data-src=\"http:\/\/asc-concept.com\/secugris\/wp-content\/uploads\/sites\/104\/2023\/08\/agent-ssiap.jpg\" data-srcset=\"http:\/\/asc-concept.com\/secugris\/wp-content\/uploads\/sites\/104\/2023\/08\/agent-ssiap.jpg 266w\" loading=\"eager\" style=\"--ratio: 266 \/ 266\" sizes=\"(max-width: 266px) 100vw, 266px\" width=\"266\" height=\"266\"  data-dt-location=\"http:\/\/asc-concept.com\/secugris\/home\/agent-ssiap\/\" alt=\"\" \/><\/a><\/div><\/div><\/div>[vc_row_inner css=\u00a0\u00bb.vc_custom_1691673796349{padding-top: 30px !important;padding-right: 30px !important;padding-bottom: 40px !important;padding-left: 30px !important;}\u00a0\u00bb][vc_column_inner][vc_column_text]<\/p>\n<h3>Agent de s\u00e9curit\u00e9 incendie<\/h3>\n<p>Nos agents SSIAP assurent la pr\u00e9vention et le respect des consignes de s\u00e9curit\u00e9 incendie, la mise en s\u00e9curit\u00e9 des sites, l&rsquo;\u00e9vacuation des occupants, l&rsquo;assistance \u00e0 personnes en danger.[\/vc_column_text]<style type=\"text\/css\" data-type=\"the7_shortcodes-inline-css\">#default-btn-2aaf07339aba112385c1b3fbac0ce859.ico-right-side > i {\n  margin-right: 0px;\n  margin-left: 8px;\n}\n#default-btn-2aaf07339aba112385c1b3fbac0ce859 > i {\n  margin-right: 8px;\n}<\/style><div class=\"btn-align-center\"><a href=\"http:\/\/asc-concept.com\/secugris\/prestations\/securite-incendie\/\" class=\"default-btn-shortcode dt-btn dt-btn-m link-hover-off \" id=\"default-btn-2aaf07339aba112385c1b3fbac0ce859\" title=\"Agent de s\u00e9curit\u00e9 incendie\"><span>SAVOIR +<\/span><\/a><\/div>[\/vc_column_inner][\/vc_row_inner][\/vc_column][vc_column width=\u00a0\u00bb1\/4&Prime; css=\u00a0\u00bb.vc_custom_1691673677587{padding-top: 30px !important;padding-right: 0px !important;padding-bottom: 0px !important;padding-left: 0px !important;background-color: #323232 !important;}\u00a0\u00bb]<style type=\"text\/css\" data-type=\"the7_shortcodes-inline-css\">.shortcode-single-image-wrap.shortcode-single-image-1ef737cf27b1bc3f4eb596c77d4548ad.enable-bg-rollover .rollover i,\n.shortcode-single-image-wrap.shortcode-single-image-1ef737cf27b1bc3f4eb596c77d4548ad.enable-bg-rollover .rollover-video i {\n  background: -webkit-linear-gradient();\n  background: linear-gradient();\n}\n.shortcode-single-image-wrap.shortcode-single-image-1ef737cf27b1bc3f4eb596c77d4548ad .rollover-icon {\n  font-size: 32px;\n  color: #ffffff;\n  min-width: 44px;\n  min-height: 44px;\n  line-height: 44px;\n  border-radius: 100px;\n  border-style: solid;\n  border-width: 0px;\n}\n.dt-icon-bg-on.shortcode-single-image-wrap.shortcode-single-image-1ef737cf27b1bc3f4eb596c77d4548ad .rollover-icon {\n  background: rgba(255,255,255,0.3);\n  box-shadow: none;\n}<\/style><div class=\"shortcode-single-image-wrap shortcode-single-image-1ef737cf27b1bc3f4eb596c77d4548ad alignnone  enable-bg-rollover dt-icon-bg-off\" style=\"margin-top:0px; margin-bottom:0px; margin-left:0px; margin-right:0px; width:266px;\"><div class=\"shortcode-single-image\"><div class=\"fancy-media-wrap\" style=\"\"><a href=\"http:\/\/asc-concept.com\/secugris\/competences\/securite-cynophile\/\" class=\" layzr-bg rollover\" style=\"\" aria-label=\"Image\"><img decoding=\"async\" class=\"preload-me lazy-load aspect\" src=\"data:image\/svg+xml,%3Csvg%20xmlns%3D&#39;http%3A%2F%2Fwww.w3.org%2F2000%2Fsvg&#39;%20viewBox%3D&#39;0%200%20266%20266&#39;%2F%3E\" data-src=\"http:\/\/asc-concept.com\/secugris\/wp-content\/uploads\/sites\/104\/2023\/08\/agent-cynophile.jpg\" data-srcset=\"http:\/\/asc-concept.com\/secugris\/wp-content\/uploads\/sites\/104\/2023\/08\/agent-cynophile.jpg 266w\" loading=\"eager\" style=\"--ratio: 266 \/ 266\" sizes=\"(max-width: 266px) 100vw, 266px\" width=\"266\" height=\"266\"  data-dt-location=\"http:\/\/asc-concept.com\/secugris\/home\/agent-cynophile\/\" alt=\"\" \/><\/a><\/div><\/div><\/div>[vc_row_inner css=\u00a0\u00bb.vc_custom_1691673806115{padding-top: 30px !important;padding-right: 30px !important;padding-bottom: 40px !important;padding-left: 30px !important;}\u00a0\u00bb][vc_column_inner][vc_column_text]<\/p>\n<h3>Agent de s\u00e9curit\u00e9 cynophile<\/h3>\n<p>La mission premi\u00e8re du couple homme\/chien est d&rsquo;assurer la protection des biens et des personnes sur un secteur g\u00e9ographique d\u00e9termin\u00e9.[\/vc_column_text]<style type=\"text\/css\" data-type=\"the7_shortcodes-inline-css\">#default-btn-8b1ef3310a69ff26f05eef70b3ae0c8b.ico-right-side > i {\n  margin-right: 0px;\n  margin-left: 8px;\n}\n#default-btn-8b1ef3310a69ff26f05eef70b3ae0c8b > i {\n  margin-right: 8px;\n}<\/style><div class=\"btn-align-center\"><a href=\"http:\/\/asc-concept.com\/secugris\/prestations\/securite-cynophile\/\" class=\"default-btn-shortcode dt-btn dt-btn-m link-hover-off \" id=\"default-btn-8b1ef3310a69ff26f05eef70b3ae0c8b\" title=\"Agent de s\u00e9curit\u00e9 cynophile\"><span>SAVOIR +<\/span><\/a><\/div>[\/vc_column_inner][\/vc_row_inner][\/vc_column][\/vc_row]<\/p>\n<\/div>","protected":false},"excerpt":{"rendered":"<p>[vc_row bg_type=\u00a0\u00bbimage\u00a0\u00bb parallax_style=\u00a0\u00bbvcpb-default\u00a0\u00bb bg_image_new=\u00a0\u00bbid^1630|url^http:\/\/asc-concept.com\/secugris\/wp-content\/uploads\/sites\/104\/2023\/08\/bkd-03.png|caption^null|alt^null|title^bkd-03|description^null\u00a0\u00bb bg_image_size=\u00a0\u00bbinitial\u00a0\u00bb bg_override=\u00a0\u00bbfull\u00a0\u00bb css=\u00a0\u00bb.vc_custom_1691673100390{margin-top: 0px !important;margin-bottom: 0px !important;padding-top: 70px !important;}\u00a0\u00bb][vc_column][vc_column_text] NOS COMP\u00c9TENCES [\/vc_column_text][\/vc_column][\/vc_row][vc_row gap=\u00a0\u00bb30&Prime; equal_height=\u00a0\u00bbyes\u00a0\u00bb bg_type=\u00a0\u00bbimage\u00a0\u00bb parallax_style=\u00a0\u00bbvcpb-default\u00a0\u00bb bg_image_new=\u00a0\u00bbid^1630|url^http:\/\/asc-concept.com\/secugris\/wp-content\/uploads\/sites\/104\/2023\/08\/bkd-03.png|caption^null|alt^null|title^bkd-03|description^null\u00a0\u00bb bg_image_size=\u00a0\u00bbinitial\u00a0\u00bb bg_override=\u00a0\u00bbfull\u00a0\u00bb type=\u00a0\u00bbvc_default\u00a0\u00bb css=\u00a0\u00bb.vc_custom_1691673724920{margin-top: 0px !important;margin-bottom: 0px !important;padding-right: 25px !important;padding-bottom: 40px !important;padding-left: 25px !important;}\u00a0\u00bb][vc_column width=\u00a0\u00bb1\/4&Prime; css=\u00a0\u00bb.vc_custom_1697443150216{padding-top: 30px !important;padding-right: 0px !important;padding-bottom: 0px !important;padding-left: 0px !important;background-color: #323232 !important;}\u00a0\u00bb][vc_row_inner css=\u00a0\u00bb.vc_custom_1691673786752{padding-top: 30px !important;padding-right: 30px !important;padding-bottom: 40px !important;padding-left: 30px&hellip;<\/p>\n","protected":false},"author":1,"featured_media":0,"parent":0,"menu_order":2,"comment_status":"closed","ping_status":"closed","template":"","meta":{"footnotes":""},"class_list":["post-1346","page","type-page","status-publish","hentry","description-off"],"_links":{"self":[{"href":"http:\/\/asc-concept.com\/secugris\/wp-json\/wp\/v2\/pages\/1346","targetHints":{"allow":["GET"]}}],"collection":[{"href":"http:\/\/asc-concept.com\/secugris\/wp-json\/wp\/v2\/pages"}],"about":[{"href":"http:\/\/asc-concept.com\/secugris\/wp-json\/wp\/v2\/types\/page"}],"author":[{"embeddable":true,"href":"http:\/\/asc-concept.com\/secugris\/wp-json\/wp\/v2\/users\/1"}],"replies":[{"embeddable":true,"href":"http:\/\/asc-concept.com\/secugris\/wp-json\/wp\/v2\/comments?post=1346"}],"version-history":[{"count":0,"href":"http:\/\/asc-concept.com\/secugris\/wp-json\/wp\/v2\/pages\/1346\/revisions"}],"wp:attachment":[{"href":"http:\/\/asc-concept.com\/secugris\/wp-json\/wp\/v2\/media?parent=1346"}],"curies":[{"name":"wp","href":"https:\/\/api.w.org\/{rel}","templated":true}]}}