{"id":1412,"date":"2023-08-07T12:13:30","date_gmt":"2023-08-07T10:13:30","guid":{"rendered":"http:\/\/asc-concept.com\/secugris\/?page_id=1412"},"modified":"2023-08-10T12:29:46","modified_gmt":"2023-08-10T10:29:46","slug":"societe","status":"publish","type":"page","link":"http:\/\/asc-concept.com\/secugris\/societe\/","title":{"rendered":"Soci\u00e9t\u00e9"},"content":{"rendered":"<div class=\"wpb-content-wrapper\"><p>[vc_row bg_type=\u00a0\u00bbimage\u00a0\u00bb parallax_style=\u00a0\u00bbvcpb-default\u00a0\u00bb bg_image_new=\u00a0\u00bbid^1630|url^http:\/\/asc-concept.com\/secugris\/wp-content\/uploads\/sites\/104\/2023\/08\/bkd-03.png|caption^null|alt^null|title^bkd-03|description^null\u00a0\u00bb bg_image_size=\u00a0\u00bbinitial\u00a0\u00bb bg_override=\u00a0\u00bbfull\u00a0\u00bb css=\u00a0\u00bb.vc_custom_1691663314909{margin-top: 0px !important;margin-bottom: 0px !important;padding-top: 70px !important;padding-bottom: 40px !important;}\u00a0\u00bb][vc_column][vc_column_text]<\/p>\n<h2><span style=\"color: #ffffff;\">NOTRE<\/span> <span style=\"color: #c3a86c;\">SOCI\u00c9T\u00c9<\/span><\/h2>\n<p>[\/vc_column_text][\/vc_column][\/vc_row][vc_row gap=\u00a0\u00bb30&Prime; equal_height=\u00a0\u00bbyes\u00a0\u00bb bg_type=\u00a0\u00bbimage\u00a0\u00bb parallax_style=\u00a0\u00bbvcpb-default\u00a0\u00bb bg_image_new=\u00a0\u00bbid^1630|url^http:\/\/asc-concept.com\/secugris\/wp-content\/uploads\/sites\/104\/2023\/08\/bkd-03.png|caption^null|alt^null|title^bkd-03|description^null\u00a0\u00bb bg_image_size=\u00a0\u00bbinitial\u00a0\u00bb bg_override=\u00a0\u00bbfull\u00a0\u00bb type=\u00a0\u00bbvc_default\u00a0\u00bb css=\u00a0\u00bb.vc_custom_1691663333886{margin-top: 0px !important;margin-bottom: 0px !important;padding-right: 25px !important;padding-bottom: 40px !important;padding-left: 25px !important;}\u00a0\u00bb][vc_column width=\u00a0\u00bb1\/3&Prime; css=\u00a0\u00bb.vc_custom_1691394255405{padding-top: 30px !important;padding-right: 0px !important;padding-bottom: 0px !important;padding-left: 0px !important;background-color: #323232 !important;}\u00a0\u00bb]<style type=\"text\/css\" data-type=\"the7_shortcodes-inline-css\">.shortcode-single-image-wrap.shortcode-single-image-38b84a9fcd6a99d53f5ef2066ad54d56.enable-bg-rollover .rollover i,\n.shortcode-single-image-wrap.shortcode-single-image-38b84a9fcd6a99d53f5ef2066ad54d56.enable-bg-rollover .rollover-video i {\n  background: -webkit-linear-gradient();\n  background: linear-gradient();\n}\n.shortcode-single-image-wrap.shortcode-single-image-38b84a9fcd6a99d53f5ef2066ad54d56 .rollover-icon {\n  font-size: 32px;\n  color: #ffffff;\n  min-width: 50px;\n  min-height: 50px;\n  line-height: 50px;\n  border-radius: 100px;\n  border-style: solid;\n  border-width: 4px;\n  border-color: #ffffff;\n}\n.dt-icon-bg-on.shortcode-single-image-wrap.shortcode-single-image-38b84a9fcd6a99d53f5ef2066ad54d56 .rollover-icon {\n  background: rgba(255,255,255,0.3);\n  box-shadow: none;\n}<\/style><div class=\"shortcode-single-image-wrap shortcode-single-image-38b84a9fcd6a99d53f5ef2066ad54d56 alignnone  enable-bg-rollover dt-icon-bg-off\" style=\"margin-top:0px; margin-bottom:0px; margin-left:0px; margin-right:0px; width:266px;\"><div class=\"shortcode-single-image\"><div class=\"fancy-media-wrap\" style=\"\"><a href=\"http:\/\/asc-concept.com\/secugris\/societe\/a-propos\/\" class=\" layzr-bg rollover\" style=\"\" aria-label=\"Image\"><img fetchpriority=\"high\" decoding=\"async\" class=\"preload-me lazy-load aspect\" src=\"data:image\/svg+xml,%3Csvg%20xmlns%3D&#39;http%3A%2F%2Fwww.w3.org%2F2000%2Fsvg&#39;%20viewBox%3D&#39;0%200%20266%20266&#39;%2F%3E\" data-src=\"http:\/\/asc-concept.com\/secugris\/wp-content\/uploads\/sites\/104\/2023\/08\/agent-securite.jpg\" data-srcset=\"http:\/\/asc-concept.com\/secugris\/wp-content\/uploads\/sites\/104\/2023\/08\/agent-securite.jpg 266w\" loading=\"eager\" style=\"--ratio: 266 \/ 266\" sizes=\"(max-width: 266px) 100vw, 266px\" width=\"266\" height=\"266\"  data-dt-location=\"http:\/\/asc-concept.com\/secugris\/home\/agent-securite\/\" alt=\"\" \/><span class=\"rollover-icon icomoon-the7-font-the7-plus-02\"><\/span><\/a><\/div><\/div><\/div>[vc_row_inner css=\u00a0\u00bb.vc_custom_1495105364136{padding-top: 30px !important;padding-right: 30px !important;padding-bottom: 40px !important;padding-left: 30px !important;}\u00a0\u00bb][vc_column_inner][vc_column_text]<\/p>\n<h3>A propos<\/h3>\n<p>Aliquam fermentum felis lacus, in volutpat libero tristique in. Nulla vulputate ac urna et eleifend. Aenean ut augue a ante rutrum ornare id nec lacus. Quisque mi metus, rhoncus in tortor vitae, iaculis lacinia lorem.[\/vc_column_text]<style type=\"text\/css\" data-type=\"the7_shortcodes-inline-css\">#default-btn-29eb5c161c82eda58276ebccb34ebed0.ico-right-side > i {\n  margin-right: 0px;\n  margin-left: 8px;\n}\n#default-btn-29eb5c161c82eda58276ebccb34ebed0 > i {\n  margin-right: 8px;\n}<\/style><a href=\"http:\/\/asc-concept.com\/secugris\/societe\/a-propos\/\" class=\"default-btn-shortcode dt-btn dt-btn-m link-hover-off btn-inline-left \" id=\"default-btn-29eb5c161c82eda58276ebccb34ebed0\" title=\"Agent de pr\u00e9vention s\u00e9curit\u00e9\"><span>SAVOIR +<\/span><\/a>[\/vc_column_inner][\/vc_row_inner][\/vc_column][vc_column width=\u00a0\u00bb1\/3&Prime; css=\u00a0\u00bb.vc_custom_1691394264893{padding-top: 30px !important;padding-right: 0px !important;padding-bottom: 0px !important;padding-left: 0px !important;background-color: #323232 !important;}\u00a0\u00bb]<style type=\"text\/css\" data-type=\"the7_shortcodes-inline-css\">.shortcode-single-image-wrap.shortcode-single-image-57d50fd9e1e7ddfc074d1970d05a5181.enable-bg-rollover .rollover i,\n.shortcode-single-image-wrap.shortcode-single-image-57d50fd9e1e7ddfc074d1970d05a5181.enable-bg-rollover .rollover-video i {\n  background: -webkit-linear-gradient();\n  background: linear-gradient();\n}\n.shortcode-single-image-wrap.shortcode-single-image-57d50fd9e1e7ddfc074d1970d05a5181 .rollover-icon {\n  font-size: 32px;\n  color: #ffffff;\n  min-width: 50px;\n  min-height: 50px;\n  line-height: 50px;\n  border-radius: 100px;\n  border-style: solid;\n  border-width: 4px;\n  border-color: #ffffff;\n}\n.dt-icon-bg-on.shortcode-single-image-wrap.shortcode-single-image-57d50fd9e1e7ddfc074d1970d05a5181 .rollover-icon {\n  background: rgba(255,255,255,0.3);\n  box-shadow: none;\n}<\/style><div class=\"shortcode-single-image-wrap shortcode-single-image-57d50fd9e1e7ddfc074d1970d05a5181 alignnone  enable-bg-rollover dt-icon-bg-off\" style=\"margin-top:0px; margin-bottom:0px; margin-left:0px; margin-right:0px; width:266px;\"><div class=\"shortcode-single-image\"><div class=\"fancy-media-wrap\" style=\"\"><a href=\"http:\/\/asc-concept.com\/secugris\/societe\/nos-valeurs\/\" class=\" layzr-bg rollover\" style=\"\" aria-label=\"Image\"><img decoding=\"async\" class=\"preload-me lazy-load aspect\" src=\"data:image\/svg+xml,%3Csvg%20xmlns%3D&#39;http%3A%2F%2Fwww.w3.org%2F2000%2Fsvg&#39;%20viewBox%3D&#39;0%200%20266%20266&#39;%2F%3E\" data-src=\"http:\/\/asc-concept.com\/secugris\/wp-content\/uploads\/sites\/104\/2023\/08\/agent-ssiap.jpg\" data-srcset=\"http:\/\/asc-concept.com\/secugris\/wp-content\/uploads\/sites\/104\/2023\/08\/agent-ssiap.jpg 266w\" loading=\"eager\" style=\"--ratio: 266 \/ 266\" sizes=\"(max-width: 266px) 100vw, 266px\" width=\"266\" height=\"266\"  data-dt-location=\"http:\/\/asc-concept.com\/secugris\/home\/agent-ssiap\/\" alt=\"\" \/><span class=\"rollover-icon icomoon-the7-font-the7-plus-02\"><\/span><\/a><\/div><\/div><\/div>[vc_row_inner css=\u00a0\u00bb.vc_custom_1495105364136{padding-top: 30px !important;padding-right: 30px !important;padding-bottom: 40px !important;padding-left: 30px !important;}\u00a0\u00bb][vc_column_inner][vc_column_text]<\/p>\n<h3>Nos valeurs<\/h3>\n<p>Aliquam metus &#8211; rhoncus in tortor vitae, iaculis lacinia felis lacus, in volutpat libero tristique in. Nulla vulputate ac urna et eleifend. Aenean ut augue a ante rutrum ornare id nec lacus. Quisque mi metus, rhoncus in tortor vitae.[\/vc_column_text]<style type=\"text\/css\" data-type=\"the7_shortcodes-inline-css\">#default-btn-bfe48a68cf4a5b6aa5fae67198031e54.ico-right-side > i {\n  margin-right: 0px;\n  margin-left: 8px;\n}\n#default-btn-bfe48a68cf4a5b6aa5fae67198031e54 > i {\n  margin-right: 8px;\n}<\/style><a href=\"http:\/\/asc-concept.com\/secugris\/societe\/nos-valeurs\/\" class=\"default-btn-shortcode dt-btn dt-btn-m link-hover-off btn-inline-left \" id=\"default-btn-bfe48a68cf4a5b6aa5fae67198031e54\" title=\"Agent de s\u00e9curit\u00e9 incendie\"><span>SAVOIR +<\/span><\/a>[\/vc_column_inner][\/vc_row_inner][\/vc_column][vc_column width=\u00a0\u00bb1\/3&Prime; css=\u00a0\u00bb.vc_custom_1691394270949{padding-top: 30px !important;padding-right: 0px !important;padding-bottom: 0px !important;padding-left: 0px !important;background-color: #323232 !important;}\u00a0\u00bb]<style type=\"text\/css\" data-type=\"the7_shortcodes-inline-css\">.shortcode-single-image-wrap.shortcode-single-image-6fe527c843a622cee3657f7523f96e48.enable-bg-rollover .rollover i,\n.shortcode-single-image-wrap.shortcode-single-image-6fe527c843a622cee3657f7523f96e48.enable-bg-rollover .rollover-video i {\n  background: -webkit-linear-gradient();\n  background: linear-gradient();\n}\n.shortcode-single-image-wrap.shortcode-single-image-6fe527c843a622cee3657f7523f96e48 .rollover-icon {\n  font-size: 32px;\n  color: #ffffff;\n  min-width: 50px;\n  min-height: 50px;\n  line-height: 50px;\n  border-radius: 100px;\n  border-style: solid;\n  border-width: 4px;\n  border-color: #ffffff;\n}\n.dt-icon-bg-on.shortcode-single-image-wrap.shortcode-single-image-6fe527c843a622cee3657f7523f96e48 .rollover-icon {\n  background: rgba(255,255,255,0.3);\n  box-shadow: none;\n}<\/style><div class=\"shortcode-single-image-wrap shortcode-single-image-6fe527c843a622cee3657f7523f96e48 alignnone  enable-bg-rollover dt-icon-bg-off\" style=\"margin-top:0px; margin-bottom:0px; margin-left:0px; margin-right:0px; width:266px;\"><div class=\"shortcode-single-image\"><div class=\"fancy-media-wrap\" style=\"\"><a href=\"http:\/\/asc-concept.com\/secugris\/societe\/equipe\/\" class=\" layzr-bg rollover\" style=\"\" aria-label=\"Image\"><img decoding=\"async\" class=\"preload-me lazy-load aspect\" src=\"data:image\/svg+xml,%3Csvg%20xmlns%3D&#39;http%3A%2F%2Fwww.w3.org%2F2000%2Fsvg&#39;%20viewBox%3D&#39;0%200%20266%20266&#39;%2F%3E\" data-src=\"http:\/\/asc-concept.com\/secugris\/wp-content\/uploads\/sites\/104\/2023\/08\/agent-cynophile.jpg\" data-srcset=\"http:\/\/asc-concept.com\/secugris\/wp-content\/uploads\/sites\/104\/2023\/08\/agent-cynophile.jpg 266w\" loading=\"eager\" style=\"--ratio: 266 \/ 266\" sizes=\"(max-width: 266px) 100vw, 266px\" width=\"266\" height=\"266\"  data-dt-location=\"http:\/\/asc-concept.com\/secugris\/home\/agent-cynophile\/\" alt=\"\" \/><span class=\"rollover-icon icomoon-the7-font-the7-plus-02\"><\/span><\/a><\/div><\/div><\/div>[vc_row_inner css=\u00a0\u00bb.vc_custom_1495105364136{padding-top: 30px !important;padding-right: 30px !important;padding-bottom: 40px !important;padding-left: 30px !important;}\u00a0\u00bb][vc_column_inner][vc_column_text]<\/p>\n<h3>Equipe<\/h3>\n<p>Aliquam metus &#8211; rhoncus in tortor fermentum felis lacus, in volutpat vitae, iaculis lacinia felis lacus, in volutpat libero tristique in. Nulla vulputate ac urna et eleifend. Aenean ut augue a ante rutrum ornare id nec lacus.[\/vc_column_text]<style type=\"text\/css\" data-type=\"the7_shortcodes-inline-css\">#default-btn-68b9194c0811bb90eba8382d4e913e82.ico-right-side > i {\n  margin-right: 0px;\n  margin-left: 8px;\n}\n#default-btn-68b9194c0811bb90eba8382d4e913e82 > i {\n  margin-right: 8px;\n}<\/style><a href=\"http:\/\/asc-concept.com\/secugris\/societe\/equipe\/\" class=\"default-btn-shortcode dt-btn dt-btn-m link-hover-off btn-inline-left \" id=\"default-btn-68b9194c0811bb90eba8382d4e913e82\" title=\"Agent de s\u00e9curit\u00e9 cynophile\"><span>SAVOIR +<\/span><\/a>[\/vc_column_inner][\/vc_row_inner][\/vc_column][\/vc_row]<\/p>\n<\/div>","protected":false},"excerpt":{"rendered":"<p>[vc_row bg_type=\u00a0\u00bbimage\u00a0\u00bb parallax_style=\u00a0\u00bbvcpb-default\u00a0\u00bb bg_image_new=\u00a0\u00bbid^1630|url^http:\/\/asc-concept.com\/secugris\/wp-content\/uploads\/sites\/104\/2023\/08\/bkd-03.png|caption^null|alt^null|title^bkd-03|description^null\u00a0\u00bb bg_image_size=\u00a0\u00bbinitial\u00a0\u00bb bg_override=\u00a0\u00bbfull\u00a0\u00bb css=\u00a0\u00bb.vc_custom_1691663314909{margin-top: 0px !important;margin-bottom: 0px !important;padding-top: 70px !important;padding-bottom: 40px !important;}\u00a0\u00bb][vc_column][vc_column_text] NOTRE SOCI\u00c9T\u00c9 [\/vc_column_text][\/vc_column][\/vc_row][vc_row gap=\u00a0\u00bb30&Prime; equal_height=\u00a0\u00bbyes\u00a0\u00bb bg_type=\u00a0\u00bbimage\u00a0\u00bb parallax_style=\u00a0\u00bbvcpb-default\u00a0\u00bb bg_image_new=\u00a0\u00bbid^1630|url^http:\/\/asc-concept.com\/secugris\/wp-content\/uploads\/sites\/104\/2023\/08\/bkd-03.png|caption^null|alt^null|title^bkd-03|description^null\u00a0\u00bb bg_image_size=\u00a0\u00bbinitial\u00a0\u00bb bg_override=\u00a0\u00bbfull\u00a0\u00bb type=\u00a0\u00bbvc_default\u00a0\u00bb css=\u00a0\u00bb.vc_custom_1691663333886{margin-top: 0px !important;margin-bottom: 0px !important;padding-right: 25px !important;padding-bottom: 40px !important;padding-left: 25px !important;}\u00a0\u00bb][vc_column width=\u00a0\u00bb1\/3&Prime; css=\u00a0\u00bb.vc_custom_1691394255405{padding-top: 30px !important;padding-right: 0px !important;padding-bottom: 0px !important;padding-left: 0px !important;background-color: #323232 !important;}\u00a0\u00bb][vc_row_inner css=\u00a0\u00bb.vc_custom_1495105364136{padding-top: 30px !important;padding-right: 30px !important;padding-bottom: 40px&hellip;<\/p>\n","protected":false},"author":1,"featured_media":0,"parent":0,"menu_order":2,"comment_status":"closed","ping_status":"closed","template":"","meta":{"footnotes":""},"class_list":["post-1412","page","type-page","status-publish","hentry","description-off"],"_links":{"self":[{"href":"http:\/\/asc-concept.com\/secugris\/wp-json\/wp\/v2\/pages\/1412","targetHints":{"allow":["GET"]}}],"collection":[{"href":"http:\/\/asc-concept.com\/secugris\/wp-json\/wp\/v2\/pages"}],"about":[{"href":"http:\/\/asc-concept.com\/secugris\/wp-json\/wp\/v2\/types\/page"}],"author":[{"embeddable":true,"href":"http:\/\/asc-concept.com\/secugris\/wp-json\/wp\/v2\/users\/1"}],"replies":[{"embeddable":true,"href":"http:\/\/asc-concept.com\/secugris\/wp-json\/wp\/v2\/comments?post=1412"}],"version-history":[{"count":0,"href":"http:\/\/asc-concept.com\/secugris\/wp-json\/wp\/v2\/pages\/1412\/revisions"}],"wp:attachment":[{"href":"http:\/\/asc-concept.com\/secugris\/wp-json\/wp\/v2\/media?parent=1412"}],"curies":[{"name":"wp","href":"https:\/\/api.w.org\/{rel}","templated":true}]}}