{"id":1570,"date":"2023-08-09T18:37:39","date_gmt":"2023-08-09T16:37:39","guid":{"rendered":"http:\/\/asc-concept.com\/secugris\/?page_id=1570"},"modified":"2023-09-18T18:55:18","modified_gmt":"2023-09-18T16:55:18","slug":"securite-incendie","status":"publish","type":"page","link":"http:\/\/asc-concept.com\/secugris\/prestations\/securite-incendie\/","title":{"rendered":"S\u00e9curit\u00e9 incendie"},"content":{"rendered":"<div class=\"wpb-content-wrapper\"><p>[vc_row bg_type=\u00a0\u00bbimage\u00a0\u00bb parallax_style=\u00a0\u00bbvcpb-default\u00a0\u00bb bg_image_new=\u00a0\u00bbid^1630|url^http:\/\/asc-concept.com\/secugris\/wp-content\/uploads\/sites\/104\/2023\/08\/bkd-03.png|caption^null|alt^null|title^bkd-03|description^null\u00a0\u00bb bg_image_size=\u00a0\u00bbinitial\u00a0\u00bb bg_override=\u00a0\u00bbfull\u00a0\u00bb css=\u00a0\u00bb.vc_custom_1691675753165{margin-top: 0px !important;margin-bottom: 0px !important;padding-top: 70px !important;}\u00a0\u00bb][vc_column][vc_column_text]<\/p>\n<h2><span style=\"color: #ffffff;\">S\u00c9CURIT\u00c9<\/span> <span style=\"color: #c3a86c;\">INCENDIE<\/span><\/h2>\n<p>[\/vc_column_text][\/vc_column][\/vc_row][vc_row bg_type=\u00a0\u00bbimage\u00a0\u00bb parallax_style=\u00a0\u00bbvcpb-default\u00a0\u00bb bg_image_new=\u00a0\u00bbid^1630|url^http:\/\/asc-concept.com\/secugris\/wp-content\/uploads\/sites\/104\/2023\/08\/bkd-03.png|caption^null|alt^null|title^bkd-03|description^null\u00a0\u00bb bg_image_size=\u00a0\u00bbinitial\u00a0\u00bb bg_override=\u00a0\u00bbfull\u00a0\u00bb type=\u00a0\u00bbvc_default\u00a0\u00bb css=\u00a0\u00bb.vc_custom_1691675664061{padding-bottom: 40px !important;}\u00a0\u00bb][vc_column offset=\u00a0\u00bbvc_col-lg-12 vc_col-md-12 vc_col-xs-12&Prime;]<style type=\"text\/css\" data-type=\"the7_shortcodes-inline-css\">.shortcode-single-image-wrap.shortcode-single-image-162f0cd907700bbe47952f3ee92919bf.enable-bg-rollover .rollover i,\n.shortcode-single-image-wrap.shortcode-single-image-162f0cd907700bbe47952f3ee92919bf.enable-bg-rollover .rollover-video i {\n  background: -webkit-linear-gradient();\n  background: linear-gradient();\n}\n.shortcode-single-image-wrap.shortcode-single-image-162f0cd907700bbe47952f3ee92919bf .rollover-icon {\n  font-size: 32px;\n  color: #ffffff;\n  min-width: 44px;\n  min-height: 44px;\n  line-height: 44px;\n  border-radius: 100px;\n  border-style: solid;\n  border-width: 0px;\n}\n.dt-icon-bg-on.shortcode-single-image-wrap.shortcode-single-image-162f0cd907700bbe47952f3ee92919bf .rollover-icon {\n  background: rgba(255,255,255,0.3);\n  box-shadow: none;\n}<\/style><div class=\"shortcode-single-image-wrap shortcode-single-image-162f0cd907700bbe47952f3ee92919bf alignnone  vc_custom_1691599053742 enable-bg-rollover dt-icon-bg-off\" ><div class=\"shortcode-single-image\"><div class=\"fancy-media-wrap  layzr-bg\" style=\"\"><img fetchpriority=\"high\" decoding=\"async\" class=\"preload-me lazy-load aspect\" src=\"data:image\/svg+xml,%3Csvg%20xmlns%3D&#39;http%3A%2F%2Fwww.w3.org%2F2000%2Fsvg&#39;%20viewBox%3D&#39;0%200%20900%20480&#39;%2F%3E\" data-src=\"http:\/\/asc-concept.com\/secugris\/wp-content\/uploads\/sites\/104\/2023\/08\/ssiap.jpg\" data-srcset=\"http:\/\/asc-concept.com\/secugris\/wp-content\/uploads\/sites\/104\/2023\/08\/ssiap.jpg 900w\" loading=\"eager\" sizes=\"(max-width: 900px) 100vw, 900px\" width=\"900\" height=\"480\"  data-dt-location=\"http:\/\/asc-concept.com\/secugris\/prestations\/securite-incendie\/ssiap\/\" style=\"--ratio: 900 \/ 480;\" alt=\"\" \/><\/div><\/div><\/div>[vc_column_text css=\u00a0\u00bb.vc_custom_1495190166942{padding-bottom: 60px !important;}\u00a0\u00bb]Cras porta ligula vitae velit ornare interdum. Mauris consectetur mi vitae commodo pellentesque. Maecenas maximus tempus purus, et feugiat lectus efficitur eget.<\/p>\n<p>Sed est tellus, vulputate sit amet justo non, varius malesuada dolor. Nullam ullamcorper, metus non rhoncus placerat, urna purus auctor nibh, non finibus sapien turpis ut mauris. Maecenas nec tellus ultricies, sollicitudin nulla vitae, suscipit dui. Donec hendrerit lacus risus, vel placerat augue gravida eget. Lorem ipsum dolor sit amet, consectetur adipiscing elit.Proin rutrum rhoncus arcu, quis facilisis libero rutrum in. Vivamus diam tellus, efficitur id felis quis, consequat venenatis erat. Etiam tincidunt, tellus eu molestie mollis, diam lorem tincidunt turpis, eu varius augue ipsum et urna.<\/p>\n<p>Ligula vitae velit ornare interdum. Mauris consectetur mi vitae commodo pellentesque. Maecenas maximus tempus purus, et feugiat lectus efficitur eget.[\/vc_column_text]<div id=\"ultimate-heading-810369f460e908089\" class=\"uvc-heading ult-adjust-bottom-margin ultimate-heading-810369f460e908089 uvc-1979 accent-border-color uvc-heading-default-font-sizes\" data-hspacer=\"line_only\"  data-halign=\"left\" style=\"text-align:left\"><div class=\"uvc-main-heading ult-responsive\"  data-ultimate-target='.uvc-heading.ultimate-heading-810369f460e908089 h2'  data-responsive-json-new='{\"font-size\":\"\",\"line-height\":\"\"}' ><h2 style=\"--font-weight:theme;\">Domaines d'intervention<\/h2><\/div><div class=\"uvc-heading-spacer line_only\" style=\"margin-top:15px;margin-bottom:40px;height:1px;\"><span class=\"uvc-headings-line\" style=\"border-style:solid;border-bottom-width:1px;border-color:;width:50px;\"><\/span><\/div><\/div><div class=\"standard-arrow list-divider bullet-top\"><ul>\n<li>Assure la pr\u00e9vention et la s\u00e9curit\u00e9 incendie dans les ERP et des IGH (Immeuble de grande hauteur).<\/li>\n<li>Surveillance de sites.<\/li>\n<li>Contr\u00f4le d&rsquo;acc\u00e8s en magasin ou \u00e9tablissement recevant du public (ERP)<\/li>\n<li>Secours aux victimes<\/li>\n<li>Appel et r\u00e9ception des services publics de secours<\/li>\n<li>Surveillance du PC<\/li>\n<li>Rondes de s\u00e9curit\u00e9 et surveillance des travaux<\/li>\n<li>Lecture et manipulation des tableaux de signalisation du syst\u00e8me de s\u00e9curit\u00e9 incendie SSI<\/li>\n<li>Application des consignes de s\u00e9curit\u00e9 incendie<\/li>\n<li>Entretien et v\u00e9rification des installations et \u00e9quipements<\/li>\n<\/ul>\n<\/div>[\/vc_column][\/vc_row][vc_row bg_type=\u00a0\u00bbimage\u00a0\u00bb parallax_style=\u00a0\u00bbvcpb-default\u00a0\u00bb bg_image_new=\u00a0\u00bbid^1601|url^http:\/\/asc-concept.com\/secugris\/wp-content\/uploads\/sites\/104\/2023\/08\/fond-ssiap.jpg|caption^null|alt^null|title^fond-ssiap|description^null\u00a0\u00bb bg_image_repeat=\u00a0\u00bbno-repeat\u00a0\u00bb bg_override=\u00a0\u00bbfull\u00a0\u00bb enable_overlay=\u00a0\u00bbenable_overlay_value\u00a0\u00bb overlay_color=\u00a0\u00bbrgba(33,33,33,0.6)\u00a0\u00bb overlay_pattern=\u00a0\u00bb02.png\u00a0\u00bb css=\u00a0\u00bb.vc_custom_1695055643057{padding-top: 70px !important;padding-bottom: 80px !important;}\u00a0\u00bb][vc_column]<div id=\"ultimate-heading-59969f460e908119\" class=\"uvc-heading ult-adjust-bottom-margin ultimate-heading-59969f460e908119 uvc-3267 \" data-hspacer=\"no_spacer\"  data-halign=\"left\" style=\"text-align:left\"><div class=\"uvc-heading-spacer no_spacer\" style=\"top\"><\/div><div class=\"uvc-main-heading ult-responsive\"  data-ultimate-target='.uvc-heading.ultimate-heading-59969f460e908119 h2'  data-responsive-json-new='{\"font-size\":\"desktop:32px;\",\"line-height\":\"desktop:42px;\"}' ><h2 style=\"--font-weight:theme;color:#ffffff;margin-bottom:20px;\">Prot\u00e9gez votre site<\/h2><\/div><div class=\"uvc-sub-heading ult-responsive\"  data-ultimate-target='.uvc-heading.ultimate-heading-59969f460e908119 .uvc-sub-heading '  data-responsive-json-new='{\"font-size\":\"desktop:18px;\",\"line-height\":\"desktop:30px;\"}'  style=\"font-weight:normal;color:#ffffff;margin-bottom:30px;\">Mauris sed tellus quam. Suspendisse risus nulla, molestie quis risus elementum, viverra viverra ipsum. Nulla aliquam dolor turpis, auctor.<\/div><\/div><style type=\"text\/css\" data-type=\"the7_shortcodes-inline-css\">#default-btn-8babb1ab42b9aa1a6198532abe79e249.ico-right-side > i {\n  margin-right: 0px;\n  margin-left: 8px;\n}\n#default-btn-8babb1ab42b9aa1a6198532abe79e249 > i {\n  margin-right: 8px;\n}<\/style><a href=\"http:\/\/asc-concept.com\/secugris\/contact\/\" class=\"default-btn-shortcode dt-btn dt-btn-m link-hover-off btn-inline-left \" id=\"default-btn-8babb1ab42b9aa1a6198532abe79e249\" title=\"Contact\"><span>Contactez-nous<\/span><\/a>[\/vc_column][\/vc_row]<\/p>\n<\/div>","protected":false},"excerpt":{"rendered":"<p>[vc_row bg_type=\u00a0\u00bbimage\u00a0\u00bb parallax_style=\u00a0\u00bbvcpb-default\u00a0\u00bb bg_image_new=\u00a0\u00bbid^1630|url^http:\/\/asc-concept.com\/secugris\/wp-content\/uploads\/sites\/104\/2023\/08\/bkd-03.png|caption^null|alt^null|title^bkd-03|description^null\u00a0\u00bb bg_image_size=\u00a0\u00bbinitial\u00a0\u00bb bg_override=\u00a0\u00bbfull\u00a0\u00bb css=\u00a0\u00bb.vc_custom_1691675753165{margin-top: 0px !important;margin-bottom: 0px !important;padding-top: 70px !important;}\u00a0\u00bb][vc_column][vc_column_text] S\u00c9CURIT\u00c9 INCENDIE [\/vc_column_text][\/vc_column][\/vc_row][vc_row bg_type=\u00a0\u00bbimage\u00a0\u00bb parallax_style=\u00a0\u00bbvcpb-default\u00a0\u00bb bg_image_new=\u00a0\u00bbid^1630|url^http:\/\/asc-concept.com\/secugris\/wp-content\/uploads\/sites\/104\/2023\/08\/bkd-03.png|caption^null|alt^null|title^bkd-03|description^null\u00a0\u00bb bg_image_size=\u00a0\u00bbinitial\u00a0\u00bb bg_override=\u00a0\u00bbfull\u00a0\u00bb type=\u00a0\u00bbvc_default\u00a0\u00bb css=\u00a0\u00bb.vc_custom_1691675664061{padding-bottom: 40px !important;}\u00a0\u00bb][vc_column offset=\u00a0\u00bbvc_col-lg-12 vc_col-md-12 vc_col-xs-12&Prime;][vc_column_text css=\u00a0\u00bb.vc_custom_1495190166942{padding-bottom: 60px !important;}\u00a0\u00bb]Cras porta ligula vitae velit ornare interdum. Mauris consectetur mi vitae commodo pellentesque. Maecenas maximus tempus purus, et feugiat lectus efficitur eget. Sed est tellus,&hellip;<\/p>\n","protected":false},"author":1,"featured_media":0,"parent":27,"menu_order":0,"comment_status":"closed","ping_status":"closed","template":"","meta":{"footnotes":""},"class_list":["post-1570","page","type-page","status-publish","hentry","description-off"],"_links":{"self":[{"href":"http:\/\/asc-concept.com\/secugris\/wp-json\/wp\/v2\/pages\/1570","targetHints":{"allow":["GET"]}}],"collection":[{"href":"http:\/\/asc-concept.com\/secugris\/wp-json\/wp\/v2\/pages"}],"about":[{"href":"http:\/\/asc-concept.com\/secugris\/wp-json\/wp\/v2\/types\/page"}],"author":[{"embeddable":true,"href":"http:\/\/asc-concept.com\/secugris\/wp-json\/wp\/v2\/users\/1"}],"replies":[{"embeddable":true,"href":"http:\/\/asc-concept.com\/secugris\/wp-json\/wp\/v2\/comments?post=1570"}],"version-history":[{"count":0,"href":"http:\/\/asc-concept.com\/secugris\/wp-json\/wp\/v2\/pages\/1570\/revisions"}],"up":[{"embeddable":true,"href":"http:\/\/asc-concept.com\/secugris\/wp-json\/wp\/v2\/pages\/27"}],"wp:attachment":[{"href":"http:\/\/asc-concept.com\/secugris\/wp-json\/wp\/v2\/media?parent=1570"}],"curies":[{"name":"wp","href":"https:\/\/api.w.org\/{rel}","templated":true}]}}