{"id":1574,"date":"2023-08-09T18:42:52","date_gmt":"2023-08-09T16:42:52","guid":{"rendered":"http:\/\/asc-concept.com\/secugris\/?page_id=1574"},"modified":"2023-09-18T17:56:30","modified_gmt":"2023-09-18T15:56:30","slug":"securite-cynophile","status":"publish","type":"page","link":"http:\/\/asc-concept.com\/secugris\/prestations\/securite-cynophile\/","title":{"rendered":"S\u00e9curit\u00e9 cynophile"},"content":{"rendered":"<div class=\"wpb-content-wrapper\"><p>[vc_row bg_type=\u00a0\u00bbimage\u00a0\u00bb parallax_style=\u00a0\u00bbvcpb-default\u00a0\u00bb bg_image_new=\u00a0\u00bbid^1630|url^http:\/\/asc-concept.com\/secugris\/wp-content\/uploads\/sites\/104\/2023\/08\/bkd-03.png|caption^null|alt^null|title^bkd-03|description^null\u00a0\u00bb bg_image_size=\u00a0\u00bbinitial\u00a0\u00bb bg_override=\u00a0\u00bbfull\u00a0\u00bb css=\u00a0\u00bb.vc_custom_1691675888537{margin-top: 0px !important;margin-bottom: 0px !important;padding-top: 70px !important;}\u00a0\u00bb][vc_column][vc_column_text]<\/p>\n<h2><span style=\"color: #ffffff;\">S\u00c9CURIT\u00c9<\/span> <span style=\"color: #c3a86c;\">CYNOPHILE<\/span><\/h2>\n<p>[\/vc_column_text][\/vc_column][\/vc_row][vc_row bg_type=\u00a0\u00bbimage\u00a0\u00bb parallax_style=\u00a0\u00bbvcpb-default\u00a0\u00bb bg_image_new=\u00a0\u00bbid^1630|url^http:\/\/asc-concept.com\/secugris\/wp-content\/uploads\/sites\/104\/2023\/08\/bkd-03.png|caption^null|alt^null|title^bkd-03|description^null\u00a0\u00bb bg_image_size=\u00a0\u00bbinitial\u00a0\u00bb bg_override=\u00a0\u00bbfull\u00a0\u00bb type=\u00a0\u00bbvc_default\u00a0\u00bb css=\u00a0\u00bb.vc_custom_1691675924675{padding-bottom: 40px !important;}\u00a0\u00bb][vc_column offset=\u00a0\u00bbvc_col-lg-12 vc_col-md-12 vc_col-xs-12&Prime;]<style type=\"text\/css\" data-type=\"the7_shortcodes-inline-css\">.shortcode-single-image-wrap.shortcode-single-image-92ed11cfcfb8c42dae520ecc47d1dfab.enable-bg-rollover .rollover i,\n.shortcode-single-image-wrap.shortcode-single-image-92ed11cfcfb8c42dae520ecc47d1dfab.enable-bg-rollover .rollover-video i {\n  background: -webkit-linear-gradient();\n  background: linear-gradient();\n}\n.shortcode-single-image-wrap.shortcode-single-image-92ed11cfcfb8c42dae520ecc47d1dfab .rollover-icon {\n  font-size: 32px;\n  color: #ffffff;\n  min-width: 44px;\n  min-height: 44px;\n  line-height: 44px;\n  border-radius: 100px;\n  border-style: solid;\n  border-width: 0px;\n}\n.dt-icon-bg-on.shortcode-single-image-wrap.shortcode-single-image-92ed11cfcfb8c42dae520ecc47d1dfab .rollover-icon {\n  background: rgba(255,255,255,0.3);\n  box-shadow: none;\n}<\/style><div class=\"shortcode-single-image-wrap shortcode-single-image-92ed11cfcfb8c42dae520ecc47d1dfab alignnone  vc_custom_1691599370461 enable-bg-rollover dt-icon-bg-off\" ><div class=\"shortcode-single-image\"><div class=\"fancy-media-wrap  layzr-bg\" style=\"\"><img fetchpriority=\"high\" decoding=\"async\" class=\"preload-me lazy-load aspect\" src=\"data:image\/svg+xml,%3Csvg%20xmlns%3D&#39;http%3A%2F%2Fwww.w3.org%2F2000%2Fsvg&#39;%20viewBox%3D&#39;0%200%20900%20480&#39;%2F%3E\" data-src=\"http:\/\/asc-concept.com\/secugris\/wp-content\/uploads\/sites\/104\/2023\/08\/cynophile.jpg\" data-srcset=\"http:\/\/asc-concept.com\/secugris\/wp-content\/uploads\/sites\/104\/2023\/08\/cynophile.jpg 900w\" loading=\"eager\" sizes=\"(max-width: 900px) 100vw, 900px\" width=\"900\" height=\"480\"  data-dt-location=\"http:\/\/asc-concept.com\/secugris\/prestations\/securite-cynophile\/cynophile\/\" style=\"--ratio: 900 \/ 480;\" alt=\"\" \/><\/div><\/div><\/div>[vc_column_text css=\u00a0\u00bb.vc_custom_1693836964862{padding-bottom: 60px !important;}\u00a0\u00bb]En bin\u00f4me avec son animal dress\u00e9 par des professionnels, l\u2019agent cynophile assure des missions de s\u00e9curit\u00e9, de gardiennage et de protection dans des environnements vari\u00e9s.<\/p>\n<p>Lors du recrutement, nous sommes particuli\u00e8rement vigilants sur le bon traitement des animaux et la complicit\u00e9 entre l\u2019animal et son ma\u00eetre.<\/p>\n<p>Sed est tellus, vulputate sit amet justo non, varius malesuada dolor. Nullam ullamcorper, metus non rhoncus placerat, urna purus auctor nibh, non finibus sapien turpis ut mauris. Maecenas nec tellus ultricies, sollicitudin nulla vitae, suscipit dui. Donec hendrerit lacus risus, vel placerat augue gravida eget. Lorem ipsum dolor sit amet, consectetur adipiscing elit.Proin rutrum rhoncus arcu, quis facilisis libero rutrum in. Vivamus diam tellus, efficitur id felis quis, consequat venenatis erat. Etiam tincidunt, tellus eu molestie mollis, diam lorem tincidunt turpis, eu varius augue ipsum et urna.<\/p>\n<p>Ligula vitae velit ornare interdum. Mauris consectetur mi vitae commodo pellentesque. Maecenas maximus tempus purus, et feugiat lectus efficitur eget.[\/vc_column_text]<div id=\"ultimate-heading-264769f2888a0d042\" class=\"uvc-heading ult-adjust-bottom-margin ultimate-heading-264769f2888a0d042 uvc-6349 accent-border-color uvc-heading-default-font-sizes\" data-hspacer=\"line_only\"  data-halign=\"left\" style=\"text-align:left\"><div class=\"uvc-main-heading ult-responsive\"  data-ultimate-target='.uvc-heading.ultimate-heading-264769f2888a0d042 h2'  data-responsive-json-new='{\"font-size\":\"\",\"line-height\":\"\"}' ><h2 style=\"--font-weight:theme;\">Domaines d'intervention<\/h2><\/div><div class=\"uvc-heading-spacer line_only\" style=\"margin-top:15px;margin-bottom:40px;height:1px;\"><span class=\"uvc-headings-line\" style=\"border-style:solid;border-bottom-width:1px;border-color:;width:50px;\"><\/span><\/div><\/div><div class=\"standard-arrow list-divider bullet-top\"><ul>\n<li>Assurer avec son chien la protection des biens et des personnes sur un secteur g\u00e9ographique d\u00e9termin\u00e9.<\/li>\n<li>Pr\u00e9vention du danger et l\u2019intervention en cas de risque imminent.<\/li>\n<li>Filtrage et contr\u00f4le des entr\u00e9es, surveillance technique de locaux<\/li>\n<li>Identification des menaces, des comportements anormaux et des individus suspects<\/li>\n<li>Assurer la surveillance et le gardiennage de b\u00e2timents ou d&rsquo;\u00e9v\u00e9nements accompagn\u00e9 de son chien<\/li>\n<\/ul>\n<\/div>[\/vc_column][\/vc_row][vc_row bg_type=\u00a0\u00bbimage\u00a0\u00bb parallax_style=\u00a0\u00bbvcpb-default\u00a0\u00bb bg_image_new=\u00a0\u00bbid^1603|url^http:\/\/asc-concept.com\/secugris\/wp-content\/uploads\/sites\/104\/2023\/08\/fond-cynophile.jpg|caption^null|alt^null|title^fond-cynophile|description^null\u00a0\u00bb bg_image_repeat=\u00a0\u00bbno-repeat\u00a0\u00bb bg_override=\u00a0\u00bbfull\u00a0\u00bb enable_overlay=\u00a0\u00bbenable_overlay_value\u00a0\u00bb overlay_color=\u00a0\u00bbrgba(33,33,33,0.6)\u00a0\u00bb overlay_pattern=\u00a0\u00bb02.png\u00a0\u00bb css=\u00a0\u00bb.vc_custom_1695047612709{padding-top: 70px !important;padding-bottom: 80px !important;}\u00a0\u00bb][vc_column]<div id=\"ultimate-heading-701169f2888a0d0ba\" class=\"uvc-heading ult-adjust-bottom-margin ultimate-heading-701169f2888a0d0ba uvc-1946 \" data-hspacer=\"no_spacer\"  data-halign=\"left\" style=\"text-align:left\"><div class=\"uvc-heading-spacer no_spacer\" style=\"top\"><\/div><div class=\"uvc-main-heading ult-responsive\"  data-ultimate-target='.uvc-heading.ultimate-heading-701169f2888a0d0ba h2'  data-responsive-json-new='{\"font-size\":\"desktop:32px;\",\"line-height\":\"desktop:42px;\"}' ><h2 style=\"--font-weight:theme;color:#ffffff;margin-bottom:20px;\">Prot\u00e9ger et dissuader<\/h2><\/div><div class=\"uvc-sub-heading ult-responsive\"  data-ultimate-target='.uvc-heading.ultimate-heading-701169f2888a0d0ba .uvc-sub-heading '  data-responsive-json-new='{\"font-size\":\"desktop:18px;\",\"line-height\":\"desktop:30px;\"}'  style=\"font-weight:normal;color:#ffffff;margin-bottom:30px;\">Mauris sed tellus quam. Suspendisse risus nulla, molestie quis risus elementum, viverra viverra ipsum. Nulla aliquam dolor turpis, auctor.<\/div><\/div><style type=\"text\/css\" data-type=\"the7_shortcodes-inline-css\">#default-btn-8babb1ab42b9aa1a6198532abe79e249.ico-right-side > i {\n  margin-right: 0px;\n  margin-left: 8px;\n}\n#default-btn-8babb1ab42b9aa1a6198532abe79e249 > i {\n  margin-right: 8px;\n}<\/style><a href=\"http:\/\/asc-concept.com\/secugris\/contact\/\" class=\"default-btn-shortcode dt-btn dt-btn-m link-hover-off btn-inline-left \" id=\"default-btn-8babb1ab42b9aa1a6198532abe79e249\" title=\"Contact\"><span>Contactez-nous<\/span><\/a>[\/vc_column][\/vc_row]<\/p>\n<\/div>","protected":false},"excerpt":{"rendered":"<p>[vc_row bg_type=\u00a0\u00bbimage\u00a0\u00bb parallax_style=\u00a0\u00bbvcpb-default\u00a0\u00bb bg_image_new=\u00a0\u00bbid^1630|url^http:\/\/asc-concept.com\/secugris\/wp-content\/uploads\/sites\/104\/2023\/08\/bkd-03.png|caption^null|alt^null|title^bkd-03|description^null\u00a0\u00bb bg_image_size=\u00a0\u00bbinitial\u00a0\u00bb bg_override=\u00a0\u00bbfull\u00a0\u00bb css=\u00a0\u00bb.vc_custom_1691675888537{margin-top: 0px !important;margin-bottom: 0px !important;padding-top: 70px !important;}\u00a0\u00bb][vc_column][vc_column_text] S\u00c9CURIT\u00c9 CYNOPHILE [\/vc_column_text][\/vc_column][\/vc_row][vc_row bg_type=\u00a0\u00bbimage\u00a0\u00bb parallax_style=\u00a0\u00bbvcpb-default\u00a0\u00bb bg_image_new=\u00a0\u00bbid^1630|url^http:\/\/asc-concept.com\/secugris\/wp-content\/uploads\/sites\/104\/2023\/08\/bkd-03.png|caption^null|alt^null|title^bkd-03|description^null\u00a0\u00bb bg_image_size=\u00a0\u00bbinitial\u00a0\u00bb bg_override=\u00a0\u00bbfull\u00a0\u00bb type=\u00a0\u00bbvc_default\u00a0\u00bb css=\u00a0\u00bb.vc_custom_1691675924675{padding-bottom: 40px !important;}\u00a0\u00bb][vc_column offset=\u00a0\u00bbvc_col-lg-12 vc_col-md-12 vc_col-xs-12&Prime;][vc_column_text css=\u00a0\u00bb.vc_custom_1693836964862{padding-bottom: 60px !important;}\u00a0\u00bb]En bin\u00f4me avec son animal dress\u00e9 par des professionnels, l\u2019agent cynophile assure des missions de s\u00e9curit\u00e9, de gardiennage et de protection dans des environnements vari\u00e9s.&hellip;<\/p>\n","protected":false},"author":1,"featured_media":0,"parent":27,"menu_order":0,"comment_status":"closed","ping_status":"closed","template":"","meta":{"footnotes":""},"class_list":["post-1574","page","type-page","status-publish","hentry","description-off"],"_links":{"self":[{"href":"http:\/\/asc-concept.com\/secugris\/wp-json\/wp\/v2\/pages\/1574","targetHints":{"allow":["GET"]}}],"collection":[{"href":"http:\/\/asc-concept.com\/secugris\/wp-json\/wp\/v2\/pages"}],"about":[{"href":"http:\/\/asc-concept.com\/secugris\/wp-json\/wp\/v2\/types\/page"}],"author":[{"embeddable":true,"href":"http:\/\/asc-concept.com\/secugris\/wp-json\/wp\/v2\/users\/1"}],"replies":[{"embeddable":true,"href":"http:\/\/asc-concept.com\/secugris\/wp-json\/wp\/v2\/comments?post=1574"}],"version-history":[{"count":0,"href":"http:\/\/asc-concept.com\/secugris\/wp-json\/wp\/v2\/pages\/1574\/revisions"}],"up":[{"embeddable":true,"href":"http:\/\/asc-concept.com\/secugris\/wp-json\/wp\/v2\/pages\/27"}],"wp:attachment":[{"href":"http:\/\/asc-concept.com\/secugris\/wp-json\/wp\/v2\/media?parent=1574"}],"curies":[{"name":"wp","href":"https:\/\/api.w.org\/{rel}","templated":true}]}}