{"id":1591,"date":"2023-08-10T10:09:23","date_gmt":"2023-08-10T08:09:23","guid":{"rendered":"http:\/\/asc-concept.com\/secugris\/?page_id=1591"},"modified":"2023-10-06T19:19:53","modified_gmt":"2023-10-06T17:19:53","slug":"securite-evenementielle","status":"publish","type":"page","link":"http:\/\/asc-concept.com\/secugris\/competences\/securite-evenementielle\/","title":{"rendered":"S\u00e9curit\u00e9 \u00e9v\u00e9nementielle"},"content":{"rendered":"<div class=\"wpb-content-wrapper\"><p>[vc_row type=\u00a0\u00bbvc_default\u00a0\u00bb margin_top=\u00a0\u00bb5&Prime; margin_bottom=\u00a0\u00bb15&Prime; css=\u00a0\u00bb.vc_custom_1493829267800{padding-top: 70px !important;}\u00a0\u00bb][vc_column offset=\u00a0\u00bbvc_col-xs-12&Prime;][vc_column_text]<\/p>\n<h2><span style=\"color: #ffffff;\">AGENT DE S\u00c9CURIT\u00c9<\/span> <span style=\"color: #c3a86c;\">\u00c9V\u00c9MENTIELLE<\/span><\/h2>\n<p>[\/vc_column_text][\/vc_column][\/vc_row][vc_row gap=\u00a0\u00bb35&Prime; type=\u00a0\u00bbvc_default\u00a0\u00bb margin_top=\u00a0\u00bb5&Prime; margin_bottom=\u00a0\u00bb15&Prime; css=\u00a0\u00bb.vc_custom_1696612790793{margin-bottom: 15px !important;}\u00a0\u00bb][vc_column offset=\u00a0\u00bbvc_col-lg-6 vc_col-md-6 vc_col-xs-12&Prime; css=\u00a0\u00bb.vc_custom_1493829169670{padding-bottom: 70px !important;}\u00a0\u00bb]<style type=\"text\/css\" data-type=\"the7_shortcodes-inline-css\">.shortcode-single-image-wrap.shortcode-single-image-54230bb3862b8a6df3c17b11ca3e1e96.enable-bg-rollover .rollover i,\n.shortcode-single-image-wrap.shortcode-single-image-54230bb3862b8a6df3c17b11ca3e1e96.enable-bg-rollover .rollover-video i {\n  background: -webkit-linear-gradient();\n  background: linear-gradient();\n}\n.shortcode-single-image-wrap.shortcode-single-image-54230bb3862b8a6df3c17b11ca3e1e96 .rollover-icon {\n  font-size: 32px;\n  color: #ffffff;\n  min-width: 44px;\n  min-height: 44px;\n  line-height: 44px;\n  border-radius: 100px;\n  border-style: solid;\n  border-width: 0px;\n}\n.dt-icon-bg-on.shortcode-single-image-wrap.shortcode-single-image-54230bb3862b8a6df3c17b11ca3e1e96 .rollover-icon {\n  background: rgba(255,255,255,0.3);\n  box-shadow: none;\n}<\/style><div class=\"shortcode-single-image-wrap shortcode-single-image-54230bb3862b8a6df3c17b11ca3e1e96 alignnone  vc_custom_1691655119426 enable-bg-rollover dt-icon-bg-off\" ><div class=\"shortcode-single-image\"><div class=\"fancy-media-wrap  layzr-bg\" style=\"\"><img fetchpriority=\"high\" decoding=\"async\" class=\"preload-me lazy-load aspect\" src=\"data:image\/svg+xml,%3Csvg%20xmlns%3D&#39;http%3A%2F%2Fwww.w3.org%2F2000%2Fsvg&#39;%20viewBox%3D&#39;0%200%20900%20450&#39;%2F%3E\" data-src=\"http:\/\/asc-concept.com\/secugris\/wp-content\/uploads\/sites\/104\/2023\/08\/agent-evenementiel2.jpg\" data-srcset=\"http:\/\/asc-concept.com\/secugris\/wp-content\/uploads\/sites\/104\/2023\/08\/agent-evenementiel2.jpg 900w\" loading=\"eager\" sizes=\"(max-width: 900px) 100vw, 900px\" width=\"900\" height=\"450\"  data-dt-location=\"http:\/\/asc-concept.com\/secugris\/competences\/securite-evenementielle\/agent-evenementiel2\/\" style=\"--ratio: 900 \/ 450;\" alt=\"\" \/><\/div><\/div><\/div>[vc_column_text]La conception et la r\u00e9alisation d&rsquo;un \u00e9v\u00e9nement fait appel \u00e0 un nombre important, parfois imposant, d&rsquo;\u00e9l\u00e9ments \u00e0 ma\u00eetriser. ARIS S\u00e9curit\u00e9 vous propose d&rsquo;en assurer la s\u00e9curit\u00e9 tant dans la partie pr\u00e9conisation que r\u00e9alisation.<\/p>\n<p>La qualit\u00e9 et le savoir-faire de nos \u00e9quipes en assurent la r\u00e9ussite. La d\u00e9signation d&rsquo;un r\u00e9f\u00e9rent, d&rsquo;un (de) chef(s) d&rsquo;\u00e9quipe et la slection d&rsquo;agents poss\u00e9dant un r\u00e9el v\u00e9cu dans le domaine en est la meilleure garantie.<\/p>\n<p>Une (ou des) r\u00e9union(s) pr\u00e9paratoire(s) permettront de mieux appr\u00e9hender les circonstances de l&rsquo;\u00e9v\u00e9nement, de d\u00e9couvrir le lieu et ses failles s\u00e9curitaires \u00e9ventuelles, de d\u00e9couvrir le public pr\u00e9sent et\/ou les personnes non d\u00e9sir\u00e9es et de d\u00e9finir tous les postes \u00e0 pourvoir.[\/vc_column_text][\/vc_column][vc_column offset=\u00a0\u00bbvc_col-lg-6 vc_col-md-6 vc_col-xs-12&Prime; css=\u00a0\u00bb.vc_custom_1493829183360{padding-bottom: 70px !important;}\u00a0\u00bb][vc_column_text]<\/p>\n<h2><span style=\"color: #ffffff;\">SES<\/span> <span style=\"color: #c3a86c;\">MISSIONS<\/span><\/h2>\n<p>[\/vc_column_text]<div class=\"standard-number-list bullet-top\"><ul>\n<li>S\u00e9curisation de l&rsquo;espace, des infrastructures et des biens,<\/li>\n<li>Gestion des flux,<\/li>\n<li>Contr\u00f4le des entr\u00e9es et des sorties,<\/li>\n<li>Filtrage et palpation,<\/li>\n<li>Accueil, orientation,<\/li>\n<li>S\u00e9curisation des intervenants,<\/li>\n<li>Surveillance des spectateurs,<\/li>\n<li>Gestion des mouvements de foule,<\/li>\n<li>Gestion des conflits,<\/li>\n<li>Assistance aux personnes.<\/li>\n<\/ul>\n<\/div>[vc_column_text css=\u00a0\u00bb.vc_custom_1696612749201{margin-top: 40px !important;}\u00a0\u00bb]<\/p>\n<h2><span style=\"color: #ffffff;\">SECTEURS<\/span> <span style=\"color: #c3a86c;\">D&rsquo;INTERVENTION<\/span><\/h2>\n<p>[\/vc_column_text]<div class=\"standard-arrow list-divider bullet-top\"><ul>\n<li>Rencontres sportives<\/li>\n<li>Cin\u00e9mas, th\u00e9\u00e2tres<\/li>\n<li>Assembl\u00e9es g\u00e9n\u00e9rales<\/li>\n<li>R\u00e9ceptions, soir\u00e9es priv\u00e9es<\/li>\n<li>Concerts<\/li>\n<li>D\u00e9fil\u00e9s de mode<\/li>\n<li>Foires et salons<\/li>\n<\/ul>\n<\/div>[\/vc_column][\/vc_row][vc_row bg_type=\u00a0\u00bbimage\u00a0\u00bb parallax_style=\u00a0\u00bbvcpb-vz-jquery\u00a0\u00bb bg_image_new=\u00a0\u00bbid^1592|url^http:\/\/asc-concept.com\/secugris\/wp-content\/uploads\/sites\/104\/2023\/08\/fond-stade.jpg|caption^null|alt^null|title^fond-stade|description^null\u00a0\u00bb bg_image_repeat=\u00a0\u00bbno-repeat\u00a0\u00bb bg_override=\u00a0\u00bbfull\u00a0\u00bb enable_overlay=\u00a0\u00bbenable_overlay_value\u00a0\u00bb overlay_color=\u00a0\u00bbrgba(33,33,33,0.7)\u00a0\u00bb overlay_pattern=\u00a0\u00bb02.png\u00a0\u00bb overlay_pattern_opacity=\u00a0\u00bb90&Prime; type=\u00a0\u00bbvc_default\u00a0\u00bb css=\u00a0\u00bb.vc_custom_1691654535418{padding-top: 70px !important;padding-bottom: 80px !important;}\u00a0\u00bb][vc_column width=\u00a0\u00bb2\/3&Prime;]<div id=\"ultimate-heading-711169f273e37b863\" class=\"uvc-heading ult-adjust-bottom-margin ultimate-heading-711169f273e37b863 uvc-2094 \" data-hspacer=\"no_spacer\"  data-halign=\"left\" style=\"text-align:left\"><div class=\"uvc-heading-spacer no_spacer\" style=\"top\"><\/div><div class=\"uvc-main-heading ult-responsive\"  data-ultimate-target='.uvc-heading.ultimate-heading-711169f273e37b863 h2'  data-responsive-json-new='{\"font-size\":\"desktop:32px;\",\"line-height\":\"desktop:42px;\"}' ><h2 style=\"--font-weight:theme;color:#ffffff;margin-bottom:20px;\">Vous cr\u00e9ez ou g\u00e9rez un \u00e9v\u00e9nement ?<\/h2><\/div><div class=\"uvc-sub-heading ult-responsive\"  data-ultimate-target='.uvc-heading.ultimate-heading-711169f273e37b863 .uvc-sub-heading '  data-responsive-json-new='{\"font-size\":\"desktop:18px;\",\"line-height\":\"desktop:30px;\"}'  style=\"font-weight:normal;color:#ffffff;margin-bottom:30px;\">Solution globale de s\u00e9curisation des lieux, des biens et des personnes pour la r\u00e9ussite de votre \u00e9v\u00e9nement.<\/div><\/div><style type=\"text\/css\" data-type=\"the7_shortcodes-inline-css\">#default-btn-8babb1ab42b9aa1a6198532abe79e249.ico-right-side > i {\n  margin-right: 0px;\n  margin-left: 8px;\n}\n#default-btn-8babb1ab42b9aa1a6198532abe79e249 > i {\n  margin-right: 8px;\n}<\/style><a href=\"http:\/\/asc-concept.com\/secugris\/contact\/\" class=\"default-btn-shortcode dt-btn dt-btn-m link-hover-off btn-inline-left \" id=\"default-btn-8babb1ab42b9aa1a6198532abe79e249\" title=\"Contact\"><span>Contactez-nous<\/span><\/a>[\/vc_column][\/vc_row]<\/p>\n<\/div>","protected":false},"excerpt":{"rendered":"<p>[vc_row type=\u00a0\u00bbvc_default\u00a0\u00bb margin_top=\u00a0\u00bb5&Prime; margin_bottom=\u00a0\u00bb15&Prime; css=\u00a0\u00bb.vc_custom_1493829267800{padding-top: 70px !important;}\u00a0\u00bb][vc_column offset=\u00a0\u00bbvc_col-xs-12&Prime;][vc_column_text] AGENT DE S\u00c9CURIT\u00c9 \u00c9V\u00c9MENTIELLE [\/vc_column_text][\/vc_column][\/vc_row][vc_row gap=\u00a0\u00bb35&Prime; type=\u00a0\u00bbvc_default\u00a0\u00bb margin_top=\u00a0\u00bb5&Prime; margin_bottom=\u00a0\u00bb15&Prime; css=\u00a0\u00bb.vc_custom_1696612790793{margin-bottom: 15px !important;}\u00a0\u00bb][vc_column offset=\u00a0\u00bbvc_col-lg-6 vc_col-md-6 vc_col-xs-12&Prime; css=\u00a0\u00bb.vc_custom_1493829169670{padding-bottom: 70px !important;}\u00a0\u00bb][vc_column_text]La conception et la r\u00e9alisation d&rsquo;un \u00e9v\u00e9nement fait appel \u00e0 un nombre important, parfois imposant, d&rsquo;\u00e9l\u00e9ments \u00e0 ma\u00eetriser. ARIS S\u00e9curit\u00e9 vous propose d&rsquo;en assurer la s\u00e9curit\u00e9 tant dans la partie&hellip;<\/p>\n","protected":false},"author":1,"featured_media":0,"parent":1346,"menu_order":1,"comment_status":"closed","ping_status":"closed","template":"","meta":{"footnotes":""},"class_list":["post-1591","page","type-page","status-publish","hentry","description-off"],"_links":{"self":[{"href":"http:\/\/asc-concept.com\/secugris\/wp-json\/wp\/v2\/pages\/1591","targetHints":{"allow":["GET"]}}],"collection":[{"href":"http:\/\/asc-concept.com\/secugris\/wp-json\/wp\/v2\/pages"}],"about":[{"href":"http:\/\/asc-concept.com\/secugris\/wp-json\/wp\/v2\/types\/page"}],"author":[{"embeddable":true,"href":"http:\/\/asc-concept.com\/secugris\/wp-json\/wp\/v2\/users\/1"}],"replies":[{"embeddable":true,"href":"http:\/\/asc-concept.com\/secugris\/wp-json\/wp\/v2\/comments?post=1591"}],"version-history":[{"count":0,"href":"http:\/\/asc-concept.com\/secugris\/wp-json\/wp\/v2\/pages\/1591\/revisions"}],"up":[{"embeddable":true,"href":"http:\/\/asc-concept.com\/secugris\/wp-json\/wp\/v2\/pages\/1346"}],"wp:attachment":[{"href":"http:\/\/asc-concept.com\/secugris\/wp-json\/wp\/v2\/media?parent=1591"}],"curies":[{"name":"wp","href":"https:\/\/api.w.org\/{rel}","templated":true}]}}