{"id":1663,"date":"2023-08-10T16:03:42","date_gmt":"2023-08-10T14:03:42","guid":{"rendered":"http:\/\/asc-concept.com\/secugris\/?page_id=1663"},"modified":"2023-08-10T16:03:42","modified_gmt":"2023-08-10T14:03:42","slug":"prevention-securite","status":"publish","type":"page","link":"http:\/\/asc-concept.com\/secugris\/prestations\/prevention-securite\/","title":{"rendered":"Pr\u00e9vention S\u00e9curit\u00e9"},"content":{"rendered":"<div class=\"wpb-content-wrapper\"><p>[vc_row bg_type=\u00a0\u00bbimage\u00a0\u00bb parallax_style=\u00a0\u00bbvcpb-default\u00a0\u00bb bg_image_new=\u00a0\u00bbid^1630|url^http:\/\/asc-concept.com\/secugris\/wp-content\/uploads\/sites\/104\/2023\/08\/bkd-03.png|caption^null|alt^null|title^bkd-03|description^null\u00a0\u00bb bg_image_size=\u00a0\u00bbinitial\u00a0\u00bb bg_override=\u00a0\u00bbfull\u00a0\u00bb css=\u00a0\u00bb.vc_custom_1691675222193{margin-top: 0px !important;margin-bottom: 0px !important;padding-top: 70px !important;}\u00a0\u00bb][vc_column][vc_column_text]<\/p>\n<h2><span style=\"color: #ffffff;\">PR\u00c9VENTION<\/span> <span style=\"color: #c3a86c;\">S\u00c9CURIT\u00c9<\/span><\/h2>\n<p>[\/vc_column_text][\/vc_column][\/vc_row][vc_row bg_type=\u00a0\u00bbimage\u00a0\u00bb parallax_style=\u00a0\u00bbvcpb-default\u00a0\u00bb bg_image_new=\u00a0\u00bbid^1630|url^http:\/\/asc-concept.com\/secugris\/wp-content\/uploads\/sites\/104\/2023\/08\/bkd-03.png|caption^null|alt^null|title^bkd-03|description^null\u00a0\u00bb bg_image_size=\u00a0\u00bbinitial\u00a0\u00bb bg_override=\u00a0\u00bbfull\u00a0\u00bb type=\u00a0\u00bbvc_default\u00a0\u00bb css=\u00a0\u00bb.vc_custom_1691675317379{padding-bottom: 40px !important;}\u00a0\u00bb][vc_column offset=\u00a0\u00bbvc_col-lg-12 vc_col-md-12 vc_col-xs-12&Prime;]<style type=\"text\/css\" data-type=\"the7_shortcodes-inline-css\">.shortcode-single-image-wrap.shortcode-single-image-a40a4288b654ccb43204898047834514.enable-bg-rollover .rollover i,\n.shortcode-single-image-wrap.shortcode-single-image-a40a4288b654ccb43204898047834514.enable-bg-rollover .rollover-video i {\n  background: -webkit-linear-gradient();\n  background: linear-gradient();\n}\n.shortcode-single-image-wrap.shortcode-single-image-a40a4288b654ccb43204898047834514 .rollover-icon {\n  font-size: 32px;\n  color: #ffffff;\n  min-width: 44px;\n  min-height: 44px;\n  line-height: 44px;\n  border-radius: 100px;\n  border-style: solid;\n  border-width: 0px;\n}\n.dt-icon-bg-on.shortcode-single-image-wrap.shortcode-single-image-a40a4288b654ccb43204898047834514 .rollover-icon {\n  background: rgba(255,255,255,0.3);\n  box-shadow: none;\n}<\/style><div class=\"shortcode-single-image-wrap shortcode-single-image-a40a4288b654ccb43204898047834514 alignnone  vc_custom_1691676220699 enable-bg-rollover dt-icon-bg-off\" ><div class=\"shortcode-single-image\"><div class=\"fancy-media-wrap  layzr-bg\" style=\"\"><img fetchpriority=\"high\" decoding=\"async\" class=\"preload-me lazy-load aspect\" src=\"data:image\/svg+xml,%3Csvg%20xmlns%3D&#39;http%3A%2F%2Fwww.w3.org%2F2000%2Fsvg&#39;%20viewBox%3D&#39;0%200%20843%20450&#39;%2F%3E\" data-src=\"http:\/\/asc-concept.com\/secugris\/wp-content\/uploads\/sites\/104\/2023\/08\/prevention-securite-843x450.jpg\" data-srcset=\"http:\/\/asc-concept.com\/secugris\/wp-content\/uploads\/sites\/104\/2023\/08\/prevention-securite-843x450.jpg 843w\" loading=\"eager\" sizes=\"(max-width: 843px) 100vw, 843px\" width=\"843\" height=\"450\"  data-dt-location=\"http:\/\/asc-concept.com\/secugris\/prestations\/prevention-securite\/prevention-securite-2\/\" style=\"--ratio: 843 \/ 450;\" alt=\"\" \/><\/div><\/div><\/div>[vc_column_text css=\u00a0\u00bb.vc_custom_1495190166942{padding-bottom: 60px !important;}\u00a0\u00bb]Cras porta ligula vitae velit ornare interdum. Mauris consectetur mi vitae commodo pellentesque. Maecenas maximus tempus purus, et feugiat lectus efficitur eget.<\/p>\n<p>Sed est tellus, vulputate sit amet justo non, varius malesuada dolor. Nullam ullamcorper, metus non rhoncus placerat, urna purus auctor nibh, non finibus sapien turpis ut mauris. Maecenas nec tellus ultricies, sollicitudin nulla vitae, suscipit dui. Donec hendrerit lacus risus, vel placerat augue gravida eget. Lorem ipsum dolor sit amet, consectetur adipiscing elit.Proin rutrum rhoncus arcu, quis facilisis libero rutrum in. Vivamus diam tellus, efficitur id felis quis, consequat venenatis erat. Etiam tincidunt, tellus eu molestie mollis, diam lorem tincidunt turpis, eu varius augue ipsum et urna.<\/p>\n<p>Ligula vitae velit ornare interdum. Mauris consectetur mi vitae commodo pellentesque. Maecenas maximus tempus purus, et feugiat lectus efficitur eget.[\/vc_column_text]<div id=\"ultimate-heading-322869f2885f9275b\" class=\"uvc-heading ult-adjust-bottom-margin ultimate-heading-322869f2885f9275b uvc-7493 accent-border-color uvc-heading-default-font-sizes\" data-hspacer=\"line_only\"  data-halign=\"left\" style=\"text-align:left\"><div class=\"uvc-main-heading ult-responsive\"  data-ultimate-target='.uvc-heading.ultimate-heading-322869f2885f9275b h2'  data-responsive-json-new='{\"font-size\":\"\",\"line-height\":\"\"}' ><h2 style=\"--font-weight:theme;\">Domaines d'intervention<\/h2><\/div><div class=\"uvc-heading-spacer line_only\" style=\"margin-top:15px;margin-bottom:40px;height:1px;\"><span class=\"uvc-headings-line\" style=\"border-style:solid;border-bottom-width:1px;border-color:;width:50px;\"><\/span><\/div><\/div>[vc_accordion active_tab=\u00a0\u00bbfalse\u00a0\u00bb style=\u00a0\u00bb2&Prime;][vc_accordion_tab title=\u00a0\u00bbNam facilisis ultricies sapien nec pretium\u00a0\u00bb][vc_column_text css=\u00a0\u00bb.vc_custom_1691594209778{background-color: #323232 !important;}\u00a0\u00bb]Cras porta ligula vitae velit ornare interdum. Mauris consectetur mi vitae commodo pellentesque. Maecenas maximus tempus purus, et feugiat lectus efficitur eget.<\/p>\n<p>Sed est tellus, vulputate sit amet justo non, varius malesuada dolor. Nullam ullamcorper, metus non rhoncus placerat, urna purus auctor nibh, non finibus sapien turpis ut mauris. Maecenas nec tellus ultricies, sollicitudin nulla vitae, suscipit dui. Donec hendrerit lacus risus, vel placerat augue gravida eget.[\/vc_column_text][\/vc_accordion_tab][vc_accordion_tab title=\u00a0\u00bbPraesent eleifend bibendum libero\u00a0\u00bb][vc_column_text css=\u00a0\u00bb.vc_custom_1691594247425{background-color: #323232 !important;}\u00a0\u00bb]Mauris consectetur mi vitae commodo pellentesque. Maecenas maximus tempus purus, et feugiat lectus efficitur eget.<\/p>\n<p>Sed est tellus, vulputate sit amet justo non, varius malesuada dolor. Nullam ullamcorper, metus non rhoncus placerat, urna purus auctor nibh, non finibus sapien turpis ut mauris. Maecenas nec tellus ultricies, sollicitudin nulla vitae, suscipit dui.<\/p>\n<p>[\/vc_column_text][\/vc_accordion_tab][vc_accordion_tab title=\u00a0\u00bbVestibulum turpis nibh\u00a0\u00bb][vc_column_text css=\u00a0\u00bb.vc_custom_1691594258542{background-color: #323232 !important;}\u00a0\u00bb]Cras porta ligula vitae velit ornare interdum. Mauris consectetur mi vitae commodo pellentesque. Maecenas maximus tempus purus, et feugiat lectus efficitur eget.<\/p>\n<p>Sed est tellus, vulputate sit amet justo non, varius malesuada dolor. Nullam ullamcorper, metus non rhoncus placerat, urna purus auctor nibh, non finibus sapien turpis ut mauris. Maecenas nec tellus ultricies, sollicitudin nulla vitae, suscipit dui. Donec hendrerit lacus risus, vel placerat augue gravida eget.<\/p>\n<p>[\/vc_column_text][\/vc_accordion_tab][vc_accordion_tab title=\u00a0\u00bbLorem ipsum dolor sit amet\u00a0\u00bb][vc_column_text css=\u00a0\u00bb.vc_custom_1691594269975{background-color: #323232 !important;}\u00a0\u00bb]Cras porta ligula vitae velit ornare interdum. Mauris consectetur mi vitae commodo pellentesque. Maecenas maximus tempus purus, et feugiat lectus efficitur eget. Sed est tellus, vulputate sit amet justo non, varius malesuada dolor. Nullam ullamcorper, metus non rhoncus placerat, urna purus auctor nibh, non finibus sapien turpis ut mauris. Maecenas nec tellus ultricies, sollicitudin nulla vitae, suscipit dui.<\/p>\n<p>[\/vc_column_text][\/vc_accordion_tab][\/vc_accordion][\/vc_column][\/vc_row]<\/p>\n<\/div>","protected":false},"excerpt":{"rendered":"<p>[vc_row bg_type=\u00a0\u00bbimage\u00a0\u00bb parallax_style=\u00a0\u00bbvcpb-default\u00a0\u00bb bg_image_new=\u00a0\u00bbid^1630|url^http:\/\/asc-concept.com\/secugris\/wp-content\/uploads\/sites\/104\/2023\/08\/bkd-03.png|caption^null|alt^null|title^bkd-03|description^null\u00a0\u00bb bg_image_size=\u00a0\u00bbinitial\u00a0\u00bb bg_override=\u00a0\u00bbfull\u00a0\u00bb css=\u00a0\u00bb.vc_custom_1691675222193{margin-top: 0px !important;margin-bottom: 0px !important;padding-top: 70px !important;}\u00a0\u00bb][vc_column][vc_column_text] PR\u00c9VENTION S\u00c9CURIT\u00c9 [\/vc_column_text][\/vc_column][\/vc_row][vc_row bg_type=\u00a0\u00bbimage\u00a0\u00bb parallax_style=\u00a0\u00bbvcpb-default\u00a0\u00bb bg_image_new=\u00a0\u00bbid^1630|url^http:\/\/asc-concept.com\/secugris\/wp-content\/uploads\/sites\/104\/2023\/08\/bkd-03.png|caption^null|alt^null|title^bkd-03|description^null\u00a0\u00bb bg_image_size=\u00a0\u00bbinitial\u00a0\u00bb bg_override=\u00a0\u00bbfull\u00a0\u00bb type=\u00a0\u00bbvc_default\u00a0\u00bb css=\u00a0\u00bb.vc_custom_1691675317379{padding-bottom: 40px !important;}\u00a0\u00bb][vc_column offset=\u00a0\u00bbvc_col-lg-12 vc_col-md-12 vc_col-xs-12&Prime;][vc_column_text css=\u00a0\u00bb.vc_custom_1495190166942{padding-bottom: 60px !important;}\u00a0\u00bb]Cras porta ligula vitae velit ornare interdum. Mauris consectetur mi vitae commodo pellentesque. Maecenas maximus tempus purus, et feugiat lectus efficitur eget. Sed est tellus,&hellip;<\/p>\n","protected":false},"author":1,"featured_media":0,"parent":27,"menu_order":0,"comment_status":"closed","ping_status":"closed","template":"","meta":{"footnotes":""},"class_list":["post-1663","page","type-page","status-publish","hentry","description-off"],"_links":{"self":[{"href":"http:\/\/asc-concept.com\/secugris\/wp-json\/wp\/v2\/pages\/1663","targetHints":{"allow":["GET"]}}],"collection":[{"href":"http:\/\/asc-concept.com\/secugris\/wp-json\/wp\/v2\/pages"}],"about":[{"href":"http:\/\/asc-concept.com\/secugris\/wp-json\/wp\/v2\/types\/page"}],"author":[{"embeddable":true,"href":"http:\/\/asc-concept.com\/secugris\/wp-json\/wp\/v2\/users\/1"}],"replies":[{"embeddable":true,"href":"http:\/\/asc-concept.com\/secugris\/wp-json\/wp\/v2\/comments?post=1663"}],"version-history":[{"count":0,"href":"http:\/\/asc-concept.com\/secugris\/wp-json\/wp\/v2\/pages\/1663\/revisions"}],"up":[{"embeddable":true,"href":"http:\/\/asc-concept.com\/secugris\/wp-json\/wp\/v2\/pages\/27"}],"wp:attachment":[{"href":"http:\/\/asc-concept.com\/secugris\/wp-json\/wp\/v2\/media?parent=1663"}],"curies":[{"name":"wp","href":"https:\/\/api.w.org\/{rel}","templated":true}]}}