{"id":1672,"date":"2023-08-11T09:20:06","date_gmt":"2023-08-11T07:20:06","guid":{"rendered":"http:\/\/asc-concept.com\/secugris\/?page_id=1672"},"modified":"2023-10-06T10:06:57","modified_gmt":"2023-10-06T08:06:57","slug":"mentions-legales","status":"publish","type":"page","link":"http:\/\/asc-concept.com\/secugris\/mentions-legales\/","title":{"rendered":"Mentions l\u00e9gales"},"content":{"rendered":"<div class=\"wpb-content-wrapper\"><p>[vc_row bg_type=\u00a0\u00bbimage\u00a0\u00bb parallax_style=\u00a0\u00bbvcpb-default\u00a0\u00bb bg_image_new=\u00a0\u00bbid^1630|url^http:\/\/asc-concept.com\/secugris\/wp-content\/uploads\/sites\/104\/2023\/08\/bkd-03.png|caption^null|alt^null|title^bkd-03|description^null\u00a0\u00bb bg_image_size=\u00a0\u00bbinitial\u00a0\u00bb bg_override=\u00a0\u00bbfull\u00a0\u00bb type=\u00a0\u00bbvc_default\u00a0\u00bb margin_top=\u00a0\u00bb5&Prime; margin_bottom=\u00a0\u00bb15&Prime; css=\u00a0\u00bb.vc_custom_1691672645442{margin-top: 0px !important;margin-bottom: 0px !important;padding-top: 70px !important;}\u00a0\u00bb][vc_column offset=\u00a0\u00bbvc_col-xs-12&Prime;][vc_column_text]<\/p>\n<h2><span style=\"color: #ffffff;\">MENTIONS<\/span> <span style=\"color: #c3a86c;\">L\u00c9GALES<\/span><\/h2>\n<p>[\/vc_column_text][\/vc_column][\/vc_row][vc_row bg_type=\u00a0\u00bbimage\u00a0\u00bb parallax_style=\u00a0\u00bbvcpb-default\u00a0\u00bb bg_image_new=\u00a0\u00bbid^1630|url^http:\/\/asc-concept.com\/secugris\/wp-content\/uploads\/sites\/104\/2023\/08\/bkd-03.png|caption^null|alt^null|title^bkd-03|description^null\u00a0\u00bb bg_image_size=\u00a0\u00bbinitial\u00a0\u00bb bg_override=\u00a0\u00bbfull\u00a0\u00bb type=\u00a0\u00bbvc_default\u00a0\u00bb margin_top=\u00a0\u00bb5&Prime; margin_bottom=\u00a0\u00bb15&Prime; css=\u00a0\u00bb.vc_custom_1691672744209{margin-bottom: 15px !important;}\u00a0\u00bb][vc_column offset=\u00a0\u00bbvc_col-lg-10 vc_col-md-10 vc_col-xs-12&Prime; css=\u00a0\u00bb.vc_custom_1691737463640{padding-bottom: 70px !important;}\u00a0\u00bb][vc_column_text]Site \u00e9dit\u00e9 par la soci\u00e9t\u00e9 SAS ARIS S\u00c9CURIT\u00c9 PRIV\u00c9E<\/p>\n<table width=\"86%\">\n<tbody>\n<tr>\n<td width=\"24%\">D\u00e9nomination :<\/td>\n<td width=\"74%\">ARIS S\u00c9CURIT\u00c9<\/td>\n<\/tr>\n<tr>\n<td>Site :<\/td>\n<td>www.aris-securite.fr<\/td>\n<\/tr>\n<tr>\n<td>Si\u00e8ge social :<\/td>\n<td>5 rue Pelloutier,<br \/>\n77183 CROISSY BEAUBOURG<\/td>\n<\/tr>\n<tr>\n<td>RCS :<\/td>\n<td>Meaux B 838 448 694<\/td>\n<\/tr>\n<tr>\n<td>T\u00e9l :<\/td>\n<td>01 23 45 67 99<\/td>\n<\/tr>\n<tr>\n<td>Courriel :<\/td>\n<td>contact@aris-securite.fr<\/td>\n<\/tr>\n<\/tbody>\n<\/table>\n<p>&nbsp;<\/p>\n<p>Directeur de la publication : Monsieur Alain BENAVENT[\/vc_column_text][vc_column_text]Site h\u00e9berg\u00e9 par la soci\u00e9t\u00e9 :<\/p>\n<table width=\"86%\">\n<tbody>\n<tr>\n<td width=\"24%\">D\u00e9nomination :<\/td>\n<td width=\"74%\">IONOS SARL<\/td>\n<\/tr>\n<tr>\n<td>Site :<\/td>\n<td>www.ionos.fr\/<\/td>\n<\/tr>\n<tr>\n<td>Si\u00e8ge social :<\/td>\n<td>7 place de la Gare,<br \/>\n57200 SARREGUEMINES<\/td>\n<\/tr>\n<tr>\n<td>RCS :<\/td>\n<td>Sarreguemines B 431303775<\/td>\n<\/tr>\n<\/tbody>\n<\/table>\n<p>[\/vc_column_text][vc_column_text]<strong>INFORMATIONS G\u00c9N\u00c9RALES<br \/>\n<\/strong><\/p>\n<p>L&rsquo;acc\u00e8s ou l&rsquo;exploitation de ce site vaut acceptation des pr\u00e9sentes dispositions (ci-apr\u00e8s d\u00e9nomm\u00e9es Les Conditions)<\/p>\n<p>Le pr\u00e9sent site et les informations, noms, images, photographies, logos et ic\u00f4nes relatifs \u00e0, ou en rapport avec, la soci\u00e9t\u00e9 &lsquo;ARIS S\u00c9CURIT\u00c9 PRIV\u00c9E&rsquo; ou leurs produits et services (ci-apr\u00e8s d\u00e9nomm\u00e9s \u00ab\u00a0les informations\u00a0\u00bb) sont propos\u00e9s \u00ab\u00a0tels quels\u00a0\u00bb et \u00ab\u00a0en fonction des disponibilit\u00e9s\u00a0\u00bb. la soci\u00e9t\u00e9 &lsquo;ARIS S\u00c9CURIT\u00c9 PRIV\u00c9E&rsquo; ne d\u00e9clare ni ne garantit de quelque mani\u00e8re que ce soit, explicitement ou implicitement, que le site r\u00e9pond notamment \u00e0 un besoin particulier, qu&rsquo;il soit commercialisable, qu&rsquo;il soit exact, fiable ou complet. En outre, la soci\u00e9t\u00e9 &lsquo;ARIS S\u00c9CURIT\u00c9 PRIV\u00c9E&rsquo; d\u00e9cline toute responsabilit\u00e9 si le site ou le serveur qui le rend accessible \u00e9tait pourvu d\u2019un virus.<\/p>\n<p>Les publications de ce site peuvent contenir des inexactitudes de nature technique ou autre, ou des erreurs typographiques qui peuvent \u00eatre corrig\u00e9es \u00e0 la seule discr\u00e9tion de la soci\u00e9t\u00e9 &lsquo;ARIS S\u00c9CURIT\u00c9 PRIV\u00c9E&rsquo;. Toute correction et modification peuvent \u00eatre int\u00e9gr\u00e9es ult\u00e9rieurement dans ce site. La soci\u00e9t\u00e9 &lsquo;ARIS S\u00c9CURIT\u00c9 PRIV\u00c9E&rsquo; peut \u00e0 tout moment modifier, am\u00e9liorer et\/ou changer les modalit\u00e9s ou les informations pr\u00e9sent\u00e9es sur ce site ou encore les produits et services auxquels il est fait r\u00e9f\u00e9rence.[\/vc_column_text][vc_column_text]<strong>LIMITE DE RESPONSABILIT\u00c9<\/strong><\/p>\n<p>En aucun cas la soci\u00e9t\u00e9 &lsquo;ARIS S\u00c9CURIT\u00c9 PRIV\u00c9E&rsquo; ou ses cocontractants ne seront tenus pour responsables de tout dommage sp\u00e9cifique, indirect ou direct, ou de tout dommage, quel qu&rsquo;il soit, r\u00e9sultant de l&rsquo;acc\u00e8s au site, de son utilisation, de l&rsquo;impossibilit\u00e9 d&rsquo;y acc\u00e9der, de l&rsquo;utiliser ou encore d\u00e9coulant de tous documents, restrictions ou recommandations et informations pr\u00e9sent\u00e9s sur ce site.[\/vc_column_text][vc_column_text]LIENS<\/p>\n<p>Le pr\u00e9sent Site pourrait contenir des liens ou des r\u00e9f\u00e9rences \u00e0 d&rsquo;autres sites web. Internet \u00e9tant g\u00e9r\u00e9 de fa\u00e7on ind\u00e9pendante \u00e0 travers des milliers de sites dans le monde, les informations auxquelles l&rsquo;utilisateur a acc\u00e8s peuvent avoir une origine ext\u00e9rieure au pr\u00e9sent site et \u00e9chapper par cons\u00e9quent \u00e0 tout contr\u00f4le de &lsquo;ARIS S\u00c9CURIT\u00c9 PRIV\u00c9E&rsquo;. Par cons\u00e9quent, la soci\u00e9t\u00e9 &lsquo;ARIS S\u00c9CURIT\u00c9 PRIV\u00c9E&rsquo; n&rsquo;aura aucune obligation ni aucune responsabilit\u00e9 concernant les contenus disponibles et accessibles sur le Site, par l&rsquo;interm\u00e9diaire du Site ou en dehors du Site. L&rsquo;utilisateur s&rsquo;engage \u00e0 ne pas modifier, int\u00e9grer ni remplacer, en tout ou en partie, les informations pr\u00e9sent\u00e9es par la soci\u00e9t\u00e9 &lsquo;ARIS S\u00c9CURIT\u00c9 PRIV\u00c9E&rsquo; sur le pr\u00e9sent Site. Protection de la propri\u00e9t\u00e9 intellectuelle Les informations pr\u00e9sent\u00e9es sur le pr\u00e9sent Site y compris, de fa\u00e7on non limitative, les textes informatifs, les photographies, les illustrations, les maquettes et tout autre type de mat\u00e9riel graphique, de noms, de logos, de marques de fabrique et autres marques, sont la propri\u00e9t\u00e9 de la soci\u00e9t\u00e9 &lsquo;ARIS S\u00c9CURIT\u00c9 PRIV\u00c9E&rsquo; ou de ses conc\u00e9dants et sont prot\u00e9g\u00e9s par les lois relatives aux droits d&rsquo;auteur, aux marques ainsi que par toute autre loi relative \u00e0 la propri\u00e9t\u00e9 intellectuelle. Lesdits contenus ne pourront \u00eatre affich\u00e9s et imprim\u00e9s que pour l&rsquo;usage personnel et non commercial de l&rsquo;utilisateur. L&rsquo;utilisateur s&rsquo;engage \u00e0 ne pas reproduire, retransmettre, distribuer, diffuser, vendre, publier, diffuser par les ondes ou faire circuler tout \u00e9l\u00e9ment du site de fa\u00e7on \u00e0 le rendre accessible \u00e0 des tiers sans l&rsquo;accord \u00e9crit pr\u00e9alable de la soci\u00e9t\u00e9 &lsquo;ARIS S\u00c9CURIT\u00c9 PRIV\u00c9E&rsquo;. Aucune des pr\u00e9sentes dispositions ne pourra \u00eatre interpr\u00e9t\u00e9e, de fa\u00e7on implicite ou autre, comme conf\u00e9rant une licence ou tous droits de propri\u00e9t\u00e9 intellectuelle, quels qu&rsquo;ils soient, sur lesdites informations, les dites donn\u00e9es, les dits produits ou les dits services, appartenant \u00e0 la soci\u00e9t\u00e9 &lsquo;ARIS S\u00c9CURIT\u00c9 PRIV\u00c9E&rsquo; ou \u00e0 des tiers.[\/vc_column_text][vc_column_text]<strong>REMARQUES ET COMMUNICATIONS<\/strong><\/p>\n<p>Les informations transmises \u00ab\u00a0au site\u00a0\u00bb (par courrier, courrier \u00e9lectronique ou par tout autre moyen) ne pourront \u00eatre consid\u00e9r\u00e9es comme confidentielles. La soci\u00e9t\u00e9 &lsquo;ARIS S\u00c9CURIT\u00c9 PRIV\u00c9E&rsquo; est seule destinataire des informations transmises \u00ab au site \u00bb. Conform\u00e9ment \u00e0 la loi du 06 \/01\/1978 l\u2019internaute dispose d\u2019un droit d\u2019acc\u00e8s, de rectification et d\u2019opposition aux informations le concernant qu\u2019il peut exercer \u00e0 tout moment aupr\u00e8s de :<br \/>\n<strong>Service Communication<\/strong> &#8211; &lsquo;ARIS S\u00c9CURIT\u00c9 PRIV\u00c9E&rsquo;<br \/>\n5 rue Pelloutier,<br \/>\n77183 CROISSY BEAUBOURG<\/p>\n<p>La soci\u00e9t\u00e9 &lsquo;ARIS S\u00c9CURIT\u00c9 PRIV\u00c9E&rsquo; sera ravie de recevoir les remarques des utilisateurs sur le site ainsi que sur ses produits, mais il est bien entendu qu&rsquo;elle ne sollicite aucune suggestion, aucune id\u00e9e ni aucun mat\u00e9riel relatif au d\u00e9veloppement, \u00e0 la conception, \u00e0 la fabrication ou au marketing des dits produits.[\/vc_column_text][vc_column_text]<strong>JURIDICTION COMP\u00c9TENTE<\/strong><br \/>\nLes pr\u00e9sentes Conditions seront r\u00e9gies interpr\u00e9t\u00e9es et appliqu\u00e9es selon la loi fran\u00e7aise, sauf indication contraire affich\u00e9e sur le site. Tout litige r\u00e9sultant de l&rsquo;interpr\u00e9tation et de l&rsquo;application des dites Conditions sera de la comp\u00e9tence exclusive des Tribunaux de Meaux, sauf indication contraire affich\u00e9e sur le site.[\/vc_column_text][\/vc_column][\/vc_row]<\/p>\n<\/div>","protected":false},"excerpt":{"rendered":"<p>[vc_row bg_type=\u00a0\u00bbimage\u00a0\u00bb parallax_style=\u00a0\u00bbvcpb-default\u00a0\u00bb bg_image_new=\u00a0\u00bbid^1630|url^http:\/\/asc-concept.com\/secugris\/wp-content\/uploads\/sites\/104\/2023\/08\/bkd-03.png|caption^null|alt^null|title^bkd-03|description^null\u00a0\u00bb bg_image_size=\u00a0\u00bbinitial\u00a0\u00bb bg_override=\u00a0\u00bbfull\u00a0\u00bb type=\u00a0\u00bbvc_default\u00a0\u00bb margin_top=\u00a0\u00bb5&Prime; margin_bottom=\u00a0\u00bb15&Prime; css=\u00a0\u00bb.vc_custom_1691672645442{margin-top: 0px !important;margin-bottom: 0px !important;padding-top: 70px !important;}\u00a0\u00bb][vc_column offset=\u00a0\u00bbvc_col-xs-12&Prime;][vc_column_text] MENTIONS L\u00c9GALES [\/vc_column_text][\/vc_column][\/vc_row][vc_row bg_type=\u00a0\u00bbimage\u00a0\u00bb parallax_style=\u00a0\u00bbvcpb-default\u00a0\u00bb bg_image_new=\u00a0\u00bbid^1630|url^http:\/\/asc-concept.com\/secugris\/wp-content\/uploads\/sites\/104\/2023\/08\/bkd-03.png|caption^null|alt^null|title^bkd-03|description^null\u00a0\u00bb bg_image_size=\u00a0\u00bbinitial\u00a0\u00bb bg_override=\u00a0\u00bbfull\u00a0\u00bb type=\u00a0\u00bbvc_default\u00a0\u00bb margin_top=\u00a0\u00bb5&Prime; margin_bottom=\u00a0\u00bb15&Prime; css=\u00a0\u00bb.vc_custom_1691672744209{margin-bottom: 15px !important;}\u00a0\u00bb][vc_column offset=\u00a0\u00bbvc_col-lg-10 vc_col-md-10 vc_col-xs-12&Prime; css=\u00a0\u00bb.vc_custom_1691737463640{padding-bottom: 70px !important;}\u00a0\u00bb][vc_column_text]Site \u00e9dit\u00e9 par la soci\u00e9t\u00e9 SAS ARIS S\u00c9CURIT\u00c9 PRIV\u00c9E D\u00e9nomination : ARIS S\u00c9CURIT\u00c9 Site : www.aris-securite.fr Si\u00e8ge social :&hellip;<\/p>\n","protected":false},"author":1,"featured_media":0,"parent":0,"menu_order":1,"comment_status":"closed","ping_status":"closed","template":"","meta":{"footnotes":""},"class_list":["post-1672","page","type-page","status-publish","hentry","description-off"],"_links":{"self":[{"href":"http:\/\/asc-concept.com\/secugris\/wp-json\/wp\/v2\/pages\/1672","targetHints":{"allow":["GET"]}}],"collection":[{"href":"http:\/\/asc-concept.com\/secugris\/wp-json\/wp\/v2\/pages"}],"about":[{"href":"http:\/\/asc-concept.com\/secugris\/wp-json\/wp\/v2\/types\/page"}],"author":[{"embeddable":true,"href":"http:\/\/asc-concept.com\/secugris\/wp-json\/wp\/v2\/users\/1"}],"replies":[{"embeddable":true,"href":"http:\/\/asc-concept.com\/secugris\/wp-json\/wp\/v2\/comments?post=1672"}],"version-history":[{"count":0,"href":"http:\/\/asc-concept.com\/secugris\/wp-json\/wp\/v2\/pages\/1672\/revisions"}],"wp:attachment":[{"href":"http:\/\/asc-concept.com\/secugris\/wp-json\/wp\/v2\/media?parent=1672"}],"curies":[{"name":"wp","href":"https:\/\/api.w.org\/{rel}","templated":true}]}}