{"id":308,"date":"2016-06-28T01:40:45","date_gmt":"2016-06-28T00:40:45","guid":{"rendered":"https:\/\/the7.io\/construction\/?page_id=308"},"modified":"2024-04-06T08:44:17","modified_gmt":"2024-04-06T06:44:17","slug":"contact","status":"publish","type":"page","link":"http:\/\/asc-concept.com\/secugris\/contact\/","title":{"rendered":"Contact"},"content":{"rendered":"<div class=\"wpb-content-wrapper\"><p>[vc_row bg_type=\u00a0\u00bbimage\u00a0\u00bb parallax_style=\u00a0\u00bbvcpb-default\u00a0\u00bb bg_image_new=\u00a0\u00bbid^1630|url^http:\/\/asc-concept.com\/secugris\/wp-content\/uploads\/sites\/104\/2023\/08\/bkd-03.png|caption^null|alt^null|title^bkd-03|description^null\u00a0\u00bb bg_image_size=\u00a0\u00bbinitial\u00a0\u00bb bg_override=\u00a0\u00bbfull\u00a0\u00bb css=\u00a0\u00bb.vc_custom_1712330639445{margin-top: 0px !important;margin-bottom: 0px !important;padding-top: 70px !important;}\u00a0\u00bb][vc_column][vc_column_text]<\/p>\n<h2><span style=\"color: #1a4698;\">CONTACTEZ<\/span> <span style=\"color: #ee1d23;\">NOUS<\/span><\/h2>\n<p>[\/vc_column_text][\/vc_column][\/vc_row][vc_row content_placement=\u00a0\u00bbtop\u00a0\u00bb bg_type=\u00a0\u00bbimage\u00a0\u00bb parallax_style=\u00a0\u00bbvcpb-default\u00a0\u00bb bg_image_new=\u00a0\u00bbid^1630|url^http:\/\/asc-concept.com\/secugris\/wp-content\/uploads\/sites\/104\/2023\/08\/bkd-03.png|caption^null|alt^null|title^bkd-03|description^null\u00a0\u00bb bg_image_size=\u00a0\u00bbinitial\u00a0\u00bb bg_override=\u00a0\u00bbfull\u00a0\u00bb type=\u00a0\u00bbvc_default\u00a0\u00bb css=\u00a0\u00bb.vc_custom_1691671098409{padding-bottom: 40px !important;}\u00a0\u00bb][vc_column width=\u00a0\u00bb1\/2&Prime; offset=\u00a0\u00bbvc_col-lg-4 vc_col-md-4&Prime;][vc_column_text]ARIS S\u00e9curit\u00e9 est \u00e0 votre \u00e9coute pour toute question ou compl\u00e9ment d&rsquo;information.<\/p>\n<p>Nous apportons un soin tout particulier \u00e0 la qualit\u00e9 de nos prestations, gage de notre s\u00e9rieux et de nos comp\u00e9tences. Cette pr\u00e9occupation est constante de notre part et toutes vos suggestions en la mati\u00e8re seront accueillies et \u00e9tudi\u00e9es avec le plus vif int\u00e9r\u00eat.[\/vc_column_text][\/vc_column][vc_column width=\u00a0\u00bb1\/2&Prime; offset=\u00a0\u00bbvc_col-lg-4 vc_col-md-4&Prime;]<style type=\"text\/css\" data-type=\"the7_shortcodes-inline-css\">.icon-with-text-shortcode.icon-text-id-cc070566f28efc3375f9ac7053b8a42c .text-icon {\n  width: 24px;\n  height: 24px;\n  line-height: 24px;\n  font-size: 24px;\n  border-radius: 0px;\n  margin: 0px 10px 10px 0px;\n}\n.icon-with-text-shortcode.icon-text-id-cc070566f28efc3375f9ac7053b8a42c .text-icon .icon-inner {\n  min-width: 24px;\n  min-height: 24px;\n  border-radius: 0px;\n}\n@media all and (-ms-high-contrast: none) {\n  .icon-with-text-shortcode.icon-text-id-cc070566f28efc3375f9ac7053b8a42c .text-icon .icon-inner {\n    height: 24px;\n  }\n}\n.icon-with-text-shortcode.icon-text-id-cc070566f28efc3375f9ac7053b8a42c .text-icon .dt-hover-icon {\n  line-height: 24px;\n}\n.icon-with-text-shortcode.icon-text-id-cc070566f28efc3375f9ac7053b8a42c .text-icon:before,\n.icon-with-text-shortcode.icon-text-id-cc070566f28efc3375f9ac7053b8a42c .text-icon:after,\n.icon-with-text-shortcode.icon-text-id-cc070566f28efc3375f9ac7053b8a42c .text-icon .icon-inner:before,\n.icon-with-text-shortcode.icon-text-id-cc070566f28efc3375f9ac7053b8a42c .text-icon .icon-inner:after {\n  min-width: 100%;\n  min-height: 100%;\n  padding: inherit;\n  border-radius: inherit;\n}\n.icon-with-text-shortcode.icon-text-id-cc070566f28efc3375f9ac7053b8a42c .text-icon.dt-icon-border-on:before {\n  border-width: 0px;\n  border-style: solid;\n}\n.dt-icon-border-dashed.icon-with-text-shortcode.icon-text-id-cc070566f28efc3375f9ac7053b8a42c .text-icon.dt-icon-border-on:before {\n  border-style: dashed;\n}\n.dt-icon-border-dotted.icon-with-text-shortcode.icon-text-id-cc070566f28efc3375f9ac7053b8a42c .text-icon.dt-icon-border-on:before {\n  border-style: dotted;\n}\n.dt-icon-border-double.icon-with-text-shortcode.icon-text-id-cc070566f28efc3375f9ac7053b8a42c .text-icon.dt-icon-border-on:before {\n  border-style: double;\n}\n.icon-with-text-shortcode.icon-text-id-cc070566f28efc3375f9ac7053b8a42c .text-icon.dt-icon-border-dashed.dt-icon-border-on:before {\n  border-style: dashed;\n}\n.icon-with-text-shortcode.icon-text-id-cc070566f28efc3375f9ac7053b8a42c .text-icon.dt-icon-border-dotted.dt-icon-border-on:before {\n  border-style: dotted;\n}\n.icon-with-text-shortcode.icon-text-id-cc070566f28efc3375f9ac7053b8a42c .text-icon.dt-icon-border-double.dt-icon-border-on:before {\n  border-style: double;\n}\n.icon-with-text-shortcode.icon-text-id-cc070566f28efc3375f9ac7053b8a42c .text-icon.dt-icon-hover-border-on:after {\n  border-width: 0px;\n  border-style: solid;\n}\n.icon-with-text-shortcode.icon-text-id-cc070566f28efc3375f9ac7053b8a42c .text-icon.dt-icon-border-dashed.dt-icon-hover-border-on:after {\n  border-style: dashed;\n}\n.icon-with-text-shortcode.icon-text-id-cc070566f28efc3375f9ac7053b8a42c .text-icon.dt-icon-border-dotted.dt-icon-hover-border-on:after {\n  border-style: dotted;\n}\n.icon-with-text-shortcode.icon-text-id-cc070566f28efc3375f9ac7053b8a42c .text-icon.dt-icon-border-double.dt-icon-hover-border-on:after {\n  border-style: double;\n}\n.icon-with-text-shortcode.icon-text-id-cc070566f28efc3375f9ac7053b8a42c .text-icon.dt-icon-hover-on:hover {\n  font-size: 24px;\n}\n#page .icon-with-text-shortcode.icon-text-id-cc070566f28efc3375f9ac7053b8a42c .text-icon.dt-icon-hover-on:hover .soc-font-icon,\n#phantom .icon-with-text-shortcode.icon-text-id-cc070566f28efc3375f9ac7053b8a42c .text-icon.dt-icon-hover-on:hover .soc-font-icon,\n#page .icon-with-text-shortcode.icon-text-id-cc070566f28efc3375f9ac7053b8a42c .text-icon.dt-icon-hover-on:hover .soc-icon,\n#phantom .icon-with-text-shortcode.icon-text-id-cc070566f28efc3375f9ac7053b8a42c .text-icon.dt-icon-hover-on:hover .soc-icon {\n  color: #fff;\n  background: none;\n}\n.icon-with-text-shortcode.icon-text-id-cc070566f28efc3375f9ac7053b8a42c.layout-1 {\n  grid-template-columns: 24px minmax(0,1fr);\n  grid-column-gap: 10px;\n}\n.icon-with-text-shortcode.icon-text-id-cc070566f28efc3375f9ac7053b8a42c.layout-2 {\n  grid-template-columns: minmax(0,1fr) 24px;\n  grid-column-gap: 0px;\n}\n.icon-with-text-shortcode.icon-text-id-cc070566f28efc3375f9ac7053b8a42c.layout-2 .text-icon {\n  margin-left: 0;\n}\n.icon-with-text-shortcode.icon-text-id-cc070566f28efc3375f9ac7053b8a42c.layout-3 {\n  grid-template-columns: 24px minmax(0,1fr);\n}\n.icon-with-text-shortcode.icon-text-id-cc070566f28efc3375f9ac7053b8a42c.layout-3 .dt-text-title {\n  margin-left: 10px;\n}\n.icon-with-text-shortcode.icon-text-id-cc070566f28efc3375f9ac7053b8a42c .dt-text-title {\n  margin-bottom: 10px;\n}\n.icon-with-text-shortcode.icon-text-id-cc070566f28efc3375f9ac7053b8a42c .dt-text-desc {\n  margin-bottom: 0px;\n  font-size: 16px;\n  line-height: 28px;\n}<\/style><div class=\"icon-with-text-shortcode  icon-text-id-cc070566f28efc3375f9ac7053b8a42c layout-3  vc_custom_1712330548678 \" ><span   class=\"text-icon dt-icon-bg-off dt-icon-hover-off\" ><span class=\"icon-inner\"><i class=\"dt-regular-icon soc-icon icomoon-the7-font-the7-map-07\"><\/i><i class=\"dt-hover-icon soc-icon icomoon-the7-font-the7-map-07\"><\/i><\/span><\/span><h5 class=\"dt-text-title\"  >Adresse<\/h5><div class=\"dt-text-desc\">5 rue Pelloutier,<br \/>\n77183 Croissy Beaubourg<\/div><\/div><style type=\"text\/css\" data-type=\"the7_shortcodes-inline-css\">.icon-with-text-shortcode.icon-text-id-bbfdcf65bab8fde7a9a8a53fb34f027b .text-icon {\n  width: 24px;\n  height: 24px;\n  line-height: 24px;\n  font-size: 24px;\n  border-radius: 0px;\n  margin: 0px 10px 10px 0px;\n}\n.icon-with-text-shortcode.icon-text-id-bbfdcf65bab8fde7a9a8a53fb34f027b .text-icon .icon-inner {\n  min-width: 24px;\n  min-height: 24px;\n  border-radius: 0px;\n}\n@media all and (-ms-high-contrast: none) {\n  .icon-with-text-shortcode.icon-text-id-bbfdcf65bab8fde7a9a8a53fb34f027b .text-icon .icon-inner {\n    height: 24px;\n  }\n}\n.icon-with-text-shortcode.icon-text-id-bbfdcf65bab8fde7a9a8a53fb34f027b .text-icon .dt-hover-icon {\n  line-height: 24px;\n}\n.icon-with-text-shortcode.icon-text-id-bbfdcf65bab8fde7a9a8a53fb34f027b .text-icon:before,\n.icon-with-text-shortcode.icon-text-id-bbfdcf65bab8fde7a9a8a53fb34f027b .text-icon:after,\n.icon-with-text-shortcode.icon-text-id-bbfdcf65bab8fde7a9a8a53fb34f027b .text-icon .icon-inner:before,\n.icon-with-text-shortcode.icon-text-id-bbfdcf65bab8fde7a9a8a53fb34f027b .text-icon .icon-inner:after {\n  min-width: 100%;\n  min-height: 100%;\n  padding: inherit;\n  border-radius: inherit;\n}\n.icon-with-text-shortcode.icon-text-id-bbfdcf65bab8fde7a9a8a53fb34f027b .text-icon.dt-icon-border-on:before {\n  border-width: 0px;\n  border-style: solid;\n}\n.dt-icon-border-dashed.icon-with-text-shortcode.icon-text-id-bbfdcf65bab8fde7a9a8a53fb34f027b .text-icon.dt-icon-border-on:before {\n  border-style: dashed;\n}\n.dt-icon-border-dotted.icon-with-text-shortcode.icon-text-id-bbfdcf65bab8fde7a9a8a53fb34f027b .text-icon.dt-icon-border-on:before {\n  border-style: dotted;\n}\n.dt-icon-border-double.icon-with-text-shortcode.icon-text-id-bbfdcf65bab8fde7a9a8a53fb34f027b .text-icon.dt-icon-border-on:before {\n  border-style: double;\n}\n.icon-with-text-shortcode.icon-text-id-bbfdcf65bab8fde7a9a8a53fb34f027b .text-icon.dt-icon-border-dashed.dt-icon-border-on:before {\n  border-style: dashed;\n}\n.icon-with-text-shortcode.icon-text-id-bbfdcf65bab8fde7a9a8a53fb34f027b .text-icon.dt-icon-border-dotted.dt-icon-border-on:before {\n  border-style: dotted;\n}\n.icon-with-text-shortcode.icon-text-id-bbfdcf65bab8fde7a9a8a53fb34f027b .text-icon.dt-icon-border-double.dt-icon-border-on:before {\n  border-style: double;\n}\n.icon-with-text-shortcode.icon-text-id-bbfdcf65bab8fde7a9a8a53fb34f027b .text-icon.dt-icon-hover-border-on:after {\n  border-width: 0px;\n  border-style: solid;\n}\n.icon-with-text-shortcode.icon-text-id-bbfdcf65bab8fde7a9a8a53fb34f027b .text-icon.dt-icon-border-dashed.dt-icon-hover-border-on:after {\n  border-style: dashed;\n}\n.icon-with-text-shortcode.icon-text-id-bbfdcf65bab8fde7a9a8a53fb34f027b .text-icon.dt-icon-border-dotted.dt-icon-hover-border-on:after {\n  border-style: dotted;\n}\n.icon-with-text-shortcode.icon-text-id-bbfdcf65bab8fde7a9a8a53fb34f027b .text-icon.dt-icon-border-double.dt-icon-hover-border-on:after {\n  border-style: double;\n}\n.icon-with-text-shortcode.icon-text-id-bbfdcf65bab8fde7a9a8a53fb34f027b .text-icon.dt-icon-hover-on:hover {\n  font-size: 24px;\n}\n#page .icon-with-text-shortcode.icon-text-id-bbfdcf65bab8fde7a9a8a53fb34f027b .text-icon.dt-icon-hover-on:hover .soc-font-icon,\n#phantom .icon-with-text-shortcode.icon-text-id-bbfdcf65bab8fde7a9a8a53fb34f027b .text-icon.dt-icon-hover-on:hover .soc-font-icon,\n#page .icon-with-text-shortcode.icon-text-id-bbfdcf65bab8fde7a9a8a53fb34f027b .text-icon.dt-icon-hover-on:hover .soc-icon,\n#phantom .icon-with-text-shortcode.icon-text-id-bbfdcf65bab8fde7a9a8a53fb34f027b .text-icon.dt-icon-hover-on:hover .soc-icon {\n  color: #fff;\n  background: none;\n}\n.icon-with-text-shortcode.icon-text-id-bbfdcf65bab8fde7a9a8a53fb34f027b.layout-1 {\n  grid-template-columns: 24px minmax(0,1fr);\n  grid-column-gap: 10px;\n}\n.icon-with-text-shortcode.icon-text-id-bbfdcf65bab8fde7a9a8a53fb34f027b.layout-2 {\n  grid-template-columns: minmax(0,1fr) 24px;\n  grid-column-gap: 0px;\n}\n.icon-with-text-shortcode.icon-text-id-bbfdcf65bab8fde7a9a8a53fb34f027b.layout-2 .text-icon {\n  margin-left: 0;\n}\n.icon-with-text-shortcode.icon-text-id-bbfdcf65bab8fde7a9a8a53fb34f027b.layout-3 {\n  grid-template-columns: 24px minmax(0,1fr);\n}\n.icon-with-text-shortcode.icon-text-id-bbfdcf65bab8fde7a9a8a53fb34f027b.layout-3 .dt-text-title {\n  margin-left: 10px;\n}\n.icon-with-text-shortcode.icon-text-id-bbfdcf65bab8fde7a9a8a53fb34f027b .dt-text-title {\n  margin-bottom: 10px;\n}\n.icon-with-text-shortcode.icon-text-id-bbfdcf65bab8fde7a9a8a53fb34f027b .dt-text-desc {\n  margin-bottom: 0px;\n  font-size: 16px;\n  line-height: 28px;\n}<\/style><div class=\"icon-with-text-shortcode  icon-text-id-bbfdcf65bab8fde7a9a8a53fb34f027b layout-3  vc_custom_1712330582049 \" ><span   class=\"text-icon dt-icon-bg-off dt-icon-hover-off\" ><span class=\"icon-inner\"><i class=\"dt-regular-icon soc-icon icomoon-the7-font-the7-phone-04\"><\/i><i class=\"dt-hover-icon soc-icon icomoon-the7-font-the7-phone-04\"><\/i><\/span><\/span><h5 class=\"dt-text-title\"  >T\u00e9l\u00e9phone<\/h5><div class=\"dt-text-desc\">(+33) 9.82.56.44.53<\/div><\/div><style type=\"text\/css\" data-type=\"the7_shortcodes-inline-css\">.icon-with-text-shortcode.icon-text-id-cc56789b23fb9218183210972e65e071 .text-icon {\n  width: 24px;\n  height: 24px;\n  line-height: 24px;\n  font-size: 24px;\n  border-radius: 0px;\n  margin: 0px 10px 10px 0px;\n}\n.icon-with-text-shortcode.icon-text-id-cc56789b23fb9218183210972e65e071 .text-icon .icon-inner {\n  min-width: 24px;\n  min-height: 24px;\n  border-radius: 0px;\n}\n@media all and (-ms-high-contrast: none) {\n  .icon-with-text-shortcode.icon-text-id-cc56789b23fb9218183210972e65e071 .text-icon .icon-inner {\n    height: 24px;\n  }\n}\n.icon-with-text-shortcode.icon-text-id-cc56789b23fb9218183210972e65e071 .text-icon .dt-hover-icon {\n  line-height: 24px;\n}\n.icon-with-text-shortcode.icon-text-id-cc56789b23fb9218183210972e65e071 .text-icon:before,\n.icon-with-text-shortcode.icon-text-id-cc56789b23fb9218183210972e65e071 .text-icon:after,\n.icon-with-text-shortcode.icon-text-id-cc56789b23fb9218183210972e65e071 .text-icon .icon-inner:before,\n.icon-with-text-shortcode.icon-text-id-cc56789b23fb9218183210972e65e071 .text-icon .icon-inner:after {\n  min-width: 100%;\n  min-height: 100%;\n  padding: inherit;\n  border-radius: inherit;\n}\n.icon-with-text-shortcode.icon-text-id-cc56789b23fb9218183210972e65e071 .text-icon.dt-icon-border-on:before {\n  border-width: 0px;\n  border-style: solid;\n}\n.dt-icon-border-dashed.icon-with-text-shortcode.icon-text-id-cc56789b23fb9218183210972e65e071 .text-icon.dt-icon-border-on:before {\n  border-style: dashed;\n}\n.dt-icon-border-dotted.icon-with-text-shortcode.icon-text-id-cc56789b23fb9218183210972e65e071 .text-icon.dt-icon-border-on:before {\n  border-style: dotted;\n}\n.dt-icon-border-double.icon-with-text-shortcode.icon-text-id-cc56789b23fb9218183210972e65e071 .text-icon.dt-icon-border-on:before {\n  border-style: double;\n}\n.icon-with-text-shortcode.icon-text-id-cc56789b23fb9218183210972e65e071 .text-icon.dt-icon-border-dashed.dt-icon-border-on:before {\n  border-style: dashed;\n}\n.icon-with-text-shortcode.icon-text-id-cc56789b23fb9218183210972e65e071 .text-icon.dt-icon-border-dotted.dt-icon-border-on:before {\n  border-style: dotted;\n}\n.icon-with-text-shortcode.icon-text-id-cc56789b23fb9218183210972e65e071 .text-icon.dt-icon-border-double.dt-icon-border-on:before {\n  border-style: double;\n}\n.icon-with-text-shortcode.icon-text-id-cc56789b23fb9218183210972e65e071 .text-icon.dt-icon-hover-border-on:after {\n  border-width: 0px;\n  border-style: solid;\n}\n.icon-with-text-shortcode.icon-text-id-cc56789b23fb9218183210972e65e071 .text-icon.dt-icon-border-dashed.dt-icon-hover-border-on:after {\n  border-style: dashed;\n}\n.icon-with-text-shortcode.icon-text-id-cc56789b23fb9218183210972e65e071 .text-icon.dt-icon-border-dotted.dt-icon-hover-border-on:after {\n  border-style: dotted;\n}\n.icon-with-text-shortcode.icon-text-id-cc56789b23fb9218183210972e65e071 .text-icon.dt-icon-border-double.dt-icon-hover-border-on:after {\n  border-style: double;\n}\n.icon-with-text-shortcode.icon-text-id-cc56789b23fb9218183210972e65e071 .text-icon.dt-icon-hover-on:hover {\n  font-size: 24px;\n}\n#page .icon-with-text-shortcode.icon-text-id-cc56789b23fb9218183210972e65e071 .text-icon.dt-icon-hover-on:hover .soc-font-icon,\n#phantom .icon-with-text-shortcode.icon-text-id-cc56789b23fb9218183210972e65e071 .text-icon.dt-icon-hover-on:hover .soc-font-icon,\n#page .icon-with-text-shortcode.icon-text-id-cc56789b23fb9218183210972e65e071 .text-icon.dt-icon-hover-on:hover .soc-icon,\n#phantom .icon-with-text-shortcode.icon-text-id-cc56789b23fb9218183210972e65e071 .text-icon.dt-icon-hover-on:hover .soc-icon {\n  color: #fff;\n  background: none;\n}\n.icon-with-text-shortcode.icon-text-id-cc56789b23fb9218183210972e65e071.layout-1 {\n  grid-template-columns: 24px minmax(0,1fr);\n  grid-column-gap: 10px;\n}\n.icon-with-text-shortcode.icon-text-id-cc56789b23fb9218183210972e65e071.layout-2 {\n  grid-template-columns: minmax(0,1fr) 24px;\n  grid-column-gap: 0px;\n}\n.icon-with-text-shortcode.icon-text-id-cc56789b23fb9218183210972e65e071.layout-2 .text-icon {\n  margin-left: 0;\n}\n.icon-with-text-shortcode.icon-text-id-cc56789b23fb9218183210972e65e071.layout-3 {\n  grid-template-columns: 24px minmax(0,1fr);\n}\n.icon-with-text-shortcode.icon-text-id-cc56789b23fb9218183210972e65e071.layout-3 .dt-text-title {\n  margin-left: 10px;\n}\n.icon-with-text-shortcode.icon-text-id-cc56789b23fb9218183210972e65e071 .dt-text-title {\n  margin-bottom: 10px;\n}\n.icon-with-text-shortcode.icon-text-id-cc56789b23fb9218183210972e65e071 .dt-text-desc {\n  margin-bottom: 0px;\n  font-size: 16px;\n  line-height: 28px;\n}<\/style><div class=\"icon-with-text-shortcode  icon-text-id-cc56789b23fb9218183210972e65e071 layout-3  vc_custom_1712062052287 \" ><span   class=\"text-icon dt-icon-bg-off dt-icon-hover-off\" ><span class=\"icon-inner\"><i class=\"dt-regular-icon soc-icon icomoon-the7-font-the7-mail-08\"><\/i><i class=\"dt-hover-icon soc-icon icomoon-the7-font-the7-mail-08\"><\/i><\/span><\/span><h5 class=\"dt-text-title\"  >Email<\/h5><div class=\"dt-text-desc\">contact@aris-securite.fr<\/div><\/div>[\/vc_column][vc_column width=\u00a0\u00bb1\/2&Prime; offset=\u00a0\u00bbvc_col-lg-4 vc_col-md-4&Prime;]\n<div class=\"wpcf7 no-js\" id=\"wpcf7-f4-o1\" lang=\"en-GB\" dir=\"ltr\" data-wpcf7-id=\"4\">\n<div class=\"screen-reader-response\"><p role=\"status\" aria-live=\"polite\" aria-atomic=\"true\"><\/p> <ul><\/ul><\/div>\n<form action=\"\/secugris\/wp-json\/wp\/v2\/pages\/308#wpcf7-f4-o1\" method=\"post\" class=\"wpcf7-form init demo\" aria-label=\"Formulaire de contact\" novalidate=\"novalidate\" data-status=\"init\">\n<fieldset class=\"hidden-fields-container\"><input type=\"hidden\" name=\"_wpcf7\" value=\"4\" \/><input type=\"hidden\" name=\"_wpcf7_version\" value=\"6.1.5\" \/><input type=\"hidden\" name=\"_wpcf7_locale\" value=\"en_GB\" \/><input type=\"hidden\" name=\"_wpcf7_unit_tag\" value=\"wpcf7-f4-o1\" \/><input type=\"hidden\" name=\"_wpcf7_container_post\" value=\"0\" \/><input type=\"hidden\" name=\"_wpcf7_posted_data_hash\" value=\"\" \/>\n<\/fieldset>\n<p>Votre nom*\n<\/p>\n<p><span class=\"wpcf7-form-control-wrap\" data-name=\"your-name\"><input size=\"40\" maxlength=\"400\" class=\"wpcf7-form-control wpcf7-text wpcf7-validates-as-required\" aria-required=\"true\" aria-invalid=\"false\" value=\"\" type=\"text\" name=\"your-name\" \/><\/span>\n<\/p>\n<p>Votre mail*\n<\/p>\n<p><span class=\"wpcf7-form-control-wrap\" data-name=\"your-email\"><input size=\"40\" maxlength=\"400\" class=\"wpcf7-form-control wpcf7-email wpcf7-validates-as-required wpcf7-text wpcf7-validates-as-email\" aria-required=\"true\" aria-invalid=\"false\" value=\"\" type=\"email\" name=\"your-email\" \/><\/span>\n<\/p>\n<p>Votre Message\n<\/p>\n<p><span class=\"wpcf7-form-control-wrap\" data-name=\"your-message\"><textarea cols=\"40\" rows=\"10\" maxlength=\"2000\" class=\"wpcf7-form-control wpcf7-textarea\" aria-invalid=\"false\" name=\"your-message\"><\/textarea><\/span>\n<\/p>\n<p><input class=\"wpcf7-form-control wpcf7-submit has-spinner\" type=\"submit\" value=\"ENVOYER\" \/>\n<\/p><div class=\"wpcf7-response-output\" aria-hidden=\"true\"><\/div>\n<\/form>\n<\/div>\n[\/vc_column][\/vc_row][vc_row gap=\u00a0\u00bb30&Prime; equal_height=\u00a0\u00bbyes\u00a0\u00bb bg_type=\u00a0\u00bbimage\u00a0\u00bb parallax_style=\u00a0\u00bbvcpb-default\u00a0\u00bb bg_image_new=\u00a0\u00bbid^1630|url^http:\/\/asc-concept.com\/secugris\/wp-content\/uploads\/sites\/104\/2023\/08\/bkd-03.png|caption^null|alt^null|title^bkd-03|description^null\u00a0\u00bb bg_image_size=\u00a0\u00bbinitial\u00a0\u00bb bg_override=\u00a0\u00bbfull\u00a0\u00bb type=\u00a0\u00bbvc_default\u00a0\u00bb css=\u00a0\u00bb.vc_custom_1691671136498{padding-right: 25px !important;padding-bottom: 40px !important;padding-left: 25px !important;}\u00a0\u00bb][vc_column css=\u00a0\u00bb.vc_custom_1691166908224{margin-bottom: 30px !important;padding-top: 30px !important;padding-bottom: 40px !important;}\u00a0\u00bb offset=\u00a0\u00bbvc_col-lg-offset-0 vc_col-md-offset-0 vc_col-sm-offset-0&Prime;][vc_gmaps link=\u00a0\u00bb#E-8_JTNDaWZyYW1lJTIwc3JjJTNEJTIyaHR0cHMlM0ElMkYlMkZ3d3cuZ29vZ2xlLmNvbSUyRm1hcHMlMkZlbWJlZCUzRnBiJTNEJTIxMW0xOCUyMTFtMTIlMjExbTMlMjExZDI2MjYuNjY3ODMyMjMxMTA2MyUyMTJkMi42Mjg2NTY2NzU3NjIyOTM2JTIxM2Q0OC44MjYzOTg5MDI5NTgyNSUyMTJtMyUyMTFmMCUyMTJmMCUyMTNmMCUyMTNtMiUyMTFpMTAyNCUyMTJpNzY4JTIxNGYxMy4xJTIxM20zJTIxMW0yJTIxMXMweDQ3ZTYwZjhiYjBjYWY0NWYlMjUzQTB4ZWQ2NTUzMDFkYjQ3ZjU1NyUyMTJzNSUyNTIwUnVlJTI1MjBQZWxsb3V0aWVyJTI1MkMlMjUyMDc3MTgzJTI1MjBDcm9pc3N5LUJlYXVib3VyZyUyMTVlMCUyMTNtMiUyMTFzZnIlMjEyc2ZyJTIxNHYxNjkxNDAxMjAwMjQwJTIxNW0yJTIxMXNmciUyMTJzZnIlMjIlMjB3aWR0aCUzRCUyMjYwMCUyMiUyMGhlaWdodCUzRCUyMjQ1MCUyMiUyMHN0eWxlJTNEJTIyYm9yZGVyJTNBMCUzQiUyMiUyMGFsbG93ZnVsbHNjcmVlbiUzRCUyMiUyMiUyMGxvYWRpbmclM0QlMjJsYXp5JTIyJTIwcmVmZXJyZXJwb2xpY3klM0QlMjJuby1yZWZlcnJlci13aGVuLWRvd25ncmFkZSUyMiUzRSUzQyUyRmlmcmFtZSUzRQ==\u00a0\u00bb][\/vc_column][\/vc_row]<\/p>\n<\/div>","protected":false},"excerpt":{"rendered":"<p>[vc_row bg_type=\u00a0\u00bbimage\u00a0\u00bb parallax_style=\u00a0\u00bbvcpb-default\u00a0\u00bb bg_image_new=\u00a0\u00bbid^1630|url^http:\/\/asc-concept.com\/secugris\/wp-content\/uploads\/sites\/104\/2023\/08\/bkd-03.png|caption^null|alt^null|title^bkd-03|description^null\u00a0\u00bb bg_image_size=\u00a0\u00bbinitial\u00a0\u00bb bg_override=\u00a0\u00bbfull\u00a0\u00bb css=\u00a0\u00bb.vc_custom_1712330639445{margin-top: 0px !important;margin-bottom: 0px !important;padding-top: 70px !important;}\u00a0\u00bb][vc_column][vc_column_text] CONTACTEZ NOUS [\/vc_column_text][\/vc_column][\/vc_row][vc_row content_placement=\u00a0\u00bbtop\u00a0\u00bb bg_type=\u00a0\u00bbimage\u00a0\u00bb parallax_style=\u00a0\u00bbvcpb-default\u00a0\u00bb bg_image_new=\u00a0\u00bbid^1630|url^http:\/\/asc-concept.com\/secugris\/wp-content\/uploads\/sites\/104\/2023\/08\/bkd-03.png|caption^null|alt^null|title^bkd-03|description^null\u00a0\u00bb bg_image_size=\u00a0\u00bbinitial\u00a0\u00bb bg_override=\u00a0\u00bbfull\u00a0\u00bb type=\u00a0\u00bbvc_default\u00a0\u00bb css=\u00a0\u00bb.vc_custom_1691671098409{padding-bottom: 40px !important;}\u00a0\u00bb][vc_column width=\u00a0\u00bb1\/2&Prime; offset=\u00a0\u00bbvc_col-lg-4 vc_col-md-4&Prime;][vc_column_text]ARIS S\u00e9curit\u00e9 est \u00e0 votre \u00e9coute pour toute question ou compl\u00e9ment d&rsquo;information. Nous apportons un soin tout particulier \u00e0 la qualit\u00e9 de nos prestations, gage de notre&hellip;<\/p>\n","protected":false},"author":1,"featured_media":0,"parent":0,"menu_order":4,"comment_status":"closed","ping_status":"closed","template":"","meta":{"footnotes":""},"class_list":["post-308","page","type-page","status-publish","hentry","description-off"],"_links":{"self":[{"href":"http:\/\/asc-concept.com\/secugris\/wp-json\/wp\/v2\/pages\/308","targetHints":{"allow":["GET"]}}],"collection":[{"href":"http:\/\/asc-concept.com\/secugris\/wp-json\/wp\/v2\/pages"}],"about":[{"href":"http:\/\/asc-concept.com\/secugris\/wp-json\/wp\/v2\/types\/page"}],"author":[{"embeddable":true,"href":"http:\/\/asc-concept.com\/secugris\/wp-json\/wp\/v2\/users\/1"}],"replies":[{"embeddable":true,"href":"http:\/\/asc-concept.com\/secugris\/wp-json\/wp\/v2\/comments?post=308"}],"version-history":[{"count":3,"href":"http:\/\/asc-concept.com\/secugris\/wp-json\/wp\/v2\/pages\/308\/revisions"}],"predecessor-version":[{"id":1862,"href":"http:\/\/asc-concept.com\/secugris\/wp-json\/wp\/v2\/pages\/308\/revisions\/1862"}],"wp:attachment":[{"href":"http:\/\/asc-concept.com\/secugris\/wp-json\/wp\/v2\/media?parent=308"}],"curies":[{"name":"wp","href":"https:\/\/api.w.org\/{rel}","templated":true}]}}